{"id":3089,"date":"2023-10-13T15:27:20","date_gmt":"2023-10-13T14:27:20","guid":{"rendered":"https:\/\/littlecity.ch\/shop\/?post_type=product&#038;p=3089"},"modified":"2023-12-19T16:47:42","modified_gmt":"2023-12-19T15:47:42","slug":"pino-achat-blatt-armband-silber-hand-made","status":"publish","type":"product","link":"https:\/\/littlecity.ch\/shop\/product\/pino-achat-blatt-armband-silber-hand-made\/","title":{"rendered":"Pino Achat Blatt Armband silber | Hand Made"},"content":{"rendered":"<p><strong>Material:<\/strong> 925er Sterling Silver &amp; Stein<\/p>\n<p><strong>Steine:<\/strong> Halbedelstein Achat, grau<\/p>\n<p><strong>Verschluss:<\/strong> Keiner, das Armband ist auf ein elastisches Band aufgezogen<\/p>\n<p><strong>Gr\u00f6sse: <\/strong>Das Armband ist ideal f\u00fcr Handgelenke mit einem Umfang zwischen 14.5 cm \u2013 16 cm (eng anliegend gemessen). Individuelle Gr\u00f6ssen k\u00f6nnen bei Verf\u00fcgbarkeit des Materials auf Anfrage produziert werden (Mail an valeria@littlecity.ch mit Produktwunsch &amp; Umfang des Handgelenkes).<strong><br \/>\n<\/strong><\/p>\n<p><strong>Gr\u00f6sse Kugeln:<\/strong> 6 mm<\/p>\n<p><strong>Hinweis<\/strong>: Stein ist ein Naturprodukt und kann in Farbe, Form oder Struktur von der Abbildung abweichen. Daf\u00fcr ist jedes Produkt ein Unikat. Das elastische Band kann sich mit der Zeit etwas weiten, das ist ein ganz normaler Prozess.<\/p>\n<p>Das Produkt wird in einer h\u00fcbschen Schmuckverpackung aus weissem Stoff und schwarzem Band inkl. Silberputztuch geliefert.<\/p>\n<p><em>Kostenlose Lieferung innerhalb der Schweiz<\/em><\/p>\n","protected":false},"excerpt":{"rendered":"<p>Wundersch\u00f6nes, hochwertiges Steinarmband mit dem Halbedelstein Achat in grau, Sterling Silver Elementen und filigranem Blatt Anh\u00e4nger.<\/p>\n<p><strong>Bedeutung Achat:\u00a0<\/strong> Der Schutzstein steht u.a. f\u00fcr mentale Klarheit, Selbstbewusstsein und Selbstvertrauen<span class=\"ILfuVd rjOVwe\"><span class=\"hgKElc\">. Ausserdem soll er zum Abbau von Stress verhelfen und eine beruhigende Wirkung haben.<\/span><\/span><\/p>\n<p>LittleCITY Design. Das Produkt wird liebevoll von Hand in der Schweiz hergestellt.<\/p>\n","protected":false},"featured_media":3090,"comment_status":"open","ping_status":"closed","template":"","meta":[],"product_cat":[17,83,16],"product_tag":[20,23,70],"yoast_head":"<!-- This site is optimized with the Yoast SEO plugin v21.4 - https:\/\/yoast.com\/wordpress\/plugins\/seo\/ -->\n<title>Pino Achat Blatt Armband silber | Hand Made - LittleCITY Online Shop<\/title>\n<meta name=\"description\" content=\"Hochwertiges, handgemachtes Armband aus Botswana-Achat, ros\u00e9gold sowie einem filigranen Flugzeug Anh\u00e4nger. Hergestellt in der Schweiz!\" \/>\n<meta name=\"robots\" content=\"index, follow, max-snippet:-1, max-image-preview:large, max-video-preview:-1\" \/>\n<link rel=\"canonical\" href=\"https:\/\/littlecity.ch\/shop\/product\/pino-achat-blatt-armband-silber-hand-made\/\" \/>\n<meta property=\"og:locale\" content=\"de_DE\" \/>\n<meta property=\"og:type\" content=\"article\" \/>\n<meta property=\"og:title\" content=\"Pino Achat Blatt Armband silber | Hand Made - LittleCITY Online Shop\" \/>\n<meta property=\"og:description\" content=\"Hochwertiges, handgemachtes Armband aus Botswana-Achat, ros\u00e9gold sowie einem filigranen Flugzeug Anh\u00e4nger. Hergestellt in der Schweiz!\" \/>\n<meta property=\"og:url\" content=\"https:\/\/littlecity.ch\/shop\/product\/pino-achat-blatt-armband-silber-hand-made\/\" \/>\n<meta property=\"og:site_name\" content=\"LittleCITY Online Shop\" \/>\n<meta property=\"article:modified_time\" content=\"2023-12-19T15:47:42+00:00\" \/>\n<meta property=\"og:image\" content=\"https:\/\/littlecity.ch\/shop\/wp-content\/uploads\/2023\/10\/Achat-Steinarmband-Silber-Blatt-Anhaenger-1.jpg\" \/>\n\t<meta property=\"og:image:width\" content=\"1920\" \/>\n\t<meta property=\"og:image:height\" content=\"1920\" \/>\n\t<meta property=\"og:image:type\" content=\"image\/jpeg\" \/>\n<meta name=\"twitter:card\" content=\"summary_large_image\" \/>\n<meta name=\"twitter:label1\" content=\"Gesch\u00e4tzte Lesezeit\" \/>\n\t<meta name=\"twitter:data1\" content=\"1\u00a0Minute\" \/>\n<script type=\"application\/ld+json\" class=\"yoast-schema-graph\">{\"@context\":\"https:\/\/schema.org\",\"@graph\":[{\"@type\":\"WebPage\",\"@id\":\"https:\/\/littlecity.ch\/shop\/product\/pino-achat-blatt-armband-silber-hand-made\/\",\"url\":\"https:\/\/littlecity.ch\/shop\/product\/pino-achat-blatt-armband-silber-hand-made\/\",\"name\":\"Pino Achat Blatt Armband silber | Hand Made - LittleCITY Online Shop\",\"isPartOf\":{\"@id\":\"https:\/\/littlecity.ch\/shop\/#website\"},\"datePublished\":\"2023-10-13T14:27:20+00:00\",\"dateModified\":\"2023-12-19T15:47:42+00:00\",\"description\":\"Hochwertiges, handgemachtes Armband aus Botswana-Achat, ros\u00e9gold sowie einem filigranen Flugzeug Anh\u00e4nger. Hergestellt in der Schweiz!\",\"breadcrumb\":{\"@id\":\"https:\/\/littlecity.ch\/shop\/product\/pino-achat-blatt-armband-silber-hand-made\/#breadcrumb\"},\"inLanguage\":\"de\",\"potentialAction\":[{\"@type\":\"ReadAction\",\"target\":[\"https:\/\/littlecity.ch\/shop\/product\/pino-achat-blatt-armband-silber-hand-made\/\"]}]},{\"@type\":\"BreadcrumbList\",\"@id\":\"https:\/\/littlecity.ch\/shop\/product\/pino-achat-blatt-armband-silber-hand-made\/#breadcrumb\",\"itemListElement\":[{\"@type\":\"ListItem\",\"position\":1,\"name\":\"Startseite\",\"item\":\"https:\/\/littlecity.ch\/shop\/\"},{\"@type\":\"ListItem\",\"position\":2,\"name\":\"\u00dcbersicht\",\"item\":\"https:\/\/littlecity.ch\/shop\/uebersicht\/\"},{\"@type\":\"ListItem\",\"position\":3,\"name\":\"Pino Achat Blatt Armband silber | Hand Made\"}]},{\"@type\":\"WebSite\",\"@id\":\"https:\/\/littlecity.ch\/shop\/#website\",\"url\":\"https:\/\/littlecity.ch\/shop\/\",\"name\":\"LittleCITY Online Shop\",\"description\":\"Shop f\u00fcr Reise Schmuck und Schweizer Uhren\",\"potentialAction\":[{\"@type\":\"SearchAction\",\"target\":{\"@type\":\"EntryPoint\",\"urlTemplate\":\"https:\/\/littlecity.ch\/shop\/?s={search_term_string}\"},\"query-input\":\"required name=search_term_string\"}],\"inLanguage\":\"de\"}]}<\/script>\n<!-- \/ Yoast SEO plugin. -->","yoast_head_json":{"title":"Pino Achat Blatt Armband silber | Hand Made - LittleCITY Online Shop","description":"Hochwertiges, handgemachtes Armband aus Botswana-Achat, ros\u00e9gold sowie einem filigranen Flugzeug Anh\u00e4nger. Hergestellt in der Schweiz!","robots":{"index":"index","follow":"follow","max-snippet":"max-snippet:-1","max-image-preview":"max-image-preview:large","max-video-preview":"max-video-preview:-1"},"canonical":"https:\/\/littlecity.ch\/shop\/product\/pino-achat-blatt-armband-silber-hand-made\/","og_locale":"de_DE","og_type":"article","og_title":"Pino Achat Blatt Armband silber | Hand Made - LittleCITY Online Shop","og_description":"Hochwertiges, handgemachtes Armband aus Botswana-Achat, ros\u00e9gold sowie einem filigranen Flugzeug Anh\u00e4nger. Hergestellt in der Schweiz!","og_url":"https:\/\/littlecity.ch\/shop\/product\/pino-achat-blatt-armband-silber-hand-made\/","og_site_name":"LittleCITY Online Shop","article_modified_time":"2023-12-19T15:47:42+00:00","og_image":[{"width":1920,"height":1920,"url":"https:\/\/littlecity.ch\/shop\/wp-content\/uploads\/2023\/10\/Achat-Steinarmband-Silber-Blatt-Anhaenger-1.jpg","type":"image\/jpeg"}],"twitter_card":"summary_large_image","twitter_misc":{"Gesch\u00e4tzte Lesezeit":"1\u00a0Minute"},"schema":{"@context":"https:\/\/schema.org","@graph":[{"@type":"WebPage","@id":"https:\/\/littlecity.ch\/shop\/product\/pino-achat-blatt-armband-silber-hand-made\/","url":"https:\/\/littlecity.ch\/shop\/product\/pino-achat-blatt-armband-silber-hand-made\/","name":"Pino Achat Blatt Armband silber | Hand Made - LittleCITY Online Shop","isPartOf":{"@id":"https:\/\/littlecity.ch\/shop\/#website"},"datePublished":"2023-10-13T14:27:20+00:00","dateModified":"2023-12-19T15:47:42+00:00","description":"Hochwertiges, handgemachtes Armband aus Botswana-Achat, ros\u00e9gold sowie einem filigranen Flugzeug Anh\u00e4nger. Hergestellt in der Schweiz!","breadcrumb":{"@id":"https:\/\/littlecity.ch\/shop\/product\/pino-achat-blatt-armband-silber-hand-made\/#breadcrumb"},"inLanguage":"de","potentialAction":[{"@type":"ReadAction","target":["https:\/\/littlecity.ch\/shop\/product\/pino-achat-blatt-armband-silber-hand-made\/"]}]},{"@type":"BreadcrumbList","@id":"https:\/\/littlecity.ch\/shop\/product\/pino-achat-blatt-armband-silber-hand-made\/#breadcrumb","itemListElement":[{"@type":"ListItem","position":1,"name":"Startseite","item":"https:\/\/littlecity.ch\/shop\/"},{"@type":"ListItem","position":2,"name":"\u00dcbersicht","item":"https:\/\/littlecity.ch\/shop\/uebersicht\/"},{"@type":"ListItem","position":3,"name":"Pino Achat Blatt Armband silber | Hand Made"}]},{"@type":"WebSite","@id":"https:\/\/littlecity.ch\/shop\/#website","url":"https:\/\/littlecity.ch\/shop\/","name":"LittleCITY Online Shop","description":"Shop f\u00fcr Reise Schmuck und Schweizer Uhren","potentialAction":[{"@type":"SearchAction","target":{"@type":"EntryPoint","urlTemplate":"https:\/\/littlecity.ch\/shop\/?s={search_term_string}"},"query-input":"required name=search_term_string"}],"inLanguage":"de"}]}},"_links":{"self":[{"href":"https:\/\/littlecity.ch\/shop\/wp-json\/wp\/v2\/product\/3089"}],"collection":[{"href":"https:\/\/littlecity.ch\/shop\/wp-json\/wp\/v2\/product"}],"about":[{"href":"https:\/\/littlecity.ch\/shop\/wp-json\/wp\/v2\/types\/product"}],"replies":[{"embeddable":true,"href":"https:\/\/littlecity.ch\/shop\/wp-json\/wp\/v2\/comments?post=3089"}],"wp:featuredmedia":[{"embeddable":true,"href":"https:\/\/littlecity.ch\/shop\/wp-json\/wp\/v2\/media\/3090"}],"wp:attachment":[{"href":"https:\/\/littlecity.ch\/shop\/wp-json\/wp\/v2\/media?parent=3089"}],"wp:term":[{"taxonomy":"product_cat","embeddable":true,"href":"https:\/\/littlecity.ch\/shop\/wp-json\/wp\/v2\/product_cat?post=3089"},{"taxonomy":"product_tag","embeddable":true,"href":"https:\/\/littlecity.ch\/shop\/wp-json\/wp\/v2\/product_tag?post=3089"}],"curies":[{"name":"wp","href":"https:\/\/api.w.org\/{rel}","templated":true}]}}