{"id":2840,"date":"2021-07-20T20:44:44","date_gmt":"2021-07-20T19:44:44","guid":{"rendered":"https:\/\/littlecity.ch\/shop\/?post_type=product&#038;p=2840"},"modified":"2025-11-26T19:36:22","modified_gmt":"2025-11-26T18:36:22","slug":"seilbahn-gondel-halskette-silber","status":"publish","type":"product","link":"https:\/\/littlecity.ch\/shop\/product\/seilbahn-gondel-halskette-silber\/","title":{"rendered":"Seilbahn Gondel Halskette Silber | Swiss Design"},"content":{"rendered":"<p><strong>Material:<\/strong> 925er Sterling Silber mit Anlaufschutz<\/p>\n<p><strong>L\u00e4nge:<\/strong> 46cm + 3cm Verl\u00e4ngerung<\/p>\n<p><strong>Anh\u00e4nger Durchmesser:<\/strong> 1,6 cm<\/p>\n<p><strong>Verschluss:<\/strong> Karabiner<\/p>\n<p><strong>Hinweis<\/strong>: Sterling Silber kann durch das in der Luft enthaltene Schwefel anlaufen, das ist ganz normal. Silberschmuck am besten mit dem mitgelieferten Silberputztuch regelm\u00e4ssig reinigen. Am wenigsten l\u00e4uft Silber an, wenn das Schmuckst\u00fcck getragen oder luftdicht eingepackt gelagert wird. Bitte nicht im Badezimmer aufbewahren.<\/p>\n<p>Das Produkt wird in einer h\u00fcbschen Schmuckverpackung aus weissem Stoff und schwarzem Band inkl. Silberputztuch geliefert.<\/p>\n<p><em>Kostenlose Lieferung innerhalb der Schweiz<\/em><\/p>\n","protected":false},"excerpt":{"rendered":"<p>Hochwertige Halskette aus 925er Sterling Silver mit Seilbahn Gondel Anh\u00e4nger. Perfekt f\u00fcr Bergliebhaber, Wanderfreunde und Abenteurer! Und nat\u00fcrlich auch ein beliebtes Geschenk f\u00fcr alle Outdoor Fans. Die Form des Anh\u00e4ngers entspricht der alten Brunni-Seilbahngondel aus Engelberg, welche nun als Tiny House Gondel in Betrieb ist.<\/p>\n<p><em>Swiss Design by LittleCITY, hergestellt in Italien<\/em><\/p>\n","protected":false},"featured_media":2842,"comment_status":"open","ping_status":"closed","template":"","meta":[],"product_cat":[83,27,16],"product_tag":[97,99,85,28,98,90,91],"yoast_head":"<!-- This site is optimized with the Yoast SEO plugin v21.4 - https:\/\/yoast.com\/wordpress\/plugins\/seo\/ -->\n<title>Seilbahn Gondel Anh\u00e4nger Halskette - Sterling Silver | LittleCITY Collection Z\u00fcrich<\/title>\n<meta name=\"description\" content=\"Wundersch\u00f6ne Helskette auf 925er Sterling Silver mit hochwertigem Seilbahn Gondel Anh\u00e4nger f\u00fcr alle Abenteurer &amp; Bergliebhaber. SWISS Design. Jetzt entdecken!\" \/>\n<meta name=\"robots\" content=\"index, follow, max-snippet:-1, max-image-preview:large, max-video-preview:-1\" \/>\n<link rel=\"canonical\" href=\"https:\/\/littlecity.ch\/shop\/product\/seilbahn-gondel-halskette-silber\/\" \/>\n<meta property=\"og:locale\" content=\"de_DE\" \/>\n<meta property=\"og:type\" content=\"article\" \/>\n<meta property=\"og:title\" content=\"Seilbahn Gondel Anh\u00e4nger Halskette - Sterling Silver | LittleCITY Collection Z\u00fcrich\" \/>\n<meta property=\"og:description\" content=\"Wundersch\u00f6ne Helskette auf 925er Sterling Silver mit hochwertigem Seilbahn Gondel Anh\u00e4nger f\u00fcr alle Abenteurer &amp; Bergliebhaber. SWISS Design. Jetzt entdecken!\" \/>\n<meta property=\"og:url\" content=\"https:\/\/littlecity.ch\/shop\/product\/seilbahn-gondel-halskette-silber\/\" \/>\n<meta property=\"og:site_name\" content=\"LittleCITY Online Shop\" \/>\n<meta property=\"article:modified_time\" content=\"2025-11-26T18:36:22+00:00\" \/>\n<meta property=\"og:image\" content=\"https:\/\/littlecity.ch\/shop\/wp-content\/uploads\/2021\/07\/Seilbahn-Gondel-Anhaenger-Halskette-LittleCITY-2.jpg\" \/>\n\t<meta property=\"og:image:width\" content=\"1920\" \/>\n\t<meta property=\"og:image:height\" content=\"1920\" \/>\n\t<meta property=\"og:image:type\" content=\"image\/jpeg\" \/>\n<meta name=\"twitter:card\" content=\"summary_large_image\" \/>\n<meta name=\"twitter:label1\" content=\"Gesch\u00e4tzte Lesezeit\" \/>\n\t<meta name=\"twitter:data1\" content=\"1\u00a0Minute\" \/>\n<script type=\"application\/ld+json\" class=\"yoast-schema-graph\">{\"@context\":\"https:\/\/schema.org\",\"@graph\":[{\"@type\":\"WebPage\",\"@id\":\"https:\/\/littlecity.ch\/shop\/product\/seilbahn-gondel-halskette-silber\/\",\"url\":\"https:\/\/littlecity.ch\/shop\/product\/seilbahn-gondel-halskette-silber\/\",\"name\":\"Seilbahn Gondel Anh\u00e4nger Halskette - Sterling Silver | LittleCITY Collection Z\u00fcrich\",\"isPartOf\":{\"@id\":\"https:\/\/littlecity.ch\/shop\/#website\"},\"datePublished\":\"2021-07-20T19:44:44+00:00\",\"dateModified\":\"2025-11-26T18:36:22+00:00\",\"description\":\"Wundersch\u00f6ne Helskette auf 925er Sterling Silver mit hochwertigem Seilbahn Gondel Anh\u00e4nger f\u00fcr alle Abenteurer & Bergliebhaber. SWISS Design. Jetzt entdecken!\",\"breadcrumb\":{\"@id\":\"https:\/\/littlecity.ch\/shop\/product\/seilbahn-gondel-halskette-silber\/#breadcrumb\"},\"inLanguage\":\"de\",\"potentialAction\":[{\"@type\":\"ReadAction\",\"target\":[\"https:\/\/littlecity.ch\/shop\/product\/seilbahn-gondel-halskette-silber\/\"]}]},{\"@type\":\"BreadcrumbList\",\"@id\":\"https:\/\/littlecity.ch\/shop\/product\/seilbahn-gondel-halskette-silber\/#breadcrumb\",\"itemListElement\":[{\"@type\":\"ListItem\",\"position\":1,\"name\":\"Startseite\",\"item\":\"https:\/\/littlecity.ch\/shop\/\"},{\"@type\":\"ListItem\",\"position\":2,\"name\":\"\u00dcbersicht\",\"item\":\"https:\/\/littlecity.ch\/shop\/uebersicht\/\"},{\"@type\":\"ListItem\",\"position\":3,\"name\":\"Seilbahn Gondel Halskette Silber | Swiss Design\"}]},{\"@type\":\"WebSite\",\"@id\":\"https:\/\/littlecity.ch\/shop\/#website\",\"url\":\"https:\/\/littlecity.ch\/shop\/\",\"name\":\"LittleCITY Online Shop\",\"description\":\"Shop f\u00fcr Reise Schmuck und Schweizer Uhren\",\"potentialAction\":[{\"@type\":\"SearchAction\",\"target\":{\"@type\":\"EntryPoint\",\"urlTemplate\":\"https:\/\/littlecity.ch\/shop\/?s={search_term_string}\"},\"query-input\":\"required name=search_term_string\"}],\"inLanguage\":\"de\"}]}<\/script>\n<!-- \/ Yoast SEO plugin. -->","yoast_head_json":{"title":"Seilbahn Gondel Anh\u00e4nger Halskette - Sterling Silver | LittleCITY Collection Z\u00fcrich","description":"Wundersch\u00f6ne Helskette auf 925er Sterling Silver mit hochwertigem Seilbahn Gondel Anh\u00e4nger f\u00fcr alle Abenteurer & Bergliebhaber. SWISS Design. Jetzt entdecken!","robots":{"index":"index","follow":"follow","max-snippet":"max-snippet:-1","max-image-preview":"max-image-preview:large","max-video-preview":"max-video-preview:-1"},"canonical":"https:\/\/littlecity.ch\/shop\/product\/seilbahn-gondel-halskette-silber\/","og_locale":"de_DE","og_type":"article","og_title":"Seilbahn Gondel Anh\u00e4nger Halskette - Sterling Silver | LittleCITY Collection Z\u00fcrich","og_description":"Wundersch\u00f6ne Helskette auf 925er Sterling Silver mit hochwertigem Seilbahn Gondel Anh\u00e4nger f\u00fcr alle Abenteurer & Bergliebhaber. SWISS Design. Jetzt entdecken!","og_url":"https:\/\/littlecity.ch\/shop\/product\/seilbahn-gondel-halskette-silber\/","og_site_name":"LittleCITY Online Shop","article_modified_time":"2025-11-26T18:36:22+00:00","og_image":[{"width":1920,"height":1920,"url":"https:\/\/littlecity.ch\/shop\/wp-content\/uploads\/2021\/07\/Seilbahn-Gondel-Anhaenger-Halskette-LittleCITY-2.jpg","type":"image\/jpeg"}],"twitter_card":"summary_large_image","twitter_misc":{"Gesch\u00e4tzte Lesezeit":"1\u00a0Minute"},"schema":{"@context":"https:\/\/schema.org","@graph":[{"@type":"WebPage","@id":"https:\/\/littlecity.ch\/shop\/product\/seilbahn-gondel-halskette-silber\/","url":"https:\/\/littlecity.ch\/shop\/product\/seilbahn-gondel-halskette-silber\/","name":"Seilbahn Gondel Anh\u00e4nger Halskette - Sterling Silver | LittleCITY Collection Z\u00fcrich","isPartOf":{"@id":"https:\/\/littlecity.ch\/shop\/#website"},"datePublished":"2021-07-20T19:44:44+00:00","dateModified":"2025-11-26T18:36:22+00:00","description":"Wundersch\u00f6ne Helskette auf 925er Sterling Silver mit hochwertigem Seilbahn Gondel Anh\u00e4nger f\u00fcr alle Abenteurer & Bergliebhaber. SWISS Design. Jetzt entdecken!","breadcrumb":{"@id":"https:\/\/littlecity.ch\/shop\/product\/seilbahn-gondel-halskette-silber\/#breadcrumb"},"inLanguage":"de","potentialAction":[{"@type":"ReadAction","target":["https:\/\/littlecity.ch\/shop\/product\/seilbahn-gondel-halskette-silber\/"]}]},{"@type":"BreadcrumbList","@id":"https:\/\/littlecity.ch\/shop\/product\/seilbahn-gondel-halskette-silber\/#breadcrumb","itemListElement":[{"@type":"ListItem","position":1,"name":"Startseite","item":"https:\/\/littlecity.ch\/shop\/"},{"@type":"ListItem","position":2,"name":"\u00dcbersicht","item":"https:\/\/littlecity.ch\/shop\/uebersicht\/"},{"@type":"ListItem","position":3,"name":"Seilbahn Gondel Halskette Silber | Swiss Design"}]},{"@type":"WebSite","@id":"https:\/\/littlecity.ch\/shop\/#website","url":"https:\/\/littlecity.ch\/shop\/","name":"LittleCITY Online Shop","description":"Shop f\u00fcr Reise Schmuck und Schweizer Uhren","potentialAction":[{"@type":"SearchAction","target":{"@type":"EntryPoint","urlTemplate":"https:\/\/littlecity.ch\/shop\/?s={search_term_string}"},"query-input":"required name=search_term_string"}],"inLanguage":"de"}]}},"_links":{"self":[{"href":"https:\/\/littlecity.ch\/shop\/wp-json\/wp\/v2\/product\/2840"}],"collection":[{"href":"https:\/\/littlecity.ch\/shop\/wp-json\/wp\/v2\/product"}],"about":[{"href":"https:\/\/littlecity.ch\/shop\/wp-json\/wp\/v2\/types\/product"}],"replies":[{"embeddable":true,"href":"https:\/\/littlecity.ch\/shop\/wp-json\/wp\/v2\/comments?post=2840"}],"wp:featuredmedia":[{"embeddable":true,"href":"https:\/\/littlecity.ch\/shop\/wp-json\/wp\/v2\/media\/2842"}],"wp:attachment":[{"href":"https:\/\/littlecity.ch\/shop\/wp-json\/wp\/v2\/media?parent=2840"}],"wp:term":[{"taxonomy":"product_cat","embeddable":true,"href":"https:\/\/littlecity.ch\/shop\/wp-json\/wp\/v2\/product_cat?post=2840"},{"taxonomy":"product_tag","embeddable":true,"href":"https:\/\/littlecity.ch\/shop\/wp-json\/wp\/v2\/product_tag?post=2840"}],"curies":[{"name":"wp","href":"https:\/\/api.w.org\/{rel}","templated":true}]}}