{"id":2452,"date":"2019-12-19T16:05:35","date_gmt":"2019-12-19T15:05:35","guid":{"rendered":"https:\/\/littlecity.ch\/shop\/?post_type=product&#038;p=2452"},"modified":"2025-03-16T19:33:36","modified_gmt":"2025-03-16T18:33:36","slug":"brissago-aventurin-armband-hand-made","status":"publish","type":"product","link":"https:\/\/littlecity.ch\/shop\/product\/brissago-aventurin-armband-hand-made\/","title":{"rendered":"Brissago Aventurin Armband | Hand Made"},"content":{"rendered":"<p><strong>Material:<\/strong> 925er Sterling Silver<\/p>\n<p><strong>Steine:<\/strong> Halbedelstein Aventurin, facettiert<\/p>\n<p><strong>Farbe:<\/strong> T\u00fcrkis\/Gr\u00fcn &amp; Silber<\/p>\n<p><strong>Verschluss:<\/strong> Keiner, das Armband ist auf ein elastisches Band aufgezogen<\/p>\n<p><strong>Hinweis<\/strong>: Stein ist ein Naturprodukt und kann in Farbe, Form oder Struktur von der Abbildung abweichen. Daf\u00fcr ist jedes Produkt ein Unikat. Sterling Silber kann durch das in der Luft enthaltene Schwefel anlaufen, das ist ganz normal. Silberschmuck am besten mit dem mitgelieferten Silberputztuch regelm\u00e4ssig reinigen. Am wenigsten l\u00e4uft Silber an, wenn das Schmuckst\u00fcck getragen oder luftdicht eingepackt gelagert wird. Bitte nicht im Badezimmer aufbewahren.<\/p>\n<p>Das Produkt wird in einer h\u00fcbschen Schmuckverpackung aus weissem Stoff und schwarzem Band inkl. Silberputztuch geliefert.<\/p>\n<p><em>Kostenlose Lieferung innerhalb der Schweiz<\/em><\/p>\n","protected":false},"excerpt":{"rendered":"<p>Wundersch\u00f6nes, hochwertiges Armband mit dem Halbedelstein Aventurin, Sterling Silber und filigranem Weltkugel Anh\u00e4nger aus Silber. Das Armband besteht aus einem St\u00fcck und wird doppelt um das Handgelenk getragen.<\/p>\n<p><strong>Bedeutung Aventurin:\u00a0<\/strong> Der Heilstein steht f\u00fcr Mut und Optimismus.<\/p>\n<p>LittleCITY Design, liebevoll von Hand in der Schweiz hergestellt.<\/p>\n","protected":false},"featured_media":2457,"comment_status":"open","ping_status":"closed","template":"","meta":[],"product_cat":[17,83,16],"product_tag":[20,104,22,23,70],"yoast_head":"<!-- This site is optimized with the Yoast SEO plugin v21.4 - https:\/\/yoast.com\/wordpress\/plugins\/seo\/ -->\n<title>Brissago Aventurin Armband | Hand Made - LittleCITY Online Shop<\/title>\n<meta name=\"description\" content=\"Hochwertiges, handgemachtes Armband mit Sterling Silver und gr\u00fcnem facettiertem Aventurin &amp; Weltkugel Anh\u00e4nger. Hergestellt in der Schweiz!\" \/>\n<meta name=\"robots\" content=\"index, follow, max-snippet:-1, max-image-preview:large, max-video-preview:-1\" \/>\n<link rel=\"canonical\" href=\"https:\/\/littlecity.ch\/shop\/product\/brissago-aventurin-armband-hand-made\/\" \/>\n<meta property=\"og:locale\" content=\"de_DE\" \/>\n<meta property=\"og:type\" content=\"article\" \/>\n<meta property=\"og:title\" content=\"Brissago Aventurin Armband | Hand Made - LittleCITY Online Shop\" \/>\n<meta property=\"og:description\" content=\"Hochwertiges, handgemachtes Armband mit Sterling Silver und gr\u00fcnem facettiertem Aventurin &amp; Weltkugel Anh\u00e4nger. Hergestellt in der Schweiz!\" \/>\n<meta property=\"og:url\" content=\"https:\/\/littlecity.ch\/shop\/product\/brissago-aventurin-armband-hand-made\/\" \/>\n<meta property=\"og:site_name\" content=\"LittleCITY Online Shop\" \/>\n<meta property=\"article:modified_time\" content=\"2025-03-16T18:33:36+00:00\" \/>\n<meta property=\"og:image\" content=\"https:\/\/littlecity.ch\/shop\/wp-content\/uploads\/2019\/12\/Aventurin-Steinarmband-Weltkugel-Anh\u00e4nger.jpg\" \/>\n\t<meta property=\"og:image:width\" content=\"1920\" \/>\n\t<meta property=\"og:image:height\" content=\"1920\" \/>\n\t<meta property=\"og:image:type\" content=\"image\/jpeg\" \/>\n<meta name=\"twitter:card\" content=\"summary_large_image\" \/>\n<meta name=\"twitter:label1\" content=\"Gesch\u00e4tzte Lesezeit\" \/>\n\t<meta name=\"twitter:data1\" content=\"1\u00a0Minute\" \/>\n<script type=\"application\/ld+json\" class=\"yoast-schema-graph\">{\"@context\":\"https:\/\/schema.org\",\"@graph\":[{\"@type\":\"WebPage\",\"@id\":\"https:\/\/littlecity.ch\/shop\/product\/brissago-aventurin-armband-hand-made\/\",\"url\":\"https:\/\/littlecity.ch\/shop\/product\/brissago-aventurin-armband-hand-made\/\",\"name\":\"Brissago Aventurin Armband | Hand Made - LittleCITY Online Shop\",\"isPartOf\":{\"@id\":\"https:\/\/littlecity.ch\/shop\/#website\"},\"datePublished\":\"2019-12-19T15:05:35+00:00\",\"dateModified\":\"2025-03-16T18:33:36+00:00\",\"description\":\"Hochwertiges, handgemachtes Armband mit Sterling Silver und gr\u00fcnem facettiertem Aventurin & Weltkugel Anh\u00e4nger. Hergestellt in der Schweiz!\",\"breadcrumb\":{\"@id\":\"https:\/\/littlecity.ch\/shop\/product\/brissago-aventurin-armband-hand-made\/#breadcrumb\"},\"inLanguage\":\"de\",\"potentialAction\":[{\"@type\":\"ReadAction\",\"target\":[\"https:\/\/littlecity.ch\/shop\/product\/brissago-aventurin-armband-hand-made\/\"]}]},{\"@type\":\"BreadcrumbList\",\"@id\":\"https:\/\/littlecity.ch\/shop\/product\/brissago-aventurin-armband-hand-made\/#breadcrumb\",\"itemListElement\":[{\"@type\":\"ListItem\",\"position\":1,\"name\":\"Startseite\",\"item\":\"https:\/\/littlecity.ch\/shop\/\"},{\"@type\":\"ListItem\",\"position\":2,\"name\":\"\u00dcbersicht\",\"item\":\"https:\/\/littlecity.ch\/shop\/uebersicht\/\"},{\"@type\":\"ListItem\",\"position\":3,\"name\":\"Brissago Aventurin Armband | Hand Made\"}]},{\"@type\":\"WebSite\",\"@id\":\"https:\/\/littlecity.ch\/shop\/#website\",\"url\":\"https:\/\/littlecity.ch\/shop\/\",\"name\":\"LittleCITY Online Shop\",\"description\":\"Shop f\u00fcr Reise Schmuck und Schweizer Uhren\",\"potentialAction\":[{\"@type\":\"SearchAction\",\"target\":{\"@type\":\"EntryPoint\",\"urlTemplate\":\"https:\/\/littlecity.ch\/shop\/?s={search_term_string}\"},\"query-input\":\"required name=search_term_string\"}],\"inLanguage\":\"de\"}]}<\/script>\n<!-- \/ Yoast SEO plugin. -->","yoast_head_json":{"title":"Brissago Aventurin Armband | Hand Made - LittleCITY Online Shop","description":"Hochwertiges, handgemachtes Armband mit Sterling Silver und gr\u00fcnem facettiertem Aventurin & Weltkugel Anh\u00e4nger. Hergestellt in der Schweiz!","robots":{"index":"index","follow":"follow","max-snippet":"max-snippet:-1","max-image-preview":"max-image-preview:large","max-video-preview":"max-video-preview:-1"},"canonical":"https:\/\/littlecity.ch\/shop\/product\/brissago-aventurin-armband-hand-made\/","og_locale":"de_DE","og_type":"article","og_title":"Brissago Aventurin Armband | Hand Made - LittleCITY Online Shop","og_description":"Hochwertiges, handgemachtes Armband mit Sterling Silver und gr\u00fcnem facettiertem Aventurin & Weltkugel Anh\u00e4nger. Hergestellt in der Schweiz!","og_url":"https:\/\/littlecity.ch\/shop\/product\/brissago-aventurin-armband-hand-made\/","og_site_name":"LittleCITY Online Shop","article_modified_time":"2025-03-16T18:33:36+00:00","og_image":[{"width":1920,"height":1920,"url":"https:\/\/littlecity.ch\/shop\/wp-content\/uploads\/2019\/12\/Aventurin-Steinarmband-Weltkugel-Anh\u00e4nger.jpg","type":"image\/jpeg"}],"twitter_card":"summary_large_image","twitter_misc":{"Gesch\u00e4tzte Lesezeit":"1\u00a0Minute"},"schema":{"@context":"https:\/\/schema.org","@graph":[{"@type":"WebPage","@id":"https:\/\/littlecity.ch\/shop\/product\/brissago-aventurin-armband-hand-made\/","url":"https:\/\/littlecity.ch\/shop\/product\/brissago-aventurin-armband-hand-made\/","name":"Brissago Aventurin Armband | Hand Made - LittleCITY Online Shop","isPartOf":{"@id":"https:\/\/littlecity.ch\/shop\/#website"},"datePublished":"2019-12-19T15:05:35+00:00","dateModified":"2025-03-16T18:33:36+00:00","description":"Hochwertiges, handgemachtes Armband mit Sterling Silver und gr\u00fcnem facettiertem Aventurin & Weltkugel Anh\u00e4nger. Hergestellt in der Schweiz!","breadcrumb":{"@id":"https:\/\/littlecity.ch\/shop\/product\/brissago-aventurin-armband-hand-made\/#breadcrumb"},"inLanguage":"de","potentialAction":[{"@type":"ReadAction","target":["https:\/\/littlecity.ch\/shop\/product\/brissago-aventurin-armband-hand-made\/"]}]},{"@type":"BreadcrumbList","@id":"https:\/\/littlecity.ch\/shop\/product\/brissago-aventurin-armband-hand-made\/#breadcrumb","itemListElement":[{"@type":"ListItem","position":1,"name":"Startseite","item":"https:\/\/littlecity.ch\/shop\/"},{"@type":"ListItem","position":2,"name":"\u00dcbersicht","item":"https:\/\/littlecity.ch\/shop\/uebersicht\/"},{"@type":"ListItem","position":3,"name":"Brissago Aventurin Armband | Hand Made"}]},{"@type":"WebSite","@id":"https:\/\/littlecity.ch\/shop\/#website","url":"https:\/\/littlecity.ch\/shop\/","name":"LittleCITY Online Shop","description":"Shop f\u00fcr Reise Schmuck und Schweizer Uhren","potentialAction":[{"@type":"SearchAction","target":{"@type":"EntryPoint","urlTemplate":"https:\/\/littlecity.ch\/shop\/?s={search_term_string}"},"query-input":"required name=search_term_string"}],"inLanguage":"de"}]}},"_links":{"self":[{"href":"https:\/\/littlecity.ch\/shop\/wp-json\/wp\/v2\/product\/2452"}],"collection":[{"href":"https:\/\/littlecity.ch\/shop\/wp-json\/wp\/v2\/product"}],"about":[{"href":"https:\/\/littlecity.ch\/shop\/wp-json\/wp\/v2\/types\/product"}],"replies":[{"embeddable":true,"href":"https:\/\/littlecity.ch\/shop\/wp-json\/wp\/v2\/comments?post=2452"}],"wp:featuredmedia":[{"embeddable":true,"href":"https:\/\/littlecity.ch\/shop\/wp-json\/wp\/v2\/media\/2457"}],"wp:attachment":[{"href":"https:\/\/littlecity.ch\/shop\/wp-json\/wp\/v2\/media?parent=2452"}],"wp:term":[{"taxonomy":"product_cat","embeddable":true,"href":"https:\/\/littlecity.ch\/shop\/wp-json\/wp\/v2\/product_cat?post=2452"},{"taxonomy":"product_tag","embeddable":true,"href":"https:\/\/littlecity.ch\/shop\/wp-json\/wp\/v2\/product_tag?post=2452"}],"curies":[{"name":"wp","href":"https:\/\/api.w.org\/{rel}","templated":true}]}}