{"id":2237,"date":"2019-08-07T19:00:14","date_gmt":"2019-08-07T18:00:14","guid":{"rendered":"https:\/\/littlecity.ch\/shop\/?post_type=product&#038;p=2237"},"modified":"2026-02-24T08:26:30","modified_gmt":"2026-02-24T07:26:30","slug":"coin-halskette-silber","status":"publish","type":"product","link":"https:\/\/littlecity.ch\/shop\/product\/coin-halskette-silber\/","title":{"rendered":"Coin Halskette Silber"},"content":{"rendered":"<p><strong>Material:<\/strong> 925er Sterling Silber mit Anlaufschutz<\/p>\n<p><strong>L\u00e4nge:<\/strong> 40 cm &amp; 3 cm Verl\u00e4ngerung<\/p>\n<p><strong>Anh\u00e4nger:<\/strong> 7 kleine Pl\u00e4ttchen<\/p>\n<p><strong>Verschluss:<\/strong> Karabiner<\/p>\n<p><strong>Hinweis<\/strong>: Sterling Silber kann durch das in der Luft enthaltene Schwefel anlaufen, das ist ganz normal. Silberschmuck am besten mit dem mitgelieferten Silberputztuch regelm\u00e4ssig reinigen. Am wenigsten l\u00e4uft Silber an, wenn das Schmuckst\u00fcck getragen oder luftdicht eingepackt gelagert wird. Bitte nicht im Badezimmer aufbewahren.<\/p>\n<p>Das Produkt wird in einer h\u00fcbschen Schmuckverpackung aus weissem Stoff und schwarzem Band inkl. Silberputztuch geliefert.<\/p>\n<p><em>Kostenlose Lieferung innerhalb der Schweiz<\/em><\/p>\n","protected":false},"excerpt":{"rendered":"<p>Wundersch\u00f6ne Halskette aus 925er Sterling Silver mit 7 kleinen Pl\u00e4ttchen. Perfekt geeignet f\u00fcr den Layering-Look in Kombination mit weiteren Halsketten.<\/p>\n<p>Dieses Produkt gibt es auch in <a href=\"https:\/\/littlecity.ch\/shop\/product\/coin-halskette-gold\/\">gold<\/a>.<\/p>\n<p><em>Hergestellt in Italien<\/em><\/p>\n","protected":false},"featured_media":2249,"comment_status":"open","ping_status":"closed","template":"","meta":[],"product_cat":[83,27,16],"product_tag":[85,28,90,91,88],"yoast_head":"<!-- This site is optimized with the Yoast SEO plugin v21.4 - https:\/\/yoast.com\/wordpress\/plugins\/seo\/ -->\n<title>Hochwertige Pl\u00e4ttchen Halskette in Sterling Silver | LittleCITY Collection<\/title>\n<meta name=\"description\" content=\"Wundersch\u00f6ne Helskette aus 925er Sterling Silver mit hochwertigen Pl\u00e4ttchen. Perfekt f\u00fcr den Layering-Look. Made in Italy. Jetzt hier entdecken!\" \/>\n<meta name=\"robots\" content=\"index, follow, max-snippet:-1, max-image-preview:large, max-video-preview:-1\" \/>\n<link rel=\"canonical\" href=\"https:\/\/littlecity.ch\/shop\/product\/coin-halskette-silber\/\" \/>\n<meta property=\"og:locale\" content=\"de_DE\" \/>\n<meta property=\"og:type\" content=\"article\" \/>\n<meta property=\"og:title\" content=\"Hochwertige Pl\u00e4ttchen Halskette in Sterling Silver | LittleCITY Collection\" \/>\n<meta property=\"og:description\" content=\"Wundersch\u00f6ne Helskette aus 925er Sterling Silver mit hochwertigen Pl\u00e4ttchen. Perfekt f\u00fcr den Layering-Look. Made in Italy. Jetzt hier entdecken!\" \/>\n<meta property=\"og:url\" content=\"https:\/\/littlecity.ch\/shop\/product\/coin-halskette-silber\/\" \/>\n<meta property=\"og:site_name\" content=\"LittleCITY Online Shop\" \/>\n<meta property=\"article:modified_time\" content=\"2026-02-24T07:26:30+00:00\" \/>\n<meta property=\"og:image\" content=\"https:\/\/littlecity.ch\/shop\/wp-content\/uploads\/2019\/08\/Coin-Halskette-mit-Pl\u00e4ttchen-Sterling-Silber.jpg\" \/>\n\t<meta property=\"og:image:width\" content=\"1920\" \/>\n\t<meta property=\"og:image:height\" content=\"1920\" \/>\n\t<meta property=\"og:image:type\" content=\"image\/jpeg\" \/>\n<meta name=\"twitter:card\" content=\"summary_large_image\" \/>\n<script type=\"application\/ld+json\" class=\"yoast-schema-graph\">{\"@context\":\"https:\/\/schema.org\",\"@graph\":[{\"@type\":\"WebPage\",\"@id\":\"https:\/\/littlecity.ch\/shop\/product\/coin-halskette-silber\/\",\"url\":\"https:\/\/littlecity.ch\/shop\/product\/coin-halskette-silber\/\",\"name\":\"Hochwertige Pl\u00e4ttchen Halskette in Sterling Silver | LittleCITY Collection\",\"isPartOf\":{\"@id\":\"https:\/\/littlecity.ch\/shop\/#website\"},\"datePublished\":\"2019-08-07T18:00:14+00:00\",\"dateModified\":\"2026-02-24T07:26:30+00:00\",\"description\":\"Wundersch\u00f6ne Helskette aus 925er Sterling Silver mit hochwertigen Pl\u00e4ttchen. Perfekt f\u00fcr den Layering-Look. Made in Italy. Jetzt hier entdecken!\",\"breadcrumb\":{\"@id\":\"https:\/\/littlecity.ch\/shop\/product\/coin-halskette-silber\/#breadcrumb\"},\"inLanguage\":\"de\",\"potentialAction\":[{\"@type\":\"ReadAction\",\"target\":[\"https:\/\/littlecity.ch\/shop\/product\/coin-halskette-silber\/\"]}]},{\"@type\":\"BreadcrumbList\",\"@id\":\"https:\/\/littlecity.ch\/shop\/product\/coin-halskette-silber\/#breadcrumb\",\"itemListElement\":[{\"@type\":\"ListItem\",\"position\":1,\"name\":\"Startseite\",\"item\":\"https:\/\/littlecity.ch\/shop\/\"},{\"@type\":\"ListItem\",\"position\":2,\"name\":\"\u00dcbersicht\",\"item\":\"https:\/\/littlecity.ch\/shop\/uebersicht\/\"},{\"@type\":\"ListItem\",\"position\":3,\"name\":\"Coin Halskette Silber\"}]},{\"@type\":\"WebSite\",\"@id\":\"https:\/\/littlecity.ch\/shop\/#website\",\"url\":\"https:\/\/littlecity.ch\/shop\/\",\"name\":\"LittleCITY Online Shop\",\"description\":\"Shop f\u00fcr Reise Schmuck und Schweizer Uhren\",\"potentialAction\":[{\"@type\":\"SearchAction\",\"target\":{\"@type\":\"EntryPoint\",\"urlTemplate\":\"https:\/\/littlecity.ch\/shop\/?s={search_term_string}\"},\"query-input\":\"required name=search_term_string\"}],\"inLanguage\":\"de\"}]}<\/script>\n<!-- \/ Yoast SEO plugin. -->","yoast_head_json":{"title":"Hochwertige Pl\u00e4ttchen Halskette in Sterling Silver | LittleCITY Collection","description":"Wundersch\u00f6ne Helskette aus 925er Sterling Silver mit hochwertigen Pl\u00e4ttchen. Perfekt f\u00fcr den Layering-Look. Made in Italy. Jetzt hier entdecken!","robots":{"index":"index","follow":"follow","max-snippet":"max-snippet:-1","max-image-preview":"max-image-preview:large","max-video-preview":"max-video-preview:-1"},"canonical":"https:\/\/littlecity.ch\/shop\/product\/coin-halskette-silber\/","og_locale":"de_DE","og_type":"article","og_title":"Hochwertige Pl\u00e4ttchen Halskette in Sterling Silver | LittleCITY Collection","og_description":"Wundersch\u00f6ne Helskette aus 925er Sterling Silver mit hochwertigen Pl\u00e4ttchen. Perfekt f\u00fcr den Layering-Look. Made in Italy. Jetzt hier entdecken!","og_url":"https:\/\/littlecity.ch\/shop\/product\/coin-halskette-silber\/","og_site_name":"LittleCITY Online Shop","article_modified_time":"2026-02-24T07:26:30+00:00","og_image":[{"width":1920,"height":1920,"url":"https:\/\/littlecity.ch\/shop\/wp-content\/uploads\/2019\/08\/Coin-Halskette-mit-Pl\u00e4ttchen-Sterling-Silber.jpg","type":"image\/jpeg"}],"twitter_card":"summary_large_image","schema":{"@context":"https:\/\/schema.org","@graph":[{"@type":"WebPage","@id":"https:\/\/littlecity.ch\/shop\/product\/coin-halskette-silber\/","url":"https:\/\/littlecity.ch\/shop\/product\/coin-halskette-silber\/","name":"Hochwertige Pl\u00e4ttchen Halskette in Sterling Silver | LittleCITY Collection","isPartOf":{"@id":"https:\/\/littlecity.ch\/shop\/#website"},"datePublished":"2019-08-07T18:00:14+00:00","dateModified":"2026-02-24T07:26:30+00:00","description":"Wundersch\u00f6ne Helskette aus 925er Sterling Silver mit hochwertigen Pl\u00e4ttchen. Perfekt f\u00fcr den Layering-Look. Made in Italy. Jetzt hier entdecken!","breadcrumb":{"@id":"https:\/\/littlecity.ch\/shop\/product\/coin-halskette-silber\/#breadcrumb"},"inLanguage":"de","potentialAction":[{"@type":"ReadAction","target":["https:\/\/littlecity.ch\/shop\/product\/coin-halskette-silber\/"]}]},{"@type":"BreadcrumbList","@id":"https:\/\/littlecity.ch\/shop\/product\/coin-halskette-silber\/#breadcrumb","itemListElement":[{"@type":"ListItem","position":1,"name":"Startseite","item":"https:\/\/littlecity.ch\/shop\/"},{"@type":"ListItem","position":2,"name":"\u00dcbersicht","item":"https:\/\/littlecity.ch\/shop\/uebersicht\/"},{"@type":"ListItem","position":3,"name":"Coin Halskette Silber"}]},{"@type":"WebSite","@id":"https:\/\/littlecity.ch\/shop\/#website","url":"https:\/\/littlecity.ch\/shop\/","name":"LittleCITY Online Shop","description":"Shop f\u00fcr Reise Schmuck und Schweizer Uhren","potentialAction":[{"@type":"SearchAction","target":{"@type":"EntryPoint","urlTemplate":"https:\/\/littlecity.ch\/shop\/?s={search_term_string}"},"query-input":"required name=search_term_string"}],"inLanguage":"de"}]}},"_links":{"self":[{"href":"https:\/\/littlecity.ch\/shop\/wp-json\/wp\/v2\/product\/2237"}],"collection":[{"href":"https:\/\/littlecity.ch\/shop\/wp-json\/wp\/v2\/product"}],"about":[{"href":"https:\/\/littlecity.ch\/shop\/wp-json\/wp\/v2\/types\/product"}],"replies":[{"embeddable":true,"href":"https:\/\/littlecity.ch\/shop\/wp-json\/wp\/v2\/comments?post=2237"}],"wp:featuredmedia":[{"embeddable":true,"href":"https:\/\/littlecity.ch\/shop\/wp-json\/wp\/v2\/media\/2249"}],"wp:attachment":[{"href":"https:\/\/littlecity.ch\/shop\/wp-json\/wp\/v2\/media?parent=2237"}],"wp:term":[{"taxonomy":"product_cat","embeddable":true,"href":"https:\/\/littlecity.ch\/shop\/wp-json\/wp\/v2\/product_cat?post=2237"},{"taxonomy":"product_tag","embeddable":true,"href":"https:\/\/littlecity.ch\/shop\/wp-json\/wp\/v2\/product_tag?post=2237"}],"curies":[{"name":"wp","href":"https:\/\/api.w.org\/{rel}","templated":true}]}}