{"id":2235,"date":"2019-08-07T18:49:08","date_gmt":"2019-08-07T17:49:08","guid":{"rendered":"https:\/\/littlecity.ch\/shop\/?post_type=product&#038;p=2235"},"modified":"2024-07-28T16:06:17","modified_gmt":"2024-07-28T15:06:17","slug":"coin-halskette-rose","status":"publish","type":"product","link":"https:\/\/littlecity.ch\/shop\/product\/coin-halskette-rose\/","title":{"rendered":"Coin Halskette Ros\u00e9"},"content":{"rendered":"<p><strong>Material:<\/strong> 925er Sterling Silber, ros\u00e9 vergoldet (3 Micron)<\/p>\n<p><strong>L\u00e4nge: <\/strong>40cm<\/p>\n<p><strong>Verschluss:<\/strong> Karabiner<\/p>\n<p><strong>Hinweis<\/strong>: Unsere Schmuckst\u00fccke sind alle hochwertig vergoldet (mit 3 Micron Vergoldung \u00fcber dem Branchendurchschnitt von 1 Micron oder manchmal sogar 0,25 Micron). Vergoldeter Schmuck sollte zum Duschen und Baden aber immer ausgezogen werden. Je weniger das Schmuckst\u00fcck mit Parfum oder anderen Kosmetika in Kontakt ger\u00e4t, desto l\u00e4nger bleibt das Gold erhalten. Bitte nicht im Badezimmer aufbewahren.<\/p>\n<p>Das Produkt wird in einer h\u00fcbschen Schmuckverpackung aus weissem Stoff und schwarzem Band inkl. Silberputztuch geliefert.<\/p>\n<p><em>Kostenlose Lieferung innerhalb der Schweiz<\/em><\/p>\n","protected":false},"excerpt":{"rendered":"<p>Ros\u00e9 vergoldete Halskette aus 925er Sterling Silver mit 7 filigranen Pl\u00e4ttchen. Das Schmuckst\u00fcck l\u00e4sst sich wunderbar mit anderen Halsketten kombinieren und ist perfekt f\u00fcrs Layering-Looks geeignet.<\/p>\n<p>Dieses Produkt gibt es auch in <a href=\"https:\/\/littlecity.ch\/shop\/product\/coin-halskette-gold\/\">gelbgold<\/a> und in <a href=\"https:\/\/littlecity.ch\/shop\/product\/coin-halskette-silber\/\">silber<\/a>.<\/p>\n<p><em>Hergestellt in Italien<\/em><\/p>\n","protected":false},"featured_media":2240,"comment_status":"open","ping_status":"closed","template":"","meta":[],"product_cat":[83,27,16],"product_tag":[95,94,85,28,90,96,91],"yoast_head":"<!-- This site is optimized with the Yoast SEO plugin v21.4 - https:\/\/yoast.com\/wordpress\/plugins\/seo\/ -->\n<title>Coin Halskette ros\u00e9 vergoldet | LittleCITY Collection Z\u00fcrich<\/title>\n<meta name=\"description\" content=\"Wundersch\u00f6ne ros\u00e9 vergoldete Helskette mit 7 filigranen Coins. Perfekt zum Kombinieren mit anderen Schmuckst\u00fccken. Made in Italy. Jetzt entdecken!\" \/>\n<meta name=\"robots\" content=\"index, follow, max-snippet:-1, max-image-preview:large, max-video-preview:-1\" \/>\n<link rel=\"canonical\" href=\"https:\/\/littlecity.ch\/shop\/product\/coin-halskette-rose\/\" \/>\n<meta property=\"og:locale\" content=\"de_DE\" \/>\n<meta property=\"og:type\" content=\"article\" \/>\n<meta property=\"og:title\" content=\"Coin Halskette ros\u00e9 vergoldet | LittleCITY Collection Z\u00fcrich\" \/>\n<meta property=\"og:description\" content=\"Wundersch\u00f6ne ros\u00e9 vergoldete Helskette mit 7 filigranen Coins. Perfekt zum Kombinieren mit anderen Schmuckst\u00fccken. Made in Italy. Jetzt entdecken!\" \/>\n<meta property=\"og:url\" content=\"https:\/\/littlecity.ch\/shop\/product\/coin-halskette-rose\/\" \/>\n<meta property=\"og:site_name\" content=\"LittleCITY Online Shop\" \/>\n<meta property=\"article:modified_time\" content=\"2024-07-28T15:06:17+00:00\" \/>\n<meta property=\"og:image\" content=\"https:\/\/littlecity.ch\/shop\/wp-content\/uploads\/2019\/08\/Coin-Halskette-mit-Pl\u00e4ttchen-rose-gold.jpg\" \/>\n\t<meta property=\"og:image:width\" content=\"1920\" \/>\n\t<meta property=\"og:image:height\" content=\"1920\" \/>\n\t<meta property=\"og:image:type\" content=\"image\/jpeg\" \/>\n<meta name=\"twitter:card\" content=\"summary_large_image\" \/>\n<script type=\"application\/ld+json\" class=\"yoast-schema-graph\">{\"@context\":\"https:\/\/schema.org\",\"@graph\":[{\"@type\":\"WebPage\",\"@id\":\"https:\/\/littlecity.ch\/shop\/product\/coin-halskette-rose\/\",\"url\":\"https:\/\/littlecity.ch\/shop\/product\/coin-halskette-rose\/\",\"name\":\"Coin Halskette ros\u00e9 vergoldet | LittleCITY Collection Z\u00fcrich\",\"isPartOf\":{\"@id\":\"https:\/\/littlecity.ch\/shop\/#website\"},\"datePublished\":\"2019-08-07T17:49:08+00:00\",\"dateModified\":\"2024-07-28T15:06:17+00:00\",\"description\":\"Wundersch\u00f6ne ros\u00e9 vergoldete Helskette mit 7 filigranen Coins. Perfekt zum Kombinieren mit anderen Schmuckst\u00fccken. Made in Italy. Jetzt entdecken!\",\"breadcrumb\":{\"@id\":\"https:\/\/littlecity.ch\/shop\/product\/coin-halskette-rose\/#breadcrumb\"},\"inLanguage\":\"de\",\"potentialAction\":[{\"@type\":\"ReadAction\",\"target\":[\"https:\/\/littlecity.ch\/shop\/product\/coin-halskette-rose\/\"]}]},{\"@type\":\"BreadcrumbList\",\"@id\":\"https:\/\/littlecity.ch\/shop\/product\/coin-halskette-rose\/#breadcrumb\",\"itemListElement\":[{\"@type\":\"ListItem\",\"position\":1,\"name\":\"Startseite\",\"item\":\"https:\/\/littlecity.ch\/shop\/\"},{\"@type\":\"ListItem\",\"position\":2,\"name\":\"\u00dcbersicht\",\"item\":\"https:\/\/littlecity.ch\/shop\/uebersicht\/\"},{\"@type\":\"ListItem\",\"position\":3,\"name\":\"Coin Halskette Ros\u00e9\"}]},{\"@type\":\"WebSite\",\"@id\":\"https:\/\/littlecity.ch\/shop\/#website\",\"url\":\"https:\/\/littlecity.ch\/shop\/\",\"name\":\"LittleCITY Online Shop\",\"description\":\"Shop f\u00fcr Reise Schmuck und Schweizer Uhren\",\"potentialAction\":[{\"@type\":\"SearchAction\",\"target\":{\"@type\":\"EntryPoint\",\"urlTemplate\":\"https:\/\/littlecity.ch\/shop\/?s={search_term_string}\"},\"query-input\":\"required name=search_term_string\"}],\"inLanguage\":\"de\"}]}<\/script>\n<!-- \/ Yoast SEO plugin. -->","yoast_head_json":{"title":"Coin Halskette ros\u00e9 vergoldet | LittleCITY Collection Z\u00fcrich","description":"Wundersch\u00f6ne ros\u00e9 vergoldete Helskette mit 7 filigranen Coins. Perfekt zum Kombinieren mit anderen Schmuckst\u00fccken. Made in Italy. Jetzt entdecken!","robots":{"index":"index","follow":"follow","max-snippet":"max-snippet:-1","max-image-preview":"max-image-preview:large","max-video-preview":"max-video-preview:-1"},"canonical":"https:\/\/littlecity.ch\/shop\/product\/coin-halskette-rose\/","og_locale":"de_DE","og_type":"article","og_title":"Coin Halskette ros\u00e9 vergoldet | LittleCITY Collection Z\u00fcrich","og_description":"Wundersch\u00f6ne ros\u00e9 vergoldete Helskette mit 7 filigranen Coins. Perfekt zum Kombinieren mit anderen Schmuckst\u00fccken. Made in Italy. Jetzt entdecken!","og_url":"https:\/\/littlecity.ch\/shop\/product\/coin-halskette-rose\/","og_site_name":"LittleCITY Online Shop","article_modified_time":"2024-07-28T15:06:17+00:00","og_image":[{"width":1920,"height":1920,"url":"https:\/\/littlecity.ch\/shop\/wp-content\/uploads\/2019\/08\/Coin-Halskette-mit-Pl\u00e4ttchen-rose-gold.jpg","type":"image\/jpeg"}],"twitter_card":"summary_large_image","schema":{"@context":"https:\/\/schema.org","@graph":[{"@type":"WebPage","@id":"https:\/\/littlecity.ch\/shop\/product\/coin-halskette-rose\/","url":"https:\/\/littlecity.ch\/shop\/product\/coin-halskette-rose\/","name":"Coin Halskette ros\u00e9 vergoldet | LittleCITY Collection Z\u00fcrich","isPartOf":{"@id":"https:\/\/littlecity.ch\/shop\/#website"},"datePublished":"2019-08-07T17:49:08+00:00","dateModified":"2024-07-28T15:06:17+00:00","description":"Wundersch\u00f6ne ros\u00e9 vergoldete Helskette mit 7 filigranen Coins. Perfekt zum Kombinieren mit anderen Schmuckst\u00fccken. Made in Italy. Jetzt entdecken!","breadcrumb":{"@id":"https:\/\/littlecity.ch\/shop\/product\/coin-halskette-rose\/#breadcrumb"},"inLanguage":"de","potentialAction":[{"@type":"ReadAction","target":["https:\/\/littlecity.ch\/shop\/product\/coin-halskette-rose\/"]}]},{"@type":"BreadcrumbList","@id":"https:\/\/littlecity.ch\/shop\/product\/coin-halskette-rose\/#breadcrumb","itemListElement":[{"@type":"ListItem","position":1,"name":"Startseite","item":"https:\/\/littlecity.ch\/shop\/"},{"@type":"ListItem","position":2,"name":"\u00dcbersicht","item":"https:\/\/littlecity.ch\/shop\/uebersicht\/"},{"@type":"ListItem","position":3,"name":"Coin Halskette Ros\u00e9"}]},{"@type":"WebSite","@id":"https:\/\/littlecity.ch\/shop\/#website","url":"https:\/\/littlecity.ch\/shop\/","name":"LittleCITY Online Shop","description":"Shop f\u00fcr Reise Schmuck und Schweizer Uhren","potentialAction":[{"@type":"SearchAction","target":{"@type":"EntryPoint","urlTemplate":"https:\/\/littlecity.ch\/shop\/?s={search_term_string}"},"query-input":"required name=search_term_string"}],"inLanguage":"de"}]}},"_links":{"self":[{"href":"https:\/\/littlecity.ch\/shop\/wp-json\/wp\/v2\/product\/2235"}],"collection":[{"href":"https:\/\/littlecity.ch\/shop\/wp-json\/wp\/v2\/product"}],"about":[{"href":"https:\/\/littlecity.ch\/shop\/wp-json\/wp\/v2\/types\/product"}],"replies":[{"embeddable":true,"href":"https:\/\/littlecity.ch\/shop\/wp-json\/wp\/v2\/comments?post=2235"}],"wp:featuredmedia":[{"embeddable":true,"href":"https:\/\/littlecity.ch\/shop\/wp-json\/wp\/v2\/media\/2240"}],"wp:attachment":[{"href":"https:\/\/littlecity.ch\/shop\/wp-json\/wp\/v2\/media?parent=2235"}],"wp:term":[{"taxonomy":"product_cat","embeddable":true,"href":"https:\/\/littlecity.ch\/shop\/wp-json\/wp\/v2\/product_cat?post=2235"},{"taxonomy":"product_tag","embeddable":true,"href":"https:\/\/littlecity.ch\/shop\/wp-json\/wp\/v2\/product_tag?post=2235"}],"curies":[{"name":"wp","href":"https:\/\/api.w.org\/{rel}","templated":true}]}}