{"id":2234,"date":"2019-08-07T18:46:21","date_gmt":"2019-08-07T17:46:21","guid":{"rendered":"https:\/\/littlecity.ch\/shop\/?post_type=product&#038;p=2234"},"modified":"2024-08-08T19:16:12","modified_gmt":"2024-08-08T18:16:12","slug":"berg-liebe-halskette-silber","status":"publish","type":"product","link":"https:\/\/littlecity.ch\/shop\/product\/berg-liebe-halskette-silber\/","title":{"rendered":"Berg-Liebe Halskette Silber"},"content":{"rendered":"<p><strong>Material:<\/strong> 925er Sterling Silber<\/p>\n<p><strong>L\u00e4nge:<\/strong> 46cm + 3cm Verl\u00e4ngerung<\/p>\n<p><strong>Anh\u00e4nger Durchmesser:<\/strong> 1,4 cm<\/p>\n<p><strong>Verschluss:<\/strong> Karabiner<\/p>\n<p><strong>Hinweis<\/strong>: Sterling Silber kann durch das in der Luft enthaltene Schwefel anlaufen, das ist ganz normal. Silberschmuck am besten mit dem mitgelieferten Silberputztuch regelm\u00e4ssig reinigen. Am wenigsten l\u00e4uft Silber an, wenn das Schmuckst\u00fcck getragen oder luftdicht eingepackt gelagert wird. Bitte nicht im Badezimmer aufbewahren.<\/p>\n<p>Das Produkt wird in einer h\u00fcbschen Schmuckverpackung aus weissem Stoff und schwarzem Band inkl. Silberputztuch geliefert.<\/p>\n<p><em>Kostenlose Lieferung innerhalb der Schweiz<\/em><\/p>\n","protected":false},"excerpt":{"rendered":"<p>Wundersch\u00f6nes Schmuckst\u00fcck f\u00fcr den Hals aus 925er Sterling Silver mit Berg Motiv. Perfekt f\u00fcr Bergliebhaber, Wanderfreunde und Abenteurer!<\/p>\n<p>Dieses Produkt gibt es auch in <a href=\"https:\/\/littlecity.ch\/shop\/product\/berg-liebe-halskette-gold\/\">gold<\/a>.<\/p>\n<p><em>LittleCITY Design, hergestellt in Italien<\/em><\/p>\n","protected":false},"featured_media":2258,"comment_status":"open","ping_status":"closed","template":"","meta":[],"product_cat":[83,27,16],"product_tag":[97,85,28,100,98,90,91],"yoast_head":"<!-- This site is optimized with the Yoast SEO plugin v21.4 - https:\/\/yoast.com\/wordpress\/plugins\/seo\/ -->\n<title>Hochwertige Berg Halskette - Sterling Silver | LittleCITY Collection Z\u00fcrich<\/title>\n<meta name=\"description\" content=\"Wundersch\u00f6ne Helskette auf 925er Sterling Silver mit hochwertigem Berg Anh\u00e4nger f\u00fcr alle Abenteurer &amp; Bergliebhaber. Made in Italy. Jetzt entdecken!\" \/>\n<meta name=\"robots\" content=\"index, follow, max-snippet:-1, max-image-preview:large, max-video-preview:-1\" \/>\n<link rel=\"canonical\" href=\"https:\/\/littlecity.ch\/shop\/product\/berg-liebe-halskette-silber\/\" \/>\n<meta property=\"og:locale\" content=\"de_DE\" \/>\n<meta property=\"og:type\" content=\"article\" \/>\n<meta property=\"og:title\" content=\"Hochwertige Berg Halskette - Sterling Silver | LittleCITY Collection Z\u00fcrich\" \/>\n<meta property=\"og:description\" content=\"Wundersch\u00f6ne Helskette auf 925er Sterling Silver mit hochwertigem Berg Anh\u00e4nger f\u00fcr alle Abenteurer &amp; Bergliebhaber. Made in Italy. Jetzt entdecken!\" \/>\n<meta property=\"og:url\" content=\"https:\/\/littlecity.ch\/shop\/product\/berg-liebe-halskette-silber\/\" \/>\n<meta property=\"og:site_name\" content=\"LittleCITY Online Shop\" \/>\n<meta property=\"article:modified_time\" content=\"2024-08-08T18:16:12+00:00\" \/>\n<meta property=\"og:image\" content=\"https:\/\/littlecity.ch\/shop\/wp-content\/uploads\/2019\/08\/Berg-Halskette-LittleCITY-Collection-silber.jpg\" \/>\n\t<meta property=\"og:image:width\" content=\"1920\" \/>\n\t<meta property=\"og:image:height\" content=\"1920\" \/>\n\t<meta property=\"og:image:type\" content=\"image\/jpeg\" \/>\n<meta name=\"twitter:card\" content=\"summary_large_image\" \/>\n<meta name=\"twitter:label1\" content=\"Gesch\u00e4tzte Lesezeit\" \/>\n\t<meta name=\"twitter:data1\" content=\"1\u00a0Minute\" \/>\n<script type=\"application\/ld+json\" class=\"yoast-schema-graph\">{\"@context\":\"https:\/\/schema.org\",\"@graph\":[{\"@type\":\"WebPage\",\"@id\":\"https:\/\/littlecity.ch\/shop\/product\/berg-liebe-halskette-silber\/\",\"url\":\"https:\/\/littlecity.ch\/shop\/product\/berg-liebe-halskette-silber\/\",\"name\":\"Hochwertige Berg Halskette - Sterling Silver | LittleCITY Collection Z\u00fcrich\",\"isPartOf\":{\"@id\":\"https:\/\/littlecity.ch\/shop\/#website\"},\"datePublished\":\"2019-08-07T17:46:21+00:00\",\"dateModified\":\"2024-08-08T18:16:12+00:00\",\"description\":\"Wundersch\u00f6ne Helskette auf 925er Sterling Silver mit hochwertigem Berg Anh\u00e4nger f\u00fcr alle Abenteurer & Bergliebhaber. Made in Italy. Jetzt entdecken!\",\"breadcrumb\":{\"@id\":\"https:\/\/littlecity.ch\/shop\/product\/berg-liebe-halskette-silber\/#breadcrumb\"},\"inLanguage\":\"de\",\"potentialAction\":[{\"@type\":\"ReadAction\",\"target\":[\"https:\/\/littlecity.ch\/shop\/product\/berg-liebe-halskette-silber\/\"]}]},{\"@type\":\"BreadcrumbList\",\"@id\":\"https:\/\/littlecity.ch\/shop\/product\/berg-liebe-halskette-silber\/#breadcrumb\",\"itemListElement\":[{\"@type\":\"ListItem\",\"position\":1,\"name\":\"Startseite\",\"item\":\"https:\/\/littlecity.ch\/shop\/\"},{\"@type\":\"ListItem\",\"position\":2,\"name\":\"\u00dcbersicht\",\"item\":\"https:\/\/littlecity.ch\/shop\/uebersicht\/\"},{\"@type\":\"ListItem\",\"position\":3,\"name\":\"Berg-Liebe Halskette Silber\"}]},{\"@type\":\"WebSite\",\"@id\":\"https:\/\/littlecity.ch\/shop\/#website\",\"url\":\"https:\/\/littlecity.ch\/shop\/\",\"name\":\"LittleCITY Online Shop\",\"description\":\"Shop f\u00fcr Reise Schmuck und Schweizer Uhren\",\"potentialAction\":[{\"@type\":\"SearchAction\",\"target\":{\"@type\":\"EntryPoint\",\"urlTemplate\":\"https:\/\/littlecity.ch\/shop\/?s={search_term_string}\"},\"query-input\":\"required name=search_term_string\"}],\"inLanguage\":\"de\"}]}<\/script>\n<!-- \/ Yoast SEO plugin. -->","yoast_head_json":{"title":"Hochwertige Berg Halskette - Sterling Silver | LittleCITY Collection Z\u00fcrich","description":"Wundersch\u00f6ne Helskette auf 925er Sterling Silver mit hochwertigem Berg Anh\u00e4nger f\u00fcr alle Abenteurer & Bergliebhaber. Made in Italy. Jetzt entdecken!","robots":{"index":"index","follow":"follow","max-snippet":"max-snippet:-1","max-image-preview":"max-image-preview:large","max-video-preview":"max-video-preview:-1"},"canonical":"https:\/\/littlecity.ch\/shop\/product\/berg-liebe-halskette-silber\/","og_locale":"de_DE","og_type":"article","og_title":"Hochwertige Berg Halskette - Sterling Silver | LittleCITY Collection Z\u00fcrich","og_description":"Wundersch\u00f6ne Helskette auf 925er Sterling Silver mit hochwertigem Berg Anh\u00e4nger f\u00fcr alle Abenteurer & Bergliebhaber. Made in Italy. Jetzt entdecken!","og_url":"https:\/\/littlecity.ch\/shop\/product\/berg-liebe-halskette-silber\/","og_site_name":"LittleCITY Online Shop","article_modified_time":"2024-08-08T18:16:12+00:00","og_image":[{"width":1920,"height":1920,"url":"https:\/\/littlecity.ch\/shop\/wp-content\/uploads\/2019\/08\/Berg-Halskette-LittleCITY-Collection-silber.jpg","type":"image\/jpeg"}],"twitter_card":"summary_large_image","twitter_misc":{"Gesch\u00e4tzte Lesezeit":"1\u00a0Minute"},"schema":{"@context":"https:\/\/schema.org","@graph":[{"@type":"WebPage","@id":"https:\/\/littlecity.ch\/shop\/product\/berg-liebe-halskette-silber\/","url":"https:\/\/littlecity.ch\/shop\/product\/berg-liebe-halskette-silber\/","name":"Hochwertige Berg Halskette - Sterling Silver | LittleCITY Collection Z\u00fcrich","isPartOf":{"@id":"https:\/\/littlecity.ch\/shop\/#website"},"datePublished":"2019-08-07T17:46:21+00:00","dateModified":"2024-08-08T18:16:12+00:00","description":"Wundersch\u00f6ne Helskette auf 925er Sterling Silver mit hochwertigem Berg Anh\u00e4nger f\u00fcr alle Abenteurer & Bergliebhaber. Made in Italy. Jetzt entdecken!","breadcrumb":{"@id":"https:\/\/littlecity.ch\/shop\/product\/berg-liebe-halskette-silber\/#breadcrumb"},"inLanguage":"de","potentialAction":[{"@type":"ReadAction","target":["https:\/\/littlecity.ch\/shop\/product\/berg-liebe-halskette-silber\/"]}]},{"@type":"BreadcrumbList","@id":"https:\/\/littlecity.ch\/shop\/product\/berg-liebe-halskette-silber\/#breadcrumb","itemListElement":[{"@type":"ListItem","position":1,"name":"Startseite","item":"https:\/\/littlecity.ch\/shop\/"},{"@type":"ListItem","position":2,"name":"\u00dcbersicht","item":"https:\/\/littlecity.ch\/shop\/uebersicht\/"},{"@type":"ListItem","position":3,"name":"Berg-Liebe Halskette Silber"}]},{"@type":"WebSite","@id":"https:\/\/littlecity.ch\/shop\/#website","url":"https:\/\/littlecity.ch\/shop\/","name":"LittleCITY Online Shop","description":"Shop f\u00fcr Reise Schmuck und Schweizer Uhren","potentialAction":[{"@type":"SearchAction","target":{"@type":"EntryPoint","urlTemplate":"https:\/\/littlecity.ch\/shop\/?s={search_term_string}"},"query-input":"required name=search_term_string"}],"inLanguage":"de"}]}},"_links":{"self":[{"href":"https:\/\/littlecity.ch\/shop\/wp-json\/wp\/v2\/product\/2234"}],"collection":[{"href":"https:\/\/littlecity.ch\/shop\/wp-json\/wp\/v2\/product"}],"about":[{"href":"https:\/\/littlecity.ch\/shop\/wp-json\/wp\/v2\/types\/product"}],"replies":[{"embeddable":true,"href":"https:\/\/littlecity.ch\/shop\/wp-json\/wp\/v2\/comments?post=2234"}],"wp:featuredmedia":[{"embeddable":true,"href":"https:\/\/littlecity.ch\/shop\/wp-json\/wp\/v2\/media\/2258"}],"wp:attachment":[{"href":"https:\/\/littlecity.ch\/shop\/wp-json\/wp\/v2\/media?parent=2234"}],"wp:term":[{"taxonomy":"product_cat","embeddable":true,"href":"https:\/\/littlecity.ch\/shop\/wp-json\/wp\/v2\/product_cat?post=2234"},{"taxonomy":"product_tag","embeddable":true,"href":"https:\/\/littlecity.ch\/shop\/wp-json\/wp\/v2\/product_tag?post=2234"}],"curies":[{"name":"wp","href":"https:\/\/api.w.org\/{rel}","templated":true}]}}