{"id":2101,"date":"2019-04-19T10:34:04","date_gmt":"2019-04-19T09:34:04","guid":{"rendered":"https:\/\/littlecity.ch\/shop\/?post_type=product&#038;p=2101"},"modified":"2025-01-31T22:17:51","modified_gmt":"2025-01-31T21:17:51","slug":"weltkugel-worldmap-halskette-rose-gold","status":"publish","type":"product","link":"https:\/\/littlecity.ch\/shop\/product\/weltkugel-worldmap-halskette-rose-gold\/","title":{"rendered":"Weltkugel Halskette Ros\u00e9"},"content":{"rendered":"<p><strong>Material:<\/strong> 925er Sterling Silber, ros\u00e9 vergoldet (3 Micron)<\/p>\n<p><strong>L\u00e4nge:<\/strong> 43cm + 3cm Verl\u00e4ngerung<\/p>\n<p><strong>Anh\u00e4nger Durchmesser:<\/strong> 1,2 cm<\/p>\n<p><strong>Verschluss:<\/strong> Karabiner<\/p>\n<p><strong>Hinweis<\/strong>: Unsere Schmuckst\u00fccke sind alle hochwertig vergoldet (mit 3 Micron Vergoldung \u00fcber dem Branchendurchschnitt). Vergoldeter Schmuck sollte zum Duschen und Baden aber immer ausgezogen werden. Je weniger das Schmuckst\u00fcck mit Parfum oder anderen Kosmetika in Kontakt ger\u00e4t, desto l\u00e4nger bleibt das Gold erhalten. Bitte nicht im Badezimmer aufbewahren.<\/p>\n<p>Das Produkt wird in einer h\u00fcbschen Schmuckverpackung aus weissem Stoff und schwarzem Band inkl. Silberputztuch geliefert.<\/p>\n<p><em>Kostenlose Lieferung innerhalb der Schweiz<\/em><\/p>\n","protected":false},"excerpt":{"rendered":"<p>Wundersch\u00f6ne, ros\u00e9 vergoldete Halskette mit filigranem Weltkugel Anh\u00e4nger.<\/p>\n<p>Dieses Produkt gibt es auch in <a href=\"https:\/\/littlecity.ch\/shop\/product\/weltkugel-halskette-gold\/\">Gold<\/a> und in <a href=\"https:\/\/littlecity.ch\/shop\/product\/weltkugel-halskette-silber\/\">Silber<\/a>.<\/p>\n<p><em>Hergestellt in Italien<\/em><\/p>\n","protected":false},"featured_media":2102,"comment_status":"open","ping_status":"closed","template":"","meta":[],"product_cat":[83,27,16],"product_tag":[85,28,90,91,88,89],"yoast_head":"<!-- This site is optimized with the Yoast SEO plugin v21.4 - https:\/\/yoast.com\/wordpress\/plugins\/seo\/ -->\n<title>Weltkugel Halskette ros\u00e9 vergoldet | Worldmap Necklace<\/title>\n<meta name=\"description\" content=\"Wundersch\u00f6ne ros\u00e9 vergoldete Helskette mit hochwertigem Weltkugel Anh\u00e4nger f\u00fcr alle Abenteurer &amp; Weltenbummler. Made in Italy. Jetzt entdecken!\" \/>\n<meta name=\"robots\" content=\"index, follow, max-snippet:-1, max-image-preview:large, max-video-preview:-1\" \/>\n<link rel=\"canonical\" href=\"https:\/\/littlecity.ch\/shop\/product\/weltkugel-worldmap-halskette-rose-gold\/\" \/>\n<meta property=\"og:locale\" content=\"de_DE\" \/>\n<meta property=\"og:type\" content=\"article\" \/>\n<meta property=\"og:title\" content=\"Weltkugel Halskette ros\u00e9 vergoldet | Worldmap Necklace\" \/>\n<meta property=\"og:description\" content=\"Wundersch\u00f6ne ros\u00e9 vergoldete Helskette mit hochwertigem Weltkugel Anh\u00e4nger f\u00fcr alle Abenteurer &amp; Weltenbummler. Made in Italy. Jetzt entdecken!\" \/>\n<meta property=\"og:url\" content=\"https:\/\/littlecity.ch\/shop\/product\/weltkugel-worldmap-halskette-rose-gold\/\" \/>\n<meta property=\"og:site_name\" content=\"LittleCITY Online Shop\" \/>\n<meta property=\"article:modified_time\" content=\"2025-01-31T21:17:51+00:00\" \/>\n<meta property=\"og:image\" content=\"https:\/\/littlecity.ch\/shop\/wp-content\/uploads\/2019\/04\/Weltkugel-Halsketten-Worldmap-ros\u00e9-vergoldet.jpg\" \/>\n\t<meta property=\"og:image:width\" content=\"1920\" \/>\n\t<meta property=\"og:image:height\" content=\"1920\" \/>\n\t<meta property=\"og:image:type\" content=\"image\/jpeg\" \/>\n<meta name=\"twitter:card\" content=\"summary_large_image\" \/>\n<script type=\"application\/ld+json\" class=\"yoast-schema-graph\">{\"@context\":\"https:\/\/schema.org\",\"@graph\":[{\"@type\":\"WebPage\",\"@id\":\"https:\/\/littlecity.ch\/shop\/product\/weltkugel-worldmap-halskette-rose-gold\/\",\"url\":\"https:\/\/littlecity.ch\/shop\/product\/weltkugel-worldmap-halskette-rose-gold\/\",\"name\":\"Weltkugel Halskette ros\u00e9 vergoldet | Worldmap Necklace\",\"isPartOf\":{\"@id\":\"https:\/\/littlecity.ch\/shop\/#website\"},\"datePublished\":\"2019-04-19T09:34:04+00:00\",\"dateModified\":\"2025-01-31T21:17:51+00:00\",\"description\":\"Wundersch\u00f6ne ros\u00e9 vergoldete Helskette mit hochwertigem Weltkugel Anh\u00e4nger f\u00fcr alle Abenteurer & Weltenbummler. Made in Italy. Jetzt entdecken!\",\"breadcrumb\":{\"@id\":\"https:\/\/littlecity.ch\/shop\/product\/weltkugel-worldmap-halskette-rose-gold\/#breadcrumb\"},\"inLanguage\":\"de\",\"potentialAction\":[{\"@type\":\"ReadAction\",\"target\":[\"https:\/\/littlecity.ch\/shop\/product\/weltkugel-worldmap-halskette-rose-gold\/\"]}]},{\"@type\":\"BreadcrumbList\",\"@id\":\"https:\/\/littlecity.ch\/shop\/product\/weltkugel-worldmap-halskette-rose-gold\/#breadcrumb\",\"itemListElement\":[{\"@type\":\"ListItem\",\"position\":1,\"name\":\"Startseite\",\"item\":\"https:\/\/littlecity.ch\/shop\/\"},{\"@type\":\"ListItem\",\"position\":2,\"name\":\"\u00dcbersicht\",\"item\":\"https:\/\/littlecity.ch\/shop\/uebersicht\/\"},{\"@type\":\"ListItem\",\"position\":3,\"name\":\"Weltkugel Halskette Ros\u00e9\"}]},{\"@type\":\"WebSite\",\"@id\":\"https:\/\/littlecity.ch\/shop\/#website\",\"url\":\"https:\/\/littlecity.ch\/shop\/\",\"name\":\"LittleCITY Online Shop\",\"description\":\"Shop f\u00fcr Reise Schmuck und Schweizer Uhren\",\"potentialAction\":[{\"@type\":\"SearchAction\",\"target\":{\"@type\":\"EntryPoint\",\"urlTemplate\":\"https:\/\/littlecity.ch\/shop\/?s={search_term_string}\"},\"query-input\":\"required name=search_term_string\"}],\"inLanguage\":\"de\"}]}<\/script>\n<!-- \/ Yoast SEO plugin. -->","yoast_head_json":{"title":"Weltkugel Halskette ros\u00e9 vergoldet | Worldmap Necklace","description":"Wundersch\u00f6ne ros\u00e9 vergoldete Helskette mit hochwertigem Weltkugel Anh\u00e4nger f\u00fcr alle Abenteurer & Weltenbummler. Made in Italy. Jetzt entdecken!","robots":{"index":"index","follow":"follow","max-snippet":"max-snippet:-1","max-image-preview":"max-image-preview:large","max-video-preview":"max-video-preview:-1"},"canonical":"https:\/\/littlecity.ch\/shop\/product\/weltkugel-worldmap-halskette-rose-gold\/","og_locale":"de_DE","og_type":"article","og_title":"Weltkugel Halskette ros\u00e9 vergoldet | Worldmap Necklace","og_description":"Wundersch\u00f6ne ros\u00e9 vergoldete Helskette mit hochwertigem Weltkugel Anh\u00e4nger f\u00fcr alle Abenteurer & Weltenbummler. Made in Italy. Jetzt entdecken!","og_url":"https:\/\/littlecity.ch\/shop\/product\/weltkugel-worldmap-halskette-rose-gold\/","og_site_name":"LittleCITY Online Shop","article_modified_time":"2025-01-31T21:17:51+00:00","og_image":[{"width":1920,"height":1920,"url":"https:\/\/littlecity.ch\/shop\/wp-content\/uploads\/2019\/04\/Weltkugel-Halsketten-Worldmap-ros\u00e9-vergoldet.jpg","type":"image\/jpeg"}],"twitter_card":"summary_large_image","schema":{"@context":"https:\/\/schema.org","@graph":[{"@type":"WebPage","@id":"https:\/\/littlecity.ch\/shop\/product\/weltkugel-worldmap-halskette-rose-gold\/","url":"https:\/\/littlecity.ch\/shop\/product\/weltkugel-worldmap-halskette-rose-gold\/","name":"Weltkugel Halskette ros\u00e9 vergoldet | Worldmap Necklace","isPartOf":{"@id":"https:\/\/littlecity.ch\/shop\/#website"},"datePublished":"2019-04-19T09:34:04+00:00","dateModified":"2025-01-31T21:17:51+00:00","description":"Wundersch\u00f6ne ros\u00e9 vergoldete Helskette mit hochwertigem Weltkugel Anh\u00e4nger f\u00fcr alle Abenteurer & Weltenbummler. Made in Italy. Jetzt entdecken!","breadcrumb":{"@id":"https:\/\/littlecity.ch\/shop\/product\/weltkugel-worldmap-halskette-rose-gold\/#breadcrumb"},"inLanguage":"de","potentialAction":[{"@type":"ReadAction","target":["https:\/\/littlecity.ch\/shop\/product\/weltkugel-worldmap-halskette-rose-gold\/"]}]},{"@type":"BreadcrumbList","@id":"https:\/\/littlecity.ch\/shop\/product\/weltkugel-worldmap-halskette-rose-gold\/#breadcrumb","itemListElement":[{"@type":"ListItem","position":1,"name":"Startseite","item":"https:\/\/littlecity.ch\/shop\/"},{"@type":"ListItem","position":2,"name":"\u00dcbersicht","item":"https:\/\/littlecity.ch\/shop\/uebersicht\/"},{"@type":"ListItem","position":3,"name":"Weltkugel Halskette Ros\u00e9"}]},{"@type":"WebSite","@id":"https:\/\/littlecity.ch\/shop\/#website","url":"https:\/\/littlecity.ch\/shop\/","name":"LittleCITY Online Shop","description":"Shop f\u00fcr Reise Schmuck und Schweizer Uhren","potentialAction":[{"@type":"SearchAction","target":{"@type":"EntryPoint","urlTemplate":"https:\/\/littlecity.ch\/shop\/?s={search_term_string}"},"query-input":"required name=search_term_string"}],"inLanguage":"de"}]}},"_links":{"self":[{"href":"https:\/\/littlecity.ch\/shop\/wp-json\/wp\/v2\/product\/2101"}],"collection":[{"href":"https:\/\/littlecity.ch\/shop\/wp-json\/wp\/v2\/product"}],"about":[{"href":"https:\/\/littlecity.ch\/shop\/wp-json\/wp\/v2\/types\/product"}],"replies":[{"embeddable":true,"href":"https:\/\/littlecity.ch\/shop\/wp-json\/wp\/v2\/comments?post=2101"}],"wp:featuredmedia":[{"embeddable":true,"href":"https:\/\/littlecity.ch\/shop\/wp-json\/wp\/v2\/media\/2102"}],"wp:attachment":[{"href":"https:\/\/littlecity.ch\/shop\/wp-json\/wp\/v2\/media?parent=2101"}],"wp:term":[{"taxonomy":"product_cat","embeddable":true,"href":"https:\/\/littlecity.ch\/shop\/wp-json\/wp\/v2\/product_cat?post=2101"},{"taxonomy":"product_tag","embeddable":true,"href":"https:\/\/littlecity.ch\/shop\/wp-json\/wp\/v2\/product_tag?post=2101"}],"curies":[{"name":"wp","href":"https:\/\/api.w.org\/{rel}","templated":true}]}}