{"id":2044,"date":"2019-03-25T21:01:38","date_gmt":"2019-03-25T20:01:38","guid":{"rendered":"https:\/\/littlecity.ch\/shop\/?post_type=product&#038;p=2044"},"modified":"2025-02-03T10:41:55","modified_gmt":"2025-02-03T09:41:55","slug":"tigerauge-maenner-steinarmband","status":"publish","type":"product","link":"https:\/\/littlecity.ch\/shop\/product\/tigerauge-maenner-steinarmband\/","title":{"rendered":"Madrid M\u00e4nner Steinarmband Tigerauge | Hand Made"},"content":{"rendered":"<p><strong>Material:<\/strong> 925er Sterling Silver, rhodiniert<\/p>\n<p><strong>Steine:<\/strong> Onyx (matt) &amp; Tigerauge (matt)<\/p>\n<p><strong>Gr\u00f6sse: <\/strong>Das Armband ist ideal f\u00fcr Handgelenke mit einem Umfang bis 19 cm (eng anliegend gemessen). Individuelle Gr\u00f6ssen k\u00f6nnen auf Anfrage produziert werden (Mail an valeria@littlecity.ch mit Produktwunsch &amp; Umfang des Handgelenkes).<strong><br \/>\n<\/strong><\/p>\n<p><strong>Gr\u00f6sse Kugeln:<\/strong> 8mm<\/p>\n<p><strong>Verschluss:<\/strong> Keiner, elastisches Gummiband<\/p>\n<p><strong>Hinweis<\/strong>: Stein ist ein Naturprodukt und kann in Farbe, Form oder Struktur von der Abbildung abweichen. Daf\u00fcr ist jedes Produkt ein Unikat. Sterling Silber kann durch das in der Luft enthaltene Schwefel anlaufen, das ist ganz normal. Silberschmuck am besten mit dem mitgelieferten Silberputztuch regelm\u00e4ssig reinigen. Am wenigsten l\u00e4uft Silber an, wenn das Schmuckst\u00fcck getragen oder luftdicht eingepackt gelagert wird. Bitte nicht im Badezimmer aufbewahren.<\/p>\n<p>Das Produkt wird in einer h\u00fcbschen Schmuckverpackung aus weissem Stoff und schwarzem Band inkl. Silberputztuch geliefert.<\/p>\n<p><em>Kostenlose Lieferung innerhalb der Schweiz<\/em><\/p>\n","protected":false},"excerpt":{"rendered":"<p>Wundersch\u00f6nes Stein Armband f\u00fcr M\u00e4nner mit mattem Tigerauge, Onyx und rhodiniertem Sterling Silber.<\/p>\n<p><strong>Bedeutung Onyx: <\/strong>Innere St\u00e4rke, Selbstbewusstsein<strong><br \/>\n<\/strong><\/p>\n<p><strong>Bedeutung Tigerauge: <\/strong>Mut, Schutz, Sicherheit<\/p>\n<p>LittleCITY Design. Liebevoll in kleiner Anzahl in der Schweiz hergestellt.<\/p>\n<p><em>Gr\u00f6ssen Angabe weiter unten<\/em><\/p>\n","protected":false},"featured_media":2046,"comment_status":"open","ping_status":"closed","template":"","meta":[],"product_cat":[17,75,16],"product_tag":[20,22,77,79,80,76,24,82],"yoast_head":"<!-- This site is optimized with the Yoast SEO plugin v21.4 - https:\/\/yoast.com\/wordpress\/plugins\/seo\/ -->\n<title>Steinarmband f\u00fcr M\u00e4nner mit mattem Tigerauge &amp; Onyx | Swiss Made<\/title>\n<meta name=\"description\" content=\"Hochwertiges, handgemachtes M\u00e4nnerarmband aus Stein mit mattem Tigerauge, Onyx &amp; Sterling Silber. Der sch\u00f6ne Reise Schmuck aus dem LittleCITY Shop. Jetzt entdecken!\" \/>\n<meta name=\"robots\" content=\"index, follow, max-snippet:-1, max-image-preview:large, max-video-preview:-1\" \/>\n<link rel=\"canonical\" href=\"https:\/\/littlecity.ch\/shop\/product\/tigerauge-maenner-steinarmband\/\" \/>\n<meta property=\"og:locale\" content=\"de_DE\" \/>\n<meta property=\"og:type\" content=\"article\" \/>\n<meta property=\"og:title\" content=\"Steinarmband f\u00fcr M\u00e4nner mit mattem Tigerauge &amp; Onyx | Swiss Made\" \/>\n<meta property=\"og:description\" content=\"Hochwertiges, handgemachtes M\u00e4nnerarmband aus Stein mit mattem Tigerauge, Onyx &amp; Sterling Silber. Der sch\u00f6ne Reise Schmuck aus dem LittleCITY Shop. Jetzt entdecken!\" \/>\n<meta property=\"og:url\" content=\"https:\/\/littlecity.ch\/shop\/product\/tigerauge-maenner-steinarmband\/\" \/>\n<meta property=\"og:site_name\" content=\"LittleCITY Online Shop\" \/>\n<meta property=\"article:modified_time\" content=\"2025-02-03T09:41:55+00:00\" \/>\n<meta property=\"og:image\" content=\"https:\/\/littlecity.ch\/shop\/wp-content\/uploads\/2019\/03\/M\u00e4nner-Steinarmband-Tiegerauge-matt-Onyx-2.jpg\" \/>\n\t<meta property=\"og:image:width\" content=\"1920\" \/>\n\t<meta property=\"og:image:height\" content=\"1920\" \/>\n\t<meta property=\"og:image:type\" content=\"image\/jpeg\" \/>\n<meta name=\"twitter:card\" content=\"summary_large_image\" \/>\n<meta name=\"twitter:label1\" content=\"Gesch\u00e4tzte Lesezeit\" \/>\n\t<meta name=\"twitter:data1\" content=\"1\u00a0Minute\" \/>\n<script type=\"application\/ld+json\" class=\"yoast-schema-graph\">{\"@context\":\"https:\/\/schema.org\",\"@graph\":[{\"@type\":\"WebPage\",\"@id\":\"https:\/\/littlecity.ch\/shop\/product\/tigerauge-maenner-steinarmband\/\",\"url\":\"https:\/\/littlecity.ch\/shop\/product\/tigerauge-maenner-steinarmband\/\",\"name\":\"Steinarmband f\u00fcr M\u00e4nner mit mattem Tigerauge & Onyx | Swiss Made\",\"isPartOf\":{\"@id\":\"https:\/\/littlecity.ch\/shop\/#website\"},\"datePublished\":\"2019-03-25T20:01:38+00:00\",\"dateModified\":\"2025-02-03T09:41:55+00:00\",\"description\":\"Hochwertiges, handgemachtes M\u00e4nnerarmband aus Stein mit mattem Tigerauge, Onyx & Sterling Silber. Der sch\u00f6ne Reise Schmuck aus dem LittleCITY Shop. Jetzt entdecken!\",\"breadcrumb\":{\"@id\":\"https:\/\/littlecity.ch\/shop\/product\/tigerauge-maenner-steinarmband\/#breadcrumb\"},\"inLanguage\":\"de\",\"potentialAction\":[{\"@type\":\"ReadAction\",\"target\":[\"https:\/\/littlecity.ch\/shop\/product\/tigerauge-maenner-steinarmband\/\"]}]},{\"@type\":\"BreadcrumbList\",\"@id\":\"https:\/\/littlecity.ch\/shop\/product\/tigerauge-maenner-steinarmband\/#breadcrumb\",\"itemListElement\":[{\"@type\":\"ListItem\",\"position\":1,\"name\":\"Startseite\",\"item\":\"https:\/\/littlecity.ch\/shop\/\"},{\"@type\":\"ListItem\",\"position\":2,\"name\":\"\u00dcbersicht\",\"item\":\"https:\/\/littlecity.ch\/shop\/uebersicht\/\"},{\"@type\":\"ListItem\",\"position\":3,\"name\":\"Madrid M\u00e4nner Steinarmband Tigerauge | Hand Made\"}]},{\"@type\":\"WebSite\",\"@id\":\"https:\/\/littlecity.ch\/shop\/#website\",\"url\":\"https:\/\/littlecity.ch\/shop\/\",\"name\":\"LittleCITY Online Shop\",\"description\":\"Shop f\u00fcr Reise Schmuck und Schweizer Uhren\",\"potentialAction\":[{\"@type\":\"SearchAction\",\"target\":{\"@type\":\"EntryPoint\",\"urlTemplate\":\"https:\/\/littlecity.ch\/shop\/?s={search_term_string}\"},\"query-input\":\"required name=search_term_string\"}],\"inLanguage\":\"de\"}]}<\/script>\n<!-- \/ Yoast SEO plugin. -->","yoast_head_json":{"title":"Steinarmband f\u00fcr M\u00e4nner mit mattem Tigerauge & Onyx | Swiss Made","description":"Hochwertiges, handgemachtes M\u00e4nnerarmband aus Stein mit mattem Tigerauge, Onyx & Sterling Silber. Der sch\u00f6ne Reise Schmuck aus dem LittleCITY Shop. Jetzt entdecken!","robots":{"index":"index","follow":"follow","max-snippet":"max-snippet:-1","max-image-preview":"max-image-preview:large","max-video-preview":"max-video-preview:-1"},"canonical":"https:\/\/littlecity.ch\/shop\/product\/tigerauge-maenner-steinarmband\/","og_locale":"de_DE","og_type":"article","og_title":"Steinarmband f\u00fcr M\u00e4nner mit mattem Tigerauge & Onyx | Swiss Made","og_description":"Hochwertiges, handgemachtes M\u00e4nnerarmband aus Stein mit mattem Tigerauge, Onyx & Sterling Silber. Der sch\u00f6ne Reise Schmuck aus dem LittleCITY Shop. Jetzt entdecken!","og_url":"https:\/\/littlecity.ch\/shop\/product\/tigerauge-maenner-steinarmband\/","og_site_name":"LittleCITY Online Shop","article_modified_time":"2025-02-03T09:41:55+00:00","og_image":[{"width":1920,"height":1920,"url":"https:\/\/littlecity.ch\/shop\/wp-content\/uploads\/2019\/03\/M\u00e4nner-Steinarmband-Tiegerauge-matt-Onyx-2.jpg","type":"image\/jpeg"}],"twitter_card":"summary_large_image","twitter_misc":{"Gesch\u00e4tzte Lesezeit":"1\u00a0Minute"},"schema":{"@context":"https:\/\/schema.org","@graph":[{"@type":"WebPage","@id":"https:\/\/littlecity.ch\/shop\/product\/tigerauge-maenner-steinarmband\/","url":"https:\/\/littlecity.ch\/shop\/product\/tigerauge-maenner-steinarmband\/","name":"Steinarmband f\u00fcr M\u00e4nner mit mattem Tigerauge & Onyx | Swiss Made","isPartOf":{"@id":"https:\/\/littlecity.ch\/shop\/#website"},"datePublished":"2019-03-25T20:01:38+00:00","dateModified":"2025-02-03T09:41:55+00:00","description":"Hochwertiges, handgemachtes M\u00e4nnerarmband aus Stein mit mattem Tigerauge, Onyx & Sterling Silber. Der sch\u00f6ne Reise Schmuck aus dem LittleCITY Shop. Jetzt entdecken!","breadcrumb":{"@id":"https:\/\/littlecity.ch\/shop\/product\/tigerauge-maenner-steinarmband\/#breadcrumb"},"inLanguage":"de","potentialAction":[{"@type":"ReadAction","target":["https:\/\/littlecity.ch\/shop\/product\/tigerauge-maenner-steinarmband\/"]}]},{"@type":"BreadcrumbList","@id":"https:\/\/littlecity.ch\/shop\/product\/tigerauge-maenner-steinarmband\/#breadcrumb","itemListElement":[{"@type":"ListItem","position":1,"name":"Startseite","item":"https:\/\/littlecity.ch\/shop\/"},{"@type":"ListItem","position":2,"name":"\u00dcbersicht","item":"https:\/\/littlecity.ch\/shop\/uebersicht\/"},{"@type":"ListItem","position":3,"name":"Madrid M\u00e4nner Steinarmband Tigerauge | Hand Made"}]},{"@type":"WebSite","@id":"https:\/\/littlecity.ch\/shop\/#website","url":"https:\/\/littlecity.ch\/shop\/","name":"LittleCITY Online Shop","description":"Shop f\u00fcr Reise Schmuck und Schweizer Uhren","potentialAction":[{"@type":"SearchAction","target":{"@type":"EntryPoint","urlTemplate":"https:\/\/littlecity.ch\/shop\/?s={search_term_string}"},"query-input":"required name=search_term_string"}],"inLanguage":"de"}]}},"_links":{"self":[{"href":"https:\/\/littlecity.ch\/shop\/wp-json\/wp\/v2\/product\/2044"}],"collection":[{"href":"https:\/\/littlecity.ch\/shop\/wp-json\/wp\/v2\/product"}],"about":[{"href":"https:\/\/littlecity.ch\/shop\/wp-json\/wp\/v2\/types\/product"}],"replies":[{"embeddable":true,"href":"https:\/\/littlecity.ch\/shop\/wp-json\/wp\/v2\/comments?post=2044"}],"wp:featuredmedia":[{"embeddable":true,"href":"https:\/\/littlecity.ch\/shop\/wp-json\/wp\/v2\/media\/2046"}],"wp:attachment":[{"href":"https:\/\/littlecity.ch\/shop\/wp-json\/wp\/v2\/media?parent=2044"}],"wp:term":[{"taxonomy":"product_cat","embeddable":true,"href":"https:\/\/littlecity.ch\/shop\/wp-json\/wp\/v2\/product_cat?post=2044"},{"taxonomy":"product_tag","embeddable":true,"href":"https:\/\/littlecity.ch\/shop\/wp-json\/wp\/v2\/product_tag?post=2044"}],"curies":[{"name":"wp","href":"https:\/\/api.w.org\/{rel}","templated":true}]}}