{"id":1986,"date":"2019-02-21T13:00:48","date_gmt":"2019-02-21T12:00:48","guid":{"rendered":"https:\/\/littlecity.ch\/shop\/?post_type=product&#038;p=1986"},"modified":"2021-06-26T09:57:47","modified_gmt":"2021-06-26T08:57:47","slug":"kyoto-mondstein-arm-halskette","status":"publish","type":"product","link":"https:\/\/littlecity.ch\/shop\/product\/kyoto-mondstein-arm-halskette\/","title":{"rendered":"Kyoto Mondstein Arm- &amp; Halskette | Hand Made"},"content":{"rendered":"<p><strong>Material:<\/strong> 925er Sterling Silver<\/p>\n<p><strong>Steine:<\/strong> Halbedelstein Mondstein<\/p>\n<p><strong>Farbe:<\/strong> Peach\/Rosa, Weiss, Grau &amp; Silber<\/p>\n<p><strong>Verschluss:<\/strong> Keiner, das Armband ist auf ein elastisches Band aufgezogen<\/p>\n<p><strong>Hinweis<\/strong>: Stein ist ein Naturprodukt und kann in Farbe, Form oder Struktur von der Abbildung abweichen. Daf\u00fcr ist jedes Produkt ein Unikat. Sterling Silber kann durch das in der Luft enthaltene Schwefel anlaufen, das ist ganz normal. Silberschmuck am besten mit dem mitgelieferten Silberputztuch regelm\u00e4ssig reinigen. Am wenigsten l\u00e4uft Silber an, wenn das Schmuckst\u00fcck getragen oder luftdicht eingepackt gelagert wird. Bitte nicht im Badezimmer aufbewahren.<\/p>\n<p>Das Produkt wird in einer h\u00fcbschen Schmuckverpackung aus weissem Stoff und schwarzem Band inkl. Silberputztuch geliefert.<\/p>\n<p>Auf Anfrage ist dieses Produkt auch mit dem Weltkugel Anh\u00e4nger aus Sterling Silver erh\u00e4ltlich.<\/p>\n<p><em>Kostenlose Lieferung innerhalb der Schweiz<\/em><\/p>\n","protected":false},"excerpt":{"rendered":"<p>Arm-\/Halskette mit Flugzeug Anh\u00e4nger aus hochwertigem 925er Sterling Silver und dem Halbedelstein Mondstein in peach, weiss und grau. Die Kette besteht aus einem St\u00fcck und kann sowohl als Arm- (dreifach) als auch als Halskette getragen werden.<\/p>\n<p>Das Armband mit dem Anh\u00e4nger wurde von LittleCITY designt und von unserer Freundin Nadine liebevoll in der Schweiz hergestellt.<\/p>\n<p><strong>Bedeutung Mondstein:\u00a0<\/strong> Der Stein steht f\u00fcr Freude, Ausgeglichenheit und Lebenskraft. Er hat eine beruhigende Wirkung und gilt auch als Stimmungsaufheller.<strong><br \/>\n<\/strong><\/p>\n<p><strong>Bedeutung Anh\u00e4nger:<\/strong> Das Flugzeug symbolisiert Abenteuer &amp; Wanderlust. Gleichzeitig mit dem Schweizerkreuzchen auf dem Fl\u00fcgel aber auch die Heimat.<\/p>\n","protected":false},"featured_media":2164,"comment_status":"open","ping_status":"closed","template":"","meta":[],"product_cat":[17,83,27,16],"product_tag":[20,22,71,23,70],"yoast_head":"<!-- This site is optimized with the Yoast SEO plugin v21.4 - https:\/\/yoast.com\/wordpress\/plugins\/seo\/ -->\n<title>Kyoto Mondstein Arm- &amp; Halskette | Hand Made - LittleCITY Online Shop<\/title>\n<meta name=\"description\" content=\"Hochwertige, handgemachte Swiss Made Arm- und Halskette mit naturbelassenem T\u00fcrkis Stein, 925er Sterling Silber &amp; Flugzeug Anh\u00e4nger. Jetzt entdecken!\" \/>\n<meta name=\"robots\" content=\"index, follow, max-snippet:-1, max-image-preview:large, max-video-preview:-1\" \/>\n<link rel=\"canonical\" href=\"https:\/\/littlecity.ch\/shop\/product\/kyoto-mondstein-arm-halskette\/\" \/>\n<meta property=\"og:locale\" content=\"de_DE\" \/>\n<meta property=\"og:type\" content=\"article\" \/>\n<meta property=\"og:title\" content=\"Kyoto Mondstein Arm- &amp; Halskette | Hand Made - LittleCITY Online Shop\" \/>\n<meta property=\"og:description\" content=\"Hochwertige, handgemachte Swiss Made Arm- und Halskette mit naturbelassenem T\u00fcrkis Stein, 925er Sterling Silber &amp; Flugzeug Anh\u00e4nger. Jetzt entdecken!\" \/>\n<meta property=\"og:url\" content=\"https:\/\/littlecity.ch\/shop\/product\/kyoto-mondstein-arm-halskette\/\" \/>\n<meta property=\"og:site_name\" content=\"LittleCITY Online Shop\" \/>\n<meta property=\"article:modified_time\" content=\"2021-06-26T08:57:47+00:00\" \/>\n<meta property=\"og:image\" content=\"https:\/\/littlecity.ch\/shop\/wp-content\/uploads\/2019\/02\/Mondstein-Kyoto-Armband-LittleCITY-Collection.jpg\" \/>\n\t<meta property=\"og:image:width\" content=\"1920\" \/>\n\t<meta property=\"og:image:height\" content=\"1920\" \/>\n\t<meta property=\"og:image:type\" content=\"image\/jpeg\" \/>\n<meta name=\"twitter:card\" content=\"summary_large_image\" \/>\n<meta name=\"twitter:label1\" content=\"Gesch\u00e4tzte Lesezeit\" \/>\n\t<meta name=\"twitter:data1\" content=\"1\u00a0Minute\" \/>\n<script type=\"application\/ld+json\" class=\"yoast-schema-graph\">{\"@context\":\"https:\/\/schema.org\",\"@graph\":[{\"@type\":\"WebPage\",\"@id\":\"https:\/\/littlecity.ch\/shop\/product\/kyoto-mondstein-arm-halskette\/\",\"url\":\"https:\/\/littlecity.ch\/shop\/product\/kyoto-mondstein-arm-halskette\/\",\"name\":\"Kyoto Mondstein Arm- &amp; Halskette | Hand Made - LittleCITY Online Shop\",\"isPartOf\":{\"@id\":\"https:\/\/littlecity.ch\/shop\/#website\"},\"datePublished\":\"2019-02-21T12:00:48+00:00\",\"dateModified\":\"2021-06-26T08:57:47+00:00\",\"description\":\"Hochwertige, handgemachte Swiss Made Arm- und Halskette mit naturbelassenem T\u00fcrkis Stein, 925er Sterling Silber & Flugzeug Anh\u00e4nger. Jetzt entdecken!\",\"breadcrumb\":{\"@id\":\"https:\/\/littlecity.ch\/shop\/product\/kyoto-mondstein-arm-halskette\/#breadcrumb\"},\"inLanguage\":\"de\",\"potentialAction\":[{\"@type\":\"ReadAction\",\"target\":[\"https:\/\/littlecity.ch\/shop\/product\/kyoto-mondstein-arm-halskette\/\"]}]},{\"@type\":\"BreadcrumbList\",\"@id\":\"https:\/\/littlecity.ch\/shop\/product\/kyoto-mondstein-arm-halskette\/#breadcrumb\",\"itemListElement\":[{\"@type\":\"ListItem\",\"position\":1,\"name\":\"Startseite\",\"item\":\"https:\/\/littlecity.ch\/shop\/\"},{\"@type\":\"ListItem\",\"position\":2,\"name\":\"\u00dcbersicht\",\"item\":\"https:\/\/littlecity.ch\/shop\/uebersicht\/\"},{\"@type\":\"ListItem\",\"position\":3,\"name\":\"Kyoto Mondstein Arm- &amp; Halskette | Hand Made\"}]},{\"@type\":\"WebSite\",\"@id\":\"https:\/\/littlecity.ch\/shop\/#website\",\"url\":\"https:\/\/littlecity.ch\/shop\/\",\"name\":\"LittleCITY Online Shop\",\"description\":\"Shop f\u00fcr Reise Schmuck und Schweizer Uhren\",\"potentialAction\":[{\"@type\":\"SearchAction\",\"target\":{\"@type\":\"EntryPoint\",\"urlTemplate\":\"https:\/\/littlecity.ch\/shop\/?s={search_term_string}\"},\"query-input\":\"required name=search_term_string\"}],\"inLanguage\":\"de\"}]}<\/script>\n<!-- \/ Yoast SEO plugin. -->","yoast_head_json":{"title":"Kyoto Mondstein Arm- &amp; Halskette | Hand Made - LittleCITY Online Shop","description":"Hochwertige, handgemachte Swiss Made Arm- und Halskette mit naturbelassenem T\u00fcrkis Stein, 925er Sterling Silber & Flugzeug Anh\u00e4nger. Jetzt entdecken!","robots":{"index":"index","follow":"follow","max-snippet":"max-snippet:-1","max-image-preview":"max-image-preview:large","max-video-preview":"max-video-preview:-1"},"canonical":"https:\/\/littlecity.ch\/shop\/product\/kyoto-mondstein-arm-halskette\/","og_locale":"de_DE","og_type":"article","og_title":"Kyoto Mondstein Arm- &amp; Halskette | Hand Made - LittleCITY Online Shop","og_description":"Hochwertige, handgemachte Swiss Made Arm- und Halskette mit naturbelassenem T\u00fcrkis Stein, 925er Sterling Silber & Flugzeug Anh\u00e4nger. Jetzt entdecken!","og_url":"https:\/\/littlecity.ch\/shop\/product\/kyoto-mondstein-arm-halskette\/","og_site_name":"LittleCITY Online Shop","article_modified_time":"2021-06-26T08:57:47+00:00","og_image":[{"width":1920,"height":1920,"url":"https:\/\/littlecity.ch\/shop\/wp-content\/uploads\/2019\/02\/Mondstein-Kyoto-Armband-LittleCITY-Collection.jpg","type":"image\/jpeg"}],"twitter_card":"summary_large_image","twitter_misc":{"Gesch\u00e4tzte Lesezeit":"1\u00a0Minute"},"schema":{"@context":"https:\/\/schema.org","@graph":[{"@type":"WebPage","@id":"https:\/\/littlecity.ch\/shop\/product\/kyoto-mondstein-arm-halskette\/","url":"https:\/\/littlecity.ch\/shop\/product\/kyoto-mondstein-arm-halskette\/","name":"Kyoto Mondstein Arm- &amp; Halskette | Hand Made - LittleCITY Online Shop","isPartOf":{"@id":"https:\/\/littlecity.ch\/shop\/#website"},"datePublished":"2019-02-21T12:00:48+00:00","dateModified":"2021-06-26T08:57:47+00:00","description":"Hochwertige, handgemachte Swiss Made Arm- und Halskette mit naturbelassenem T\u00fcrkis Stein, 925er Sterling Silber & Flugzeug Anh\u00e4nger. Jetzt entdecken!","breadcrumb":{"@id":"https:\/\/littlecity.ch\/shop\/product\/kyoto-mondstein-arm-halskette\/#breadcrumb"},"inLanguage":"de","potentialAction":[{"@type":"ReadAction","target":["https:\/\/littlecity.ch\/shop\/product\/kyoto-mondstein-arm-halskette\/"]}]},{"@type":"BreadcrumbList","@id":"https:\/\/littlecity.ch\/shop\/product\/kyoto-mondstein-arm-halskette\/#breadcrumb","itemListElement":[{"@type":"ListItem","position":1,"name":"Startseite","item":"https:\/\/littlecity.ch\/shop\/"},{"@type":"ListItem","position":2,"name":"\u00dcbersicht","item":"https:\/\/littlecity.ch\/shop\/uebersicht\/"},{"@type":"ListItem","position":3,"name":"Kyoto Mondstein Arm- &amp; Halskette | Hand Made"}]},{"@type":"WebSite","@id":"https:\/\/littlecity.ch\/shop\/#website","url":"https:\/\/littlecity.ch\/shop\/","name":"LittleCITY Online Shop","description":"Shop f\u00fcr Reise Schmuck und Schweizer Uhren","potentialAction":[{"@type":"SearchAction","target":{"@type":"EntryPoint","urlTemplate":"https:\/\/littlecity.ch\/shop\/?s={search_term_string}"},"query-input":"required name=search_term_string"}],"inLanguage":"de"}]}},"_links":{"self":[{"href":"https:\/\/littlecity.ch\/shop\/wp-json\/wp\/v2\/product\/1986"}],"collection":[{"href":"https:\/\/littlecity.ch\/shop\/wp-json\/wp\/v2\/product"}],"about":[{"href":"https:\/\/littlecity.ch\/shop\/wp-json\/wp\/v2\/types\/product"}],"replies":[{"embeddable":true,"href":"https:\/\/littlecity.ch\/shop\/wp-json\/wp\/v2\/comments?post=1986"}],"wp:featuredmedia":[{"embeddable":true,"href":"https:\/\/littlecity.ch\/shop\/wp-json\/wp\/v2\/media\/2164"}],"wp:attachment":[{"href":"https:\/\/littlecity.ch\/shop\/wp-json\/wp\/v2\/media?parent=1986"}],"wp:term":[{"taxonomy":"product_cat","embeddable":true,"href":"https:\/\/littlecity.ch\/shop\/wp-json\/wp\/v2\/product_cat?post=1986"},{"taxonomy":"product_tag","embeddable":true,"href":"https:\/\/littlecity.ch\/shop\/wp-json\/wp\/v2\/product_tag?post=1986"}],"curies":[{"name":"wp","href":"https:\/\/api.w.org\/{rel}","templated":true}]}}