{"id":18,"date":"2018-12-13T18:55:22","date_gmt":"2018-12-13T17:55:22","guid":{"rendered":"https:\/\/littlecity.ch\/shop\/product\/import-placeholder-for-49535\/"},"modified":"2023-08-28T14:02:49","modified_gmt":"2023-08-28T13:02:49","slug":"helsinki-tuerkis-armband","status":"publish","type":"product","link":"https:\/\/littlecity.ch\/shop\/product\/helsinki-tuerkis-armband\/","title":{"rendered":"Helsinki T\u00fcrkisstein Armband | Hand Made"},"content":{"rendered":"<p><strong>Material:<\/strong> 925er Sterling Silver<\/p>\n<p><strong>Steine:<\/strong> T\u00fcrkis<\/p>\n<p><strong>L\u00e4nge:<\/strong> 17 cm + 3 cm Verl\u00e4ngerung<\/p>\n<p><strong>Verschluss:<\/strong> Karabiner<\/p>\n<p><strong>Hinweis<\/strong>: Stein ist ein Naturprodukt und kann in Farbe, Form oder Struktur von der Abbildung abweichen. Daf\u00fcr ist jedes Produkt ein Unikat. Sterling Silber kann durch das in der Luft enthaltene Schwefel anlaufen, das ist ganz normal. Silberschmuck am besten mit dem mitgelieferten Silberputztuch regelm\u00e4ssig reinigen. Am wenigsten l\u00e4uft Silber an, wenn das Schmuckst\u00fcck getragen oder luftdicht eingepackt gelagert wird. Bitte nicht im Badezimmer aufbewahren.<\/p>\n<p>Alle Produkte werden in einer h\u00fcbschen Schmuckverpackung aus weissem Stoff und schwarzem Band inkl. Silberputztuch geliefert.<\/p>\n<p><em>Kostenlose Lieferung innerhalb der Schweiz<\/em><\/p>\n","protected":false},"excerpt":{"rendered":"<p>Sch\u00f6nes Armband aus T\u00fcrkis Stein und hochwertigem 925er Sterling Silber.<\/p>\n<p>T\u00fcrkis ist ein Schutzstein, welcher vor Gefahren sch\u00fctzen soll.\u00a0Weitere Eigenschaften welche dem Halbedelstein zugesprochen werden sind u.a. St\u00e4rkung des Selbstbewusstseins und F\u00f6rderung des Durchsetzungsverm\u00f6gens.<\/p>\n<p>Unser Helsinki Armband ist z.B. ideal mit dem Orselina Armband zu kombinieren.<\/p>\n<p>Das Produkt wurde von uns designt und von unserer Freundin Nadine liebevoll in der Schweiz hergestellt.<\/p>\n","protected":false},"featured_media":47,"comment_status":"open","ping_status":"closed","template":"","meta":[],"product_cat":[17,83,16],"product_tag":[20,24,26],"yoast_head":"<!-- This site is optimized with the Yoast SEO plugin v21.4 - https:\/\/yoast.com\/wordpress\/plugins\/seo\/ -->\n<title>Helsinki T\u00fcrkisstein Armband | Hand Made - LittleCITY Online Shop<\/title>\n<meta name=\"robots\" content=\"index, follow, max-snippet:-1, max-image-preview:large, max-video-preview:-1\" \/>\n<link rel=\"canonical\" href=\"https:\/\/littlecity.ch\/shop\/product\/helsinki-tuerkis-armband\/\" \/>\n<meta property=\"og:locale\" content=\"de_DE\" \/>\n<meta property=\"og:type\" content=\"article\" \/>\n<meta property=\"og:title\" content=\"Helsinki T\u00fcrkisstein Armband | Hand Made - LittleCITY Online Shop\" \/>\n<meta property=\"og:description\" content=\"Sch\u00f6nes Armband aus T\u00fcrkis Stein und hochwertigem 925er Sterling Silber.  T\u00fcrkis ist ein Schutzstein, welcher vor Gefahren sch\u00fctzen soll.\u00a0Weitere Eigenschaften welche dem Halbedelstein zugesprochen werden sind u.a. St\u00e4rkung des Selbstbewusstseins und F\u00f6rderung des Durchsetzungsverm\u00f6gens.  Unser Helsinki Armband ist z.B. ideal mit dem Orselina Armband zu kombinieren.  Das Produkt wurde von uns designt und von unserer Freundin Nadine liebevoll in der Schweiz hergestellt.\" \/>\n<meta property=\"og:url\" content=\"https:\/\/littlecity.ch\/shop\/product\/helsinki-tuerkis-armband\/\" \/>\n<meta property=\"og:site_name\" content=\"LittleCITY Online Shop\" \/>\n<meta property=\"article:modified_time\" content=\"2023-08-28T13:02:49+00:00\" \/>\n<meta property=\"og:image\" content=\"https:\/\/littlecity.ch\/shop\/wp-content\/uploads\/2018\/12\/armband-trkis-stein-silber.jpg\" \/>\n\t<meta property=\"og:image:width\" content=\"1920\" \/>\n\t<meta property=\"og:image:height\" content=\"1920\" \/>\n\t<meta property=\"og:image:type\" content=\"image\/jpeg\" \/>\n<meta name=\"twitter:card\" content=\"summary_large_image\" \/>\n<meta name=\"twitter:label1\" content=\"Gesch\u00e4tzte Lesezeit\" \/>\n\t<meta name=\"twitter:data1\" content=\"1\u00a0Minute\" \/>\n<script type=\"application\/ld+json\" class=\"yoast-schema-graph\">{\"@context\":\"https:\/\/schema.org\",\"@graph\":[{\"@type\":\"WebPage\",\"@id\":\"https:\/\/littlecity.ch\/shop\/product\/helsinki-tuerkis-armband\/\",\"url\":\"https:\/\/littlecity.ch\/shop\/product\/helsinki-tuerkis-armband\/\",\"name\":\"Helsinki T\u00fcrkisstein Armband | Hand Made - LittleCITY Online Shop\",\"isPartOf\":{\"@id\":\"https:\/\/littlecity.ch\/shop\/#website\"},\"datePublished\":\"2018-12-13T17:55:22+00:00\",\"dateModified\":\"2023-08-28T13:02:49+00:00\",\"breadcrumb\":{\"@id\":\"https:\/\/littlecity.ch\/shop\/product\/helsinki-tuerkis-armband\/#breadcrumb\"},\"inLanguage\":\"de\",\"potentialAction\":[{\"@type\":\"ReadAction\",\"target\":[\"https:\/\/littlecity.ch\/shop\/product\/helsinki-tuerkis-armband\/\"]}]},{\"@type\":\"BreadcrumbList\",\"@id\":\"https:\/\/littlecity.ch\/shop\/product\/helsinki-tuerkis-armband\/#breadcrumb\",\"itemListElement\":[{\"@type\":\"ListItem\",\"position\":1,\"name\":\"Startseite\",\"item\":\"https:\/\/littlecity.ch\/shop\/\"},{\"@type\":\"ListItem\",\"position\":2,\"name\":\"\u00dcbersicht\",\"item\":\"https:\/\/littlecity.ch\/shop\/uebersicht\/\"},{\"@type\":\"ListItem\",\"position\":3,\"name\":\"Helsinki T\u00fcrkisstein Armband | Hand Made\"}]},{\"@type\":\"WebSite\",\"@id\":\"https:\/\/littlecity.ch\/shop\/#website\",\"url\":\"https:\/\/littlecity.ch\/shop\/\",\"name\":\"LittleCITY Online Shop\",\"description\":\"Shop f\u00fcr Reise Schmuck und Schweizer Uhren\",\"potentialAction\":[{\"@type\":\"SearchAction\",\"target\":{\"@type\":\"EntryPoint\",\"urlTemplate\":\"https:\/\/littlecity.ch\/shop\/?s={search_term_string}\"},\"query-input\":\"required name=search_term_string\"}],\"inLanguage\":\"de\"}]}<\/script>\n<!-- \/ Yoast SEO plugin. -->","yoast_head_json":{"title":"Helsinki T\u00fcrkisstein Armband | Hand Made - LittleCITY Online Shop","robots":{"index":"index","follow":"follow","max-snippet":"max-snippet:-1","max-image-preview":"max-image-preview:large","max-video-preview":"max-video-preview:-1"},"canonical":"https:\/\/littlecity.ch\/shop\/product\/helsinki-tuerkis-armband\/","og_locale":"de_DE","og_type":"article","og_title":"Helsinki T\u00fcrkisstein Armband | Hand Made - LittleCITY Online Shop","og_description":"Sch\u00f6nes Armband aus T\u00fcrkis Stein und hochwertigem 925er Sterling Silber.  T\u00fcrkis ist ein Schutzstein, welcher vor Gefahren sch\u00fctzen soll.\u00a0Weitere Eigenschaften welche dem Halbedelstein zugesprochen werden sind u.a. St\u00e4rkung des Selbstbewusstseins und F\u00f6rderung des Durchsetzungsverm\u00f6gens.  Unser Helsinki Armband ist z.B. ideal mit dem Orselina Armband zu kombinieren.  Das Produkt wurde von uns designt und von unserer Freundin Nadine liebevoll in der Schweiz hergestellt.","og_url":"https:\/\/littlecity.ch\/shop\/product\/helsinki-tuerkis-armband\/","og_site_name":"LittleCITY Online Shop","article_modified_time":"2023-08-28T13:02:49+00:00","og_image":[{"width":1920,"height":1920,"url":"https:\/\/littlecity.ch\/shop\/wp-content\/uploads\/2018\/12\/armband-trkis-stein-silber.jpg","type":"image\/jpeg"}],"twitter_card":"summary_large_image","twitter_misc":{"Gesch\u00e4tzte Lesezeit":"1\u00a0Minute"},"schema":{"@context":"https:\/\/schema.org","@graph":[{"@type":"WebPage","@id":"https:\/\/littlecity.ch\/shop\/product\/helsinki-tuerkis-armband\/","url":"https:\/\/littlecity.ch\/shop\/product\/helsinki-tuerkis-armband\/","name":"Helsinki T\u00fcrkisstein Armband | Hand Made - LittleCITY Online Shop","isPartOf":{"@id":"https:\/\/littlecity.ch\/shop\/#website"},"datePublished":"2018-12-13T17:55:22+00:00","dateModified":"2023-08-28T13:02:49+00:00","breadcrumb":{"@id":"https:\/\/littlecity.ch\/shop\/product\/helsinki-tuerkis-armband\/#breadcrumb"},"inLanguage":"de","potentialAction":[{"@type":"ReadAction","target":["https:\/\/littlecity.ch\/shop\/product\/helsinki-tuerkis-armband\/"]}]},{"@type":"BreadcrumbList","@id":"https:\/\/littlecity.ch\/shop\/product\/helsinki-tuerkis-armband\/#breadcrumb","itemListElement":[{"@type":"ListItem","position":1,"name":"Startseite","item":"https:\/\/littlecity.ch\/shop\/"},{"@type":"ListItem","position":2,"name":"\u00dcbersicht","item":"https:\/\/littlecity.ch\/shop\/uebersicht\/"},{"@type":"ListItem","position":3,"name":"Helsinki T\u00fcrkisstein Armband | Hand Made"}]},{"@type":"WebSite","@id":"https:\/\/littlecity.ch\/shop\/#website","url":"https:\/\/littlecity.ch\/shop\/","name":"LittleCITY Online Shop","description":"Shop f\u00fcr Reise Schmuck und Schweizer Uhren","potentialAction":[{"@type":"SearchAction","target":{"@type":"EntryPoint","urlTemplate":"https:\/\/littlecity.ch\/shop\/?s={search_term_string}"},"query-input":"required name=search_term_string"}],"inLanguage":"de"}]}},"_links":{"self":[{"href":"https:\/\/littlecity.ch\/shop\/wp-json\/wp\/v2\/product\/18"}],"collection":[{"href":"https:\/\/littlecity.ch\/shop\/wp-json\/wp\/v2\/product"}],"about":[{"href":"https:\/\/littlecity.ch\/shop\/wp-json\/wp\/v2\/types\/product"}],"replies":[{"embeddable":true,"href":"https:\/\/littlecity.ch\/shop\/wp-json\/wp\/v2\/comments?post=18"}],"wp:featuredmedia":[{"embeddable":true,"href":"https:\/\/littlecity.ch\/shop\/wp-json\/wp\/v2\/media\/47"}],"wp:attachment":[{"href":"https:\/\/littlecity.ch\/shop\/wp-json\/wp\/v2\/media?parent=18"}],"wp:term":[{"taxonomy":"product_cat","embeddable":true,"href":"https:\/\/littlecity.ch\/shop\/wp-json\/wp\/v2\/product_cat?post=18"},{"taxonomy":"product_tag","embeddable":true,"href":"https:\/\/littlecity.ch\/shop\/wp-json\/wp\/v2\/product_tag?post=18"}],"curies":[{"name":"wp","href":"https:\/\/api.w.org\/{rel}","templated":true}]}}