{"id":17,"date":"2018-12-13T18:55:22","date_gmt":"2018-12-13T17:55:22","guid":{"rendered":"https:\/\/littlecity.ch\/shop\/product\/import-placeholder-for-49510\/"},"modified":"2023-01-24T18:44:41","modified_gmt":"2023-01-24T17:44:41","slug":"lifechanger-swiss-made-uhr","status":"publish","type":"product","link":"https:\/\/littlecity.ch\/shop\/product\/lifechanger-swiss-made-uhr\/","title":{"rendered":"Lifechanger Uhr | SWISS MADE"},"content":{"rendered":"<p>[vc_row][vc_column][vc_column_text]Mit jeder verkauften Uhr erm\u00f6glichen wir einem Kind in Tansania zusammen den Zugang zu sauberem Trinkwasser.<\/p>\n<p>Mit unserer ersten, limitierte Swiss Made Uhr wollen wir zudem auf ein wichtiges Thema aufmerksam machen: Frisches Trinkwasser. Etwas was in vielen L\u00e4ndern nicht so selbstverst\u00e4ndlich ist, wie bei uns in der Schweiz. Mit jeder verkauften Uhr wird einem Kind Zugang zu frischem Trinkwasser erm\u00f6glicht, indem wir einen Teil der Einnahmen an die Waterkiosk Foundation spenden.<\/p>\n<p><i>F\u00fcr uns ist es ein kleiner Beitrag aber f\u00fcr die Menschen in Tansania bist du dann wirklich ein Lifechanger! Unser Ziel ist es, selbst nach Tansania zu reisen und mit Locals einen Wasserkiosk zusammen aufzubauen.<br \/>\n<\/i><i>Falls du die Uhr nicht kaufen m\u00f6chtest, darfst du n\u00e4t\u00fcrlich auch so gerne <a href=\"https:\/\/www.waterkiosk.org\/de\/\" target=\"_blank\" rel=\"noopener noreferrer\">spenden!<\/a><\/i>[\/vc_column_text][\/vc_column][\/vc_row][vc_row full_width=&#8220;stretch_row&#8220; full_height=&#8220;yes&#8220;][vc_column]\n\t\t\t<!-- START Better Youtube Gallery REVOLUTION SLIDER 6.6.15 --><p class=\"rs-p-wp-fix\"><\/p>\n\t\t\t<rs-module-wrap id=\"rev_slider_49_1_wrapper\" data-source=\"gallery\" style=\"visibility:hidden;background:#000000;padding:0;\">\n\t\t\t\t<rs-module id=\"rev_slider_49_1\" style=\"\" data-version=\"6.6.15\">\n\t\t\t\t\t<rs-slides style=\"overflow: hidden; position: absolute;\">\n\t\t\t\t\t\t<rs-slide style=\"position: absolute;\" data-key=\"rs-103\" data-title=\"Youtube Three\" data-anim=\"adpr:false;\">\n\t\t\t\t\t\t\t<img src=\"\/\/littlecity.ch\/shop\/wp-content\/plugins\/revslider\/public\/assets\/assets\/dummy.png\" alt=\"\" title=\"Lifechanger Uhr | SWISS MADE\" class=\"rev-slidebg tp-rs-img rs-lazyload\" data-lazyload=\"\/\/img.youtube.com\/vi\/xM3H1xLgCEs\/maxresdefault.jpg\" data-parallax=\"off\" data-no-retina>\n\t\t\t\t\t\t\t<rs-bgvideo \n\t\t\t\t\t\t\t\tdata-video=\"v:;vc:none;w:100%;h:100%;l:true;ptimer:false;\"\n\t\t\t\t\t\t\t\tdata-ytid=\"xM3H1xLgCEs\"\n\t\t\t\t\t\t\t\tdata-vatr=\"version=3&amp;enablejsapi=1&amp;html5=1&amp;volume=0&amp;hd=1&amp;wmode=opaque&amp;showinfo=0&amp;ref=0&amp;origin=https:\/\/littlecity.ch;\"\n\t\t\t\t\t\t\t><\/rs-bgvideo>\n<!--\n\t\t\t\t\t\t\t--><rs-layer\n\t\t\t\t\t\t\t\tid=\"slider-49-slide-103-layer-1\" \n\t\t\t\t\t\t\t\tclass=\"rs-fsv rs-pxl-5 rs-layer-video intrinsic-ignore\"\n\t\t\t\t\t\t\t\tdata-type=\"video\"\n\t\t\t\t\t\t\t\tdata-rsp_ch=\"on\"\n\t\t\t\t\t\t\t\tdata-xy=\"x:0;y:0;\"\n\t\t\t\t\t\t\t\tdata-text=\"l:22;\"\n\t\t\t\t\t\t\t\tdata-dim=\"w:100%;h:100%;\"\n\t\t\t\t\t\t\t\tdata-basealign=\"slide\"\n\t\t\t\t\t\t\t\tdata-video=\"twa:false;ap:false;v:100;vd:100;rwd:f;fc:true;l:none;ptimer:true;sav:f;inl:f;\"\n\t\t\t\t\t\t\t\tdata-ytid=\"xM3H1xLgCEs\"\n\t\t\t\t\t\t\t\tdata-vatr=\"version=3&amp;enablejsapi=1&amp;html5=1&amp;volume=100&amp;hd=1&amp;wmode=opaque&amp;showinfo=0&amp;rel=0&amp;origin=https:\/\/littlecity.ch;\"\n\t\t\t\t\t\t\t\tdata-frame_0=\"tp:600;\"\n\t\t\t\t\t\t\t\tdata-frame_1=\"tp:600;e:power2.inOut;st:499.99969482422;sp:1000;sR:499.99969482422;\"\n\t\t\t\t\t\t\t\tdata-frame_999=\"o:0;tp:600;e:nothing;st:w;sp:1000;sR:7500;\"\n\t\t\t\t\t\t\t\tstyle=\"z-index:5;\"\n\t\t\t\t\t\t\t>\n\t\t\t\t\t\t\t<\/rs-layer><!--\n\n\t\t\t\t\t\t\t--><rs-layer\n\t\t\t\t\t\t\t\tid=\"slider-49-slide-103-layer-4\" \n\t\t\t\t\t\t\t\tclass=\"tp-shape tp-shapewrapper\"\n\t\t\t\t\t\t\t\tdata-type=\"shape\"\n\t\t\t\t\t\t\t\tdata-xy=\"x:c;y:m;\"\n\t\t\t\t\t\t\t\tdata-dim=\"w:100%;h:100%;\"\n\t\t\t\t\t\t\t\tdata-vbility=\"t,t,f,f\"\n\t\t\t\t\t\t\t\tdata-actions='o:click;a:stoplayer;layer:slider-49-slide-103-layer-11;||o:click;a:stoplayer;layer:slider-49-slide-103-layer-12;||o:click;a:startlayer;layer:slider-49-slide-103-layer-2;||o:click;a:startlayer;layer:slider-49-slide-103-layer-5;||o:click;a:startlayer;layer:slider-49-slide-103-layer-6;||o:click;a:startlayer;layer:slider-49-slide-103-layer-7;||o:click;a:startlayer;layer:slider-49-slide-103-layer-8;||o:click;a:startlayer;layer:slider-49-slide-103-layer-9;||o:click;a:startlayer;layer:slider-49-slide-103-layer-3;||o:click;a:stopvideo;layer:slider-49-slide-103-layer-1;'\n\t\t\t\t\t\t\t\tdata-basealign=\"slide\"\n\t\t\t\t\t\t\t\tdata-rsp_o=\"off\"\n\t\t\t\t\t\t\t\tdata-rsp_bd=\"off\"\n\t\t\t\t\t\t\t\tdata-frame_0=\"tp:600;\"\n\t\t\t\t\t\t\t\tdata-frame_1=\"tp:600;st:499.99969482422;sp:1000;sR:499.99969482422;\"\n\t\t\t\t\t\t\t\tdata-frame_999=\"o:0;tp:600;st:w;sp:1000;sR:7500;\"\n\t\t\t\t\t\t\t\tstyle=\"z-index:6;cursor:pointer;\"\n\t\t\t\t\t\t\t> \n\t\t\t\t\t\t\t<\/rs-layer><!--\n\n\t\t\t\t\t\t\t--><rs-layer\n\t\t\t\t\t\t\t\tid=\"slider-49-slide-103-layer-2\" \n\t\t\t\t\t\t\t\tclass=\"tp-shape tp-shapewrapper\"\n\t\t\t\t\t\t\t\tdata-type=\"shape\"\n\t\t\t\t\t\t\t\tdata-xy=\"x:c;y:m;\"\n\t\t\t\t\t\t\t\tdata-dim=\"w:100%;h:100%;\"\n\t\t\t\t\t\t\t\tdata-vbility=\"t,t,f,f\"\n\t\t\t\t\t\t\t\tdata-basealign=\"slide\"\n\t\t\t\t\t\t\t\tdata-rsp_o=\"off\"\n\t\t\t\t\t\t\t\tdata-rsp_bd=\"off\"\n\t\t\t\t\t\t\t\tdata-frame_0=\"tp:600;\"\n\t\t\t\t\t\t\t\tdata-frame_1=\"tp:600;st:499.99969482422;sp:1000;sR:499.99969482422;\"\n\t\t\t\t\t\t\t\tdata-frame_999=\"o:0;tp:600;st:a;sp:1000;sR:7500;\"\n\t\t\t\t\t\t\t\tstyle=\"z-index:7;background-color:rgba(0,0,0,0.5);\"\n\t\t\t\t\t\t\t> \n\t\t\t\t\t\t\t<\/rs-layer><!--\n\n\t\t\t\t\t\t\t--><rs-layer\n\t\t\t\t\t\t\t\tid=\"slider-49-slide-103-layer-11\" \n\t\t\t\t\t\t\t\tclass=\"VideoControls-Pause rev-btn\"\n\t\t\t\t\t\t\t\tdata-type=\"button\"\n\t\t\t\t\t\t\t\tdata-color=\"rgba(0, 0, 0, 1)\"\n\t\t\t\t\t\t\t\tdata-xy=\"x:r;xo:20px;y:b;yo:20px;\"\n\t\t\t\t\t\t\t\tdata-text=\"l:50;fw:500;a:center;\"\n\t\t\t\t\t\t\t\tdata-dim=\"w:50px;h:50px;\"\n\t\t\t\t\t\t\t\tdata-vbility=\"t,t,f,f\"\n\t\t\t\t\t\t\t\tdata-actions='o:click;a:stopvideo;layer:slider-49-slide-103-layer-1;||o:click;a:stoplayer;layer:slider-49-slide-103-layer-11;||o:click;a:stoplayer;layer:slider-49-slide-103-layer-12;||o:click;a:startlayer;layer:slider-49-slide-103-layer-2;||o:click;a:startlayer;layer:slider-49-slide-103-layer-5;||o:click;a:startlayer;layer:backgroundvideo;||o:click;a:startlayer;layer:slider-49-slide-103-layer-3;||o:click;a:startlayer;layer:backgroundvideo;||o:click;a:startlayer;layer:backgroundvideo;||o:click;a:startlayer;layer:backgroundvideo;'\n\t\t\t\t\t\t\t\tdata-basealign=\"slide\"\n\t\t\t\t\t\t\t\tdata-rsp_o=\"off\"\n\t\t\t\t\t\t\t\tdata-rsp_bd=\"off\"\n\t\t\t\t\t\t\t\tdata-border=\"bor:100px,100px,100px,100px;\"\n\t\t\t\t\t\t\t\tdata-frame_0=\"sX:0.85;sY:0.85;tp:600;\"\n\t\t\t\t\t\t\t\tdata-frame_1=\"sX:0.85;sY:0.85;tp:600;e:power1.inOut;st:a;sp:510;sR:999.99969482422;\"\n\t\t\t\t\t\t\t\tdata-frame_999=\"o:0;tp:600;e:nothing;st:a;sp:510;sR:7490;\"\n\t\t\t\t\t\t\t\tdata-frame_hover=\"sX:1.01;sY:1.01;c:#000;bgc:#fff;boc:#000;bor:100px,100px,100px,100px;bos:solid;oX:50;oY:50;e:power1.inOut;\"\n\t\t\t\t\t\t\t\tstyle=\"z-index:8;background-color:rgba(255,255,255,1);font-family:'Roboto';cursor:pointer;outline:none;box-shadow:none;box-sizing:border-box;-moz-box-sizing:border-box;-webkit-box-sizing:border-box;\"\n\t\t\t\t\t\t\t><i class=\"fa-pause\"><\/i> \n\t\t\t\t\t\t\t<\/rs-layer><!--\n\n\t\t\t\t\t\t\t--><rs-layer\n\t\t\t\t\t\t\t\tid=\"slider-49-slide-103-layer-12\" \n\t\t\t\t\t\t\t\tclass=\"VideoControls-Mute rev-btn\"\n\t\t\t\t\t\t\t\tdata-type=\"button\"\n\t\t\t\t\t\t\t\tdata-color=\"rgba(0, 0, 0, 1)\"\n\t\t\t\t\t\t\t\tdata-xy=\"x:r;xo:72px;y:b;yo:20px;\"\n\t\t\t\t\t\t\t\tdata-text=\"l:50;fw:500;a:center;\"\n\t\t\t\t\t\t\t\tdata-dim=\"w:50px;h:50px;\"\n\t\t\t\t\t\t\t\tdata-vbility=\"t,t,f,f\"\n\t\t\t\t\t\t\t\tdata-actions='o:click;a:toggle_mute_video;layer:slider-49-slide-103-layer-1;'\n\t\t\t\t\t\t\t\tdata-basealign=\"slide\"\n\t\t\t\t\t\t\t\tdata-rsp_o=\"off\"\n\t\t\t\t\t\t\t\tdata-rsp_bd=\"off\"\n\t\t\t\t\t\t\t\tdata-border=\"bor:100px,100px,100px,100px;\"\n\t\t\t\t\t\t\t\tdata-frame_0=\"sX:0.85;sY:0.85;tp:600;\"\n\t\t\t\t\t\t\t\tdata-frame_1=\"sX:0.85;sY:0.85;tp:600;e:power1.inOut;st:a;sp:510;sR:999.99969482422;\"\n\t\t\t\t\t\t\t\tdata-frame_999=\"o:0;tp:600;e:nothing;st:a;sp:510;sR:7490;\"\n\t\t\t\t\t\t\t\tdata-frame_hover=\"sX:1.01;sY:1.01;c:#000;bgc:#fff;boc:#000;bor:100px,100px,100px,100px;bos:solid;oX:50;oY:50;e:power1.inOut;\"\n\t\t\t\t\t\t\t\tstyle=\"z-index:9;background-color:rgba(255,255,255,1);font-family:'Roboto';cursor:pointer;outline:none;box-shadow:none;box-sizing:border-box;-moz-box-sizing:border-box;-webkit-box-sizing:border-box;\"\n\t\t\t\t\t\t\t>\n\t\t\t\t\t\t\t\t<div class=\"rs-untoggled-content\"><i class=\"fa-volume-up\"><\/i> <\/div>\n\t\t\t\t\t\t\t\t<div class=\"rs-toggled-content\"><i class=\"fa-volume-off\"><\/i><\/div>\n\t\t\t\t\t\t\t<\/rs-layer><!--\n\n\t\t\t\t\t\t\t--><rs-layer\n\t\t\t\t\t\t\t\tid=\"slider-49-slide-103-layer-3\" \n\t\t\t\t\t\t\t\tclass=\"VideoControls-Play rev-btn\"\n\t\t\t\t\t\t\t\tdata-type=\"button\"\n\t\t\t\t\t\t\t\tdata-color=\"rgba(0, 0, 0, 1)\"\n\t\t\t\t\t\t\t\tdata-xy=\"x:c;xo:3px,0,0,0;y:m;yo:1px,0,0,0;\"\n\t\t\t\t\t\t\t\tdata-text=\"s:50,50,30,30;l:120,120,80,80;fw:500;a:center;\"\n\t\t\t\t\t\t\t\tdata-dim=\"w:120px,120px,80px,80px;h:120px,120px,80px,80px;\"\n\t\t\t\t\t\t\t\tdata-vbility=\"t,t,f,f\"\n\t\t\t\t\t\t\t\tdata-actions='o:click;a:stoplayer;layer:slider-49-slide-103-layer-3;||o:click;a:playvideo;layer:slider-49-slide-103-layer-1;||o:click;a:stoplayer;layer:slider-49-slide-103-layer-2;||o:click;a:stoplayer;layer:slider-49-slide-103-layer-5;||o:click;a:stoplayer;layer:backgroundvideo;||o:click;a:stoplayer;layer:backgroundvideo;||o:click;a:stoplayer;layer:backgroundvideo;||o:click;a:stoplayer;layer:backgroundvideo;||o:click;a:startlayer;layer:slider-49-slide-103-layer-11;||o:click;a:startlayer;layer:slider-49-slide-103-layer-12;'\n\t\t\t\t\t\t\t\tdata-rsp_bd=\"off\"\n\t\t\t\t\t\t\t\tdata-padding=\"l:7;\"\n\t\t\t\t\t\t\t\tdata-border=\"bor:100px,100px,100px,100px;\"\n\t\t\t\t\t\t\t\tdata-frame_0=\"sX:0.5;sY:0.5;tp:600;\"\n\t\t\t\t\t\t\t\tdata-frame_1=\"sX:0.85;sY:0.85;tp:600;e:power1.inOut;st:150;sp:1000;sR:150;\"\n\t\t\t\t\t\t\t\tdata-frame_999=\"o:0;tp:600;e:nothing;st:a;sp:310;sR:7849.9996948242;\"\n\t\t\t\t\t\t\t\tdata-frame_hover=\"sX:1.01;sY:1.01;c:#000;bgc:#fff;boc:#000;bor:100px,100px,100px,100px;bos:solid;oX:50;oY:50;e:power1.inOut;\"\n\t\t\t\t\t\t\t\tstyle=\"z-index:10;background-color:rgba(255,255,255,1);font-family:'Roboto';cursor:pointer;outline:none;box-shadow:none;box-sizing:border-box;-moz-box-sizing:border-box;-webkit-box-sizing:border-box;\"\n\t\t\t\t\t\t\t><i class=\"fa-play\"><\/i> \n\t\t\t\t\t\t\t<\/rs-layer><!--\n\n\t\t\t\t\t\t\t--><rs-layer\n\t\t\t\t\t\t\t\tid=\"slider-49-slide-103-layer-5\" \n\t\t\t\t\t\t\t\tclass=\"VideoPlayer-Title\"\n\t\t\t\t\t\t\t\tdata-type=\"text\"\n\t\t\t\t\t\t\t\tdata-color=\"rgba(255, 255, 255, 1)\"\n\t\t\t\t\t\t\t\tdata-rsp_ch=\"on\"\n\t\t\t\t\t\t\t\tdata-xy=\"x:c;yo:169px,91px,70px,80px;\"\n\t\t\t\t\t\t\t\tdata-text=\"w:normal;s:40,40,30,20;l:40,40,30,20;fw:900;a:center;\"\n\t\t\t\t\t\t\t\tdata-dim=\"w:800px,800px,640px,360px;\"\n\t\t\t\t\t\t\t\tdata-frame_0=\"sX:0.9;sY:0.9;tp:600;\"\n\t\t\t\t\t\t\t\tdata-frame_1=\"tp:600;st:1499.9996948242;sp:1510;sR:1499.9996948242;\"\n\t\t\t\t\t\t\t\tdata-frame_999=\"y:-50px;o:0;tp:600;st:a;sp:710;sR:5989.9993896484;\"\n\t\t\t\t\t\t\t\tstyle=\"z-index:11;font-family:'Lato';letter-spacing:10px;\"\n\t\t\t\t\t\t\t>SWISS WATER KIOSK \n\t\t\t\t\t\t\t<\/rs-layer><!--\n-->\t\t\t\t\t\t<\/rs-slide>\n\t\t\t\t\t<\/rs-slides>\n\t\t\t\t<\/rs-module>\n\t\t\t\t<script>\n\t\t\t\t\tsetREVStartSize({c: 'rev_slider_49_1',rl:[1240,1024,778,480],el:[],gw:[1200,1024,778,480],gh:[675,576,480,480],type:'standard',justify:'',layout:'fullscreen',offsetContainer:'',offset:'60px',mh:\"0\"});if (window.RS_MODULES!==undefined && window.RS_MODULES.modules!==undefined && window.RS_MODULES.modules[\"revslider491\"]!==undefined) {window.RS_MODULES.modules[\"revslider491\"].once = false;window.revapi49 = undefined;if (window.RS_MODULES.checkMinimal!==undefined) window.RS_MODULES.checkMinimal()}\n\t\t\t\t<\/script>\n\t\t\t\t<script src=\"https:\/\/www.youtube.com\/iframe_api\"><\/script>\n\t\t\t<\/rs-module-wrap>\n\t\t\t<!-- END REVOLUTION SLIDER -->\n[\/vc_column][\/vc_row]<\/p>\n","protected":false},"excerpt":{"rendered":"<p>Exklusive auf 50 St\u00fcck limitierte SWISS MADE Uhr in elegantem schwarz. Jede Uhr ist einzeln nummeriert.<\/p>\n<p>Das vielseitige, elegante Modell mit Datum Anzeige wird mit zwei hochwertigen B\u00e4ndern geliefert, einem schwarzen Leder- sowie einem schwarzen Kautschukband.<\/p>\n<p>Mit jeder verkauften Uhr erm\u00f6glichen wir einem Kind in Tansania den Zugang zu sauberem Trinkwasser.<\/p>\n","protected":false},"featured_media":1732,"comment_status":"open","ping_status":"closed","template":"","meta":[],"product_cat":[75,29],"product_tag":[30,53,31],"yoast_head":"<!-- This site is optimized with the Yoast SEO plugin v21.4 - https:\/\/yoast.com\/wordpress\/plugins\/seo\/ -->\n<title>Lifechanger Uhr | SWISS MADE - LittleCITY Online Shop<\/title>\n<meta name=\"description\" content=\"Wundersch\u00f6ne, hochwertige Swiss Made Uhr in elegantem schwarz. Die Uhr ist limitiert und nummeriert &amp; jeder Kauf unterst\u00fctzt ein Wasserprojekt in Tanzania.\" \/>\n<meta name=\"robots\" content=\"index, follow, max-snippet:-1, max-image-preview:large, max-video-preview:-1\" \/>\n<link rel=\"canonical\" href=\"https:\/\/littlecity.ch\/shop\/product\/lifechanger-swiss-made-uhr\/\" \/>\n<meta property=\"og:locale\" content=\"de_DE\" \/>\n<meta property=\"og:type\" content=\"article\" \/>\n<meta property=\"og:title\" content=\"Lifechanger Uhr | SWISS MADE - LittleCITY Online Shop\" \/>\n<meta property=\"og:description\" content=\"Wundersch\u00f6ne, hochwertige Swiss Made Uhr in elegantem schwarz. Die Uhr ist limitiert und nummeriert &amp; jeder Kauf unterst\u00fctzt ein Wasserprojekt in Tanzania.\" \/>\n<meta property=\"og:url\" content=\"https:\/\/littlecity.ch\/shop\/product\/lifechanger-swiss-made-uhr\/\" \/>\n<meta property=\"og:site_name\" content=\"LittleCITY Online Shop\" \/>\n<meta property=\"article:modified_time\" content=\"2023-01-24T17:44:41+00:00\" \/>\n<meta property=\"og:image\" content=\"https:\/\/littlecity.ch\/shop\/wp-content\/uploads\/2018\/12\/littlecity-uhr-lifechanger.jpg\" \/>\n\t<meta property=\"og:image:width\" content=\"1079\" \/>\n\t<meta property=\"og:image:height\" content=\"1079\" \/>\n\t<meta property=\"og:image:type\" content=\"image\/jpeg\" \/>\n<meta name=\"twitter:card\" content=\"summary_large_image\" \/>\n<meta name=\"twitter:label1\" content=\"Gesch\u00e4tzte Lesezeit\" \/>\n\t<meta name=\"twitter:data1\" content=\"1\u00a0Minute\" \/>\n<script type=\"application\/ld+json\" class=\"yoast-schema-graph\">{\"@context\":\"https:\/\/schema.org\",\"@graph\":[{\"@type\":\"WebPage\",\"@id\":\"https:\/\/littlecity.ch\/shop\/product\/lifechanger-swiss-made-uhr\/\",\"url\":\"https:\/\/littlecity.ch\/shop\/product\/lifechanger-swiss-made-uhr\/\",\"name\":\"Lifechanger Uhr | SWISS MADE - LittleCITY Online Shop\",\"isPartOf\":{\"@id\":\"https:\/\/littlecity.ch\/shop\/#website\"},\"datePublished\":\"2018-12-13T17:55:22+00:00\",\"dateModified\":\"2023-01-24T17:44:41+00:00\",\"description\":\"Wundersch\u00f6ne, hochwertige Swiss Made Uhr in elegantem schwarz. Die Uhr ist limitiert und nummeriert & jeder Kauf unterst\u00fctzt ein Wasserprojekt in Tanzania.\",\"breadcrumb\":{\"@id\":\"https:\/\/littlecity.ch\/shop\/product\/lifechanger-swiss-made-uhr\/#breadcrumb\"},\"inLanguage\":\"de\",\"potentialAction\":[{\"@type\":\"ReadAction\",\"target\":[\"https:\/\/littlecity.ch\/shop\/product\/lifechanger-swiss-made-uhr\/\"]}]},{\"@type\":\"BreadcrumbList\",\"@id\":\"https:\/\/littlecity.ch\/shop\/product\/lifechanger-swiss-made-uhr\/#breadcrumb\",\"itemListElement\":[{\"@type\":\"ListItem\",\"position\":1,\"name\":\"Startseite\",\"item\":\"https:\/\/littlecity.ch\/shop\/\"},{\"@type\":\"ListItem\",\"position\":2,\"name\":\"\u00dcbersicht\",\"item\":\"https:\/\/littlecity.ch\/shop\/uebersicht\/\"},{\"@type\":\"ListItem\",\"position\":3,\"name\":\"Lifechanger Uhr | SWISS MADE\"}]},{\"@type\":\"WebSite\",\"@id\":\"https:\/\/littlecity.ch\/shop\/#website\",\"url\":\"https:\/\/littlecity.ch\/shop\/\",\"name\":\"LittleCITY Online Shop\",\"description\":\"Shop f\u00fcr Reise Schmuck und Schweizer Uhren\",\"potentialAction\":[{\"@type\":\"SearchAction\",\"target\":{\"@type\":\"EntryPoint\",\"urlTemplate\":\"https:\/\/littlecity.ch\/shop\/?s={search_term_string}\"},\"query-input\":\"required name=search_term_string\"}],\"inLanguage\":\"de\"}]}<\/script>\n<!-- \/ Yoast SEO plugin. -->","yoast_head_json":{"title":"Lifechanger Uhr | SWISS MADE - LittleCITY Online Shop","description":"Wundersch\u00f6ne, hochwertige Swiss Made Uhr in elegantem schwarz. Die Uhr ist limitiert und nummeriert & jeder Kauf unterst\u00fctzt ein Wasserprojekt in Tanzania.","robots":{"index":"index","follow":"follow","max-snippet":"max-snippet:-1","max-image-preview":"max-image-preview:large","max-video-preview":"max-video-preview:-1"},"canonical":"https:\/\/littlecity.ch\/shop\/product\/lifechanger-swiss-made-uhr\/","og_locale":"de_DE","og_type":"article","og_title":"Lifechanger Uhr | SWISS MADE - LittleCITY Online Shop","og_description":"Wundersch\u00f6ne, hochwertige Swiss Made Uhr in elegantem schwarz. Die Uhr ist limitiert und nummeriert & jeder Kauf unterst\u00fctzt ein Wasserprojekt in Tanzania.","og_url":"https:\/\/littlecity.ch\/shop\/product\/lifechanger-swiss-made-uhr\/","og_site_name":"LittleCITY Online Shop","article_modified_time":"2023-01-24T17:44:41+00:00","og_image":[{"width":1079,"height":1079,"url":"https:\/\/littlecity.ch\/shop\/wp-content\/uploads\/2018\/12\/littlecity-uhr-lifechanger.jpg","type":"image\/jpeg"}],"twitter_card":"summary_large_image","twitter_misc":{"Gesch\u00e4tzte Lesezeit":"1\u00a0Minute"},"schema":{"@context":"https:\/\/schema.org","@graph":[{"@type":"WebPage","@id":"https:\/\/littlecity.ch\/shop\/product\/lifechanger-swiss-made-uhr\/","url":"https:\/\/littlecity.ch\/shop\/product\/lifechanger-swiss-made-uhr\/","name":"Lifechanger Uhr | SWISS MADE - LittleCITY Online Shop","isPartOf":{"@id":"https:\/\/littlecity.ch\/shop\/#website"},"datePublished":"2018-12-13T17:55:22+00:00","dateModified":"2023-01-24T17:44:41+00:00","description":"Wundersch\u00f6ne, hochwertige Swiss Made Uhr in elegantem schwarz. Die Uhr ist limitiert und nummeriert & jeder Kauf unterst\u00fctzt ein Wasserprojekt in Tanzania.","breadcrumb":{"@id":"https:\/\/littlecity.ch\/shop\/product\/lifechanger-swiss-made-uhr\/#breadcrumb"},"inLanguage":"de","potentialAction":[{"@type":"ReadAction","target":["https:\/\/littlecity.ch\/shop\/product\/lifechanger-swiss-made-uhr\/"]}]},{"@type":"BreadcrumbList","@id":"https:\/\/littlecity.ch\/shop\/product\/lifechanger-swiss-made-uhr\/#breadcrumb","itemListElement":[{"@type":"ListItem","position":1,"name":"Startseite","item":"https:\/\/littlecity.ch\/shop\/"},{"@type":"ListItem","position":2,"name":"\u00dcbersicht","item":"https:\/\/littlecity.ch\/shop\/uebersicht\/"},{"@type":"ListItem","position":3,"name":"Lifechanger Uhr | SWISS MADE"}]},{"@type":"WebSite","@id":"https:\/\/littlecity.ch\/shop\/#website","url":"https:\/\/littlecity.ch\/shop\/","name":"LittleCITY Online Shop","description":"Shop f\u00fcr Reise Schmuck und Schweizer Uhren","potentialAction":[{"@type":"SearchAction","target":{"@type":"EntryPoint","urlTemplate":"https:\/\/littlecity.ch\/shop\/?s={search_term_string}"},"query-input":"required name=search_term_string"}],"inLanguage":"de"}]}},"_links":{"self":[{"href":"https:\/\/littlecity.ch\/shop\/wp-json\/wp\/v2\/product\/17"}],"collection":[{"href":"https:\/\/littlecity.ch\/shop\/wp-json\/wp\/v2\/product"}],"about":[{"href":"https:\/\/littlecity.ch\/shop\/wp-json\/wp\/v2\/types\/product"}],"replies":[{"embeddable":true,"href":"https:\/\/littlecity.ch\/shop\/wp-json\/wp\/v2\/comments?post=17"}],"wp:featuredmedia":[{"embeddable":true,"href":"https:\/\/littlecity.ch\/shop\/wp-json\/wp\/v2\/media\/1732"}],"wp:attachment":[{"href":"https:\/\/littlecity.ch\/shop\/wp-json\/wp\/v2\/media?parent=17"}],"wp:term":[{"taxonomy":"product_cat","embeddable":true,"href":"https:\/\/littlecity.ch\/shop\/wp-json\/wp\/v2\/product_cat?post=17"},{"taxonomy":"product_tag","embeddable":true,"href":"https:\/\/littlecity.ch\/shop\/wp-json\/wp\/v2\/product_tag?post=17"}],"curies":[{"name":"wp","href":"https:\/\/api.w.org\/{rel}","templated":true}]}}