{"id":13,"date":"2019-06-13T18:55:20","date_gmt":"2019-06-13T17:55:20","guid":{"rendered":"https:\/\/littlecity.ch\/shop\/product\/import-placeholder-for-49471\/"},"modified":"2023-08-28T14:06:39","modified_gmt":"2023-08-28T13:06:39","slug":"orselina-silber-armband-flugzeug-anhaenger","status":"publish","type":"product","link":"https:\/\/littlecity.ch\/shop\/product\/orselina-silber-armband-flugzeug-anhaenger\/","title":{"rendered":"Orselina Armband Flugzeug | Hand Made"},"content":{"rendered":"<p><strong>Material:<\/strong> 925er Sterling Silver<\/p>\n<p><strong>Steine:<\/strong> T\u00fcrkis<\/p>\n<p><strong>L\u00e4nge:<\/strong> 17 cm + 3.7 cm Verl\u00e4ngerung<\/p>\n<p><strong>Verschluss:<\/strong> Karabiner<\/p>\n<p><strong>Hinweis<\/strong>: Stein ist ein Naturprodukt und kann in Farbe, Form oder Struktur von der Abbildung abweichen. Daf\u00fcr ist jedes Produkt ein Unikat. Sterling Silber kann durch das in der Luft enthaltene Schwefel anlaufen, das ist ganz normal. Silberschmuck am besten mit dem mitgelieferten Silberputztuch regelm\u00e4ssig reinigen. Am wenigsten l\u00e4uft Silber an, wenn das Schmuckst\u00fcck getragen oder luftdicht eingepackt gelagert wird. Bitte nicht im Badezimmer aufbewahren.<\/p>\n<p>Das Produkt wird in einer h\u00fcbschen Schmuckverpackung aus weissem Stoff und schwarzem Band inkl. Silberputztuch geliefert.<\/p>\n<p><em>Kostenlose Lieferung innerhalb der Schweiz<\/em><\/p>\n","protected":false},"excerpt":{"rendered":"<p>Von Hand gefertigtes Armband mit Flugzeug Anh\u00e4nger aus hochwertigem 925er Sterling Silber und T\u00fcrkis Halbedelstein. Perfekt f\u00fcr alle Weltenbummler und Wanderlustige! Das Armband tr\u00e4gt den Namen Orselina und ist dem wundersch\u00f6nen Tessin in der Schweiz gewidmet.<\/p>\n<p>Das Schmuckst\u00fcck wurde von LittleCITY designt und von unserer Freundin Nadine liebevoll in der Schweiz hergestellt.<\/p>\n<p><strong>Bedeutung T\u00fcrkis: <\/strong>Wir verwenden hochwertigen T\u00fcrkis Halbedelstein f\u00fcr unsere Produkte. T\u00fcrkis ist ein Schutzstein, welcher auf Reisen vor Gefahren besch\u00fctzt.<\/p>\n<p><strong>Bedeutung Anh\u00e4nger:<\/strong> Das Flugzeug symbolisiert Abenteuer &amp; Wanderlust. Gleichzeitig mit dem Schweizerkreuzchen auf dem Fl\u00fcgel aber auch die Heimat.<\/p>\n","protected":false},"featured_media":1595,"comment_status":"open","ping_status":"closed","template":"","meta":[],"product_cat":[17,83,16],"product_tag":[20,21,22,23,24],"yoast_head":"<!-- This site is optimized with the Yoast SEO plugin v21.4 - https:\/\/yoast.com\/wordpress\/plugins\/seo\/ -->\n<title>Sterling Silber Armband mit Flugzeug Anh\u00e4nger | Swiss Made<\/title>\n<meta name=\"description\" content=\"Hochwertiges, handgemachtes Sterling Silber Armband mit Flugzeug Anh\u00e4nger. Swiss Made Reise Schmuck aus dem LittleCITY Shop. Jetzt hier entdecken!\" \/>\n<meta name=\"robots\" content=\"index, follow, max-snippet:-1, max-image-preview:large, max-video-preview:-1\" \/>\n<link rel=\"canonical\" href=\"https:\/\/littlecity.ch\/shop\/product\/orselina-silber-armband-flugzeug-anhaenger\/\" \/>\n<meta property=\"og:locale\" content=\"de_DE\" \/>\n<meta property=\"og:type\" content=\"article\" \/>\n<meta property=\"og:title\" content=\"Sterling Silber Armband mit Flugzeug Anh\u00e4nger | Swiss Made\" \/>\n<meta property=\"og:description\" content=\"Hochwertiges, handgemachtes Sterling Silber Armband mit Flugzeug Anh\u00e4nger. Swiss Made Reise Schmuck aus dem LittleCITY Shop. Jetzt hier entdecken!\" \/>\n<meta property=\"og:url\" content=\"https:\/\/littlecity.ch\/shop\/product\/orselina-silber-armband-flugzeug-anhaenger\/\" \/>\n<meta property=\"og:site_name\" content=\"LittleCITY Online Shop\" \/>\n<meta property=\"article:modified_time\" content=\"2023-08-28T13:06:39+00:00\" \/>\n<meta property=\"og:image\" content=\"https:\/\/littlecity.ch\/shop\/wp-content\/uploads\/2018\/12\/LittleCITY-Schmuck-Flugzeug-Anh\u00e4nger-7.jpg\" \/>\n\t<meta property=\"og:image:width\" content=\"1281\" \/>\n\t<meta property=\"og:image:height\" content=\"1920\" \/>\n\t<meta property=\"og:image:type\" content=\"image\/jpeg\" \/>\n<meta name=\"twitter:card\" content=\"summary_large_image\" \/>\n<meta name=\"twitter:label1\" content=\"Gesch\u00e4tzte Lesezeit\" \/>\n\t<meta name=\"twitter:data1\" content=\"1\u00a0Minute\" \/>\n<script type=\"application\/ld+json\" class=\"yoast-schema-graph\">{\"@context\":\"https:\/\/schema.org\",\"@graph\":[{\"@type\":\"WebPage\",\"@id\":\"https:\/\/littlecity.ch\/shop\/product\/orselina-silber-armband-flugzeug-anhaenger\/\",\"url\":\"https:\/\/littlecity.ch\/shop\/product\/orselina-silber-armband-flugzeug-anhaenger\/\",\"name\":\"Sterling Silber Armband mit Flugzeug Anh\u00e4nger | Swiss Made\",\"isPartOf\":{\"@id\":\"https:\/\/littlecity.ch\/shop\/#website\"},\"datePublished\":\"2019-06-13T17:55:20+00:00\",\"dateModified\":\"2023-08-28T13:06:39+00:00\",\"description\":\"Hochwertiges, handgemachtes Sterling Silber Armband mit Flugzeug Anh\u00e4nger. Swiss Made Reise Schmuck aus dem LittleCITY Shop. Jetzt hier entdecken!\",\"breadcrumb\":{\"@id\":\"https:\/\/littlecity.ch\/shop\/product\/orselina-silber-armband-flugzeug-anhaenger\/#breadcrumb\"},\"inLanguage\":\"de\",\"potentialAction\":[{\"@type\":\"ReadAction\",\"target\":[\"https:\/\/littlecity.ch\/shop\/product\/orselina-silber-armband-flugzeug-anhaenger\/\"]}]},{\"@type\":\"BreadcrumbList\",\"@id\":\"https:\/\/littlecity.ch\/shop\/product\/orselina-silber-armband-flugzeug-anhaenger\/#breadcrumb\",\"itemListElement\":[{\"@type\":\"ListItem\",\"position\":1,\"name\":\"Startseite\",\"item\":\"https:\/\/littlecity.ch\/shop\/\"},{\"@type\":\"ListItem\",\"position\":2,\"name\":\"\u00dcbersicht\",\"item\":\"https:\/\/littlecity.ch\/shop\/uebersicht\/\"},{\"@type\":\"ListItem\",\"position\":3,\"name\":\"Orselina Armband Flugzeug | Hand Made\"}]},{\"@type\":\"WebSite\",\"@id\":\"https:\/\/littlecity.ch\/shop\/#website\",\"url\":\"https:\/\/littlecity.ch\/shop\/\",\"name\":\"LittleCITY Online Shop\",\"description\":\"Shop f\u00fcr Reise Schmuck und Schweizer Uhren\",\"potentialAction\":[{\"@type\":\"SearchAction\",\"target\":{\"@type\":\"EntryPoint\",\"urlTemplate\":\"https:\/\/littlecity.ch\/shop\/?s={search_term_string}\"},\"query-input\":\"required name=search_term_string\"}],\"inLanguage\":\"de\"}]}<\/script>\n<!-- \/ Yoast SEO plugin. -->","yoast_head_json":{"title":"Sterling Silber Armband mit Flugzeug Anh\u00e4nger | Swiss Made","description":"Hochwertiges, handgemachtes Sterling Silber Armband mit Flugzeug Anh\u00e4nger. Swiss Made Reise Schmuck aus dem LittleCITY Shop. Jetzt hier entdecken!","robots":{"index":"index","follow":"follow","max-snippet":"max-snippet:-1","max-image-preview":"max-image-preview:large","max-video-preview":"max-video-preview:-1"},"canonical":"https:\/\/littlecity.ch\/shop\/product\/orselina-silber-armband-flugzeug-anhaenger\/","og_locale":"de_DE","og_type":"article","og_title":"Sterling Silber Armband mit Flugzeug Anh\u00e4nger | Swiss Made","og_description":"Hochwertiges, handgemachtes Sterling Silber Armband mit Flugzeug Anh\u00e4nger. Swiss Made Reise Schmuck aus dem LittleCITY Shop. Jetzt hier entdecken!","og_url":"https:\/\/littlecity.ch\/shop\/product\/orselina-silber-armband-flugzeug-anhaenger\/","og_site_name":"LittleCITY Online Shop","article_modified_time":"2023-08-28T13:06:39+00:00","og_image":[{"width":1281,"height":1920,"url":"https:\/\/littlecity.ch\/shop\/wp-content\/uploads\/2018\/12\/LittleCITY-Schmuck-Flugzeug-Anh\u00e4nger-7.jpg","type":"image\/jpeg"}],"twitter_card":"summary_large_image","twitter_misc":{"Gesch\u00e4tzte Lesezeit":"1\u00a0Minute"},"schema":{"@context":"https:\/\/schema.org","@graph":[{"@type":"WebPage","@id":"https:\/\/littlecity.ch\/shop\/product\/orselina-silber-armband-flugzeug-anhaenger\/","url":"https:\/\/littlecity.ch\/shop\/product\/orselina-silber-armband-flugzeug-anhaenger\/","name":"Sterling Silber Armband mit Flugzeug Anh\u00e4nger | Swiss Made","isPartOf":{"@id":"https:\/\/littlecity.ch\/shop\/#website"},"datePublished":"2019-06-13T17:55:20+00:00","dateModified":"2023-08-28T13:06:39+00:00","description":"Hochwertiges, handgemachtes Sterling Silber Armband mit Flugzeug Anh\u00e4nger. Swiss Made Reise Schmuck aus dem LittleCITY Shop. Jetzt hier entdecken!","breadcrumb":{"@id":"https:\/\/littlecity.ch\/shop\/product\/orselina-silber-armband-flugzeug-anhaenger\/#breadcrumb"},"inLanguage":"de","potentialAction":[{"@type":"ReadAction","target":["https:\/\/littlecity.ch\/shop\/product\/orselina-silber-armband-flugzeug-anhaenger\/"]}]},{"@type":"BreadcrumbList","@id":"https:\/\/littlecity.ch\/shop\/product\/orselina-silber-armband-flugzeug-anhaenger\/#breadcrumb","itemListElement":[{"@type":"ListItem","position":1,"name":"Startseite","item":"https:\/\/littlecity.ch\/shop\/"},{"@type":"ListItem","position":2,"name":"\u00dcbersicht","item":"https:\/\/littlecity.ch\/shop\/uebersicht\/"},{"@type":"ListItem","position":3,"name":"Orselina Armband Flugzeug | Hand Made"}]},{"@type":"WebSite","@id":"https:\/\/littlecity.ch\/shop\/#website","url":"https:\/\/littlecity.ch\/shop\/","name":"LittleCITY Online Shop","description":"Shop f\u00fcr Reise Schmuck und Schweizer Uhren","potentialAction":[{"@type":"SearchAction","target":{"@type":"EntryPoint","urlTemplate":"https:\/\/littlecity.ch\/shop\/?s={search_term_string}"},"query-input":"required name=search_term_string"}],"inLanguage":"de"}]}},"_links":{"self":[{"href":"https:\/\/littlecity.ch\/shop\/wp-json\/wp\/v2\/product\/13"}],"collection":[{"href":"https:\/\/littlecity.ch\/shop\/wp-json\/wp\/v2\/product"}],"about":[{"href":"https:\/\/littlecity.ch\/shop\/wp-json\/wp\/v2\/types\/product"}],"replies":[{"embeddable":true,"href":"https:\/\/littlecity.ch\/shop\/wp-json\/wp\/v2\/comments?post=13"}],"wp:featuredmedia":[{"embeddable":true,"href":"https:\/\/littlecity.ch\/shop\/wp-json\/wp\/v2\/media\/1595"}],"wp:attachment":[{"href":"https:\/\/littlecity.ch\/shop\/wp-json\/wp\/v2\/media?parent=13"}],"wp:term":[{"taxonomy":"product_cat","embeddable":true,"href":"https:\/\/littlecity.ch\/shop\/wp-json\/wp\/v2\/product_cat?post=13"},{"taxonomy":"product_tag","embeddable":true,"href":"https:\/\/littlecity.ch\/shop\/wp-json\/wp\/v2\/product_tag?post=13"}],"curies":[{"name":"wp","href":"https:\/\/api.w.org\/{rel}","templated":true}]}}