{"id":1728,"date":"2018-12-14T17:20:55","date_gmt":"2018-12-14T16:20:55","guid":{"rendered":"https:\/\/littlecity.ch\/shop\/?page_id=1728"},"modified":"2018-12-14T17:20:56","modified_gmt":"2018-12-14T16:20:56","slug":"impressum-shop","status":"publish","type":"page","link":"https:\/\/littlecity.ch\/shop\/impressum-shop\/","title":{"rendered":"Impressum Shop"},"content":{"rendered":"\n<p>Verantwortlich f\u00fcr hier publizierten Inhalte (ausgenommen der Kommentare) ist wenn nicht anders erw\u00e4hnt:<\/p>\n\n\n\n<h2 class=\"wp-block-heading\">Kontaktadresse<\/h2>\n\n\n\n<p><strong>LittleCITY Shop<\/strong> by 201 GmbH<br> Alte Stationsstr. 14<br> 8906 Bonstetten<\/p>\n\n\n\n<p>valeria @ littlecity.ch<\/p>\n\n\n\n<h2 class=\"wp-block-heading\">Haftungsausschluss<\/h2>\n\n\n\n<p>Der\n Autor \u00fcbernimmt keinerlei Gew\u00e4hr hinsichtlich der inhaltlichen \nRichtigkeit, Genauigkeit, Aktualit\u00e4t, Zuverl\u00e4ssigkeit und \nVollst\u00e4ndigkeit der Informationen.<\/p>\n\n\n\n<p>Haftungsanspr\u00fcche gegen den \nAutor wegen Sch\u00e4den materieller oder immaterieller Art, welche aus dem \nZugriff oder der Nutzung bzw. Nichtnutzung der ver\u00f6ffentlichten \nInformationen, durch Missbrauch der Verbindung oder durch technische \nSt\u00f6rungen entstanden sind, werden ausgeschlossen.<\/p>\n\n\n\n<p>Alle Angebote \nsind unverbindlich. Der Autor beh\u00e4lt es sich ausdr\u00fccklich vor, Teile der\n Seiten oder das gesamte Angebot ohne gesonderte Ank\u00fcndigung zu \nver\u00e4ndern, zu erg\u00e4nzen, zu l\u00f6schen oder die Ver\u00f6ffentlichung zeitweise \noder endg\u00fcltig einzustellen.<\/p>\n\n\n\n<p>Diese Webseite und die Inhalte von \nLittleCITY und durchgef\u00fchrte Wettbewerbe richten sich ausschliesslich an\n ein Schweizer Publikum.<\/p>\n\n\n\n<h2 class=\"wp-block-heading\">Haftung f\u00fcr Links<\/h2>\n\n\n\n<p>Verweise und \nLinks auf Webseiten Dritter liegen ausserhalb unseres \nVerantwortungsbereichs Es wird jegliche Verantwortung f\u00fcr solche \nWebseiten abgelehnt. Der Zugriff und die Nutzung solcher Webseiten \nerfolgen auf eigene Gefahr des Nutzers oder der Nutzerin.<\/p>\n\n\n\n<h2 class=\"wp-block-heading\">Urheberrechte<\/h2>\n\n\n\n<p>Die Urheber- und alle anderen Rechte an Inhalten, Bildern, Fotos oder anderen Dateien auf der Website geh\u00f6ren ausschliesslich<strong> LittleCITY.ch <\/strong>oder\n den speziell genannten Rechtsinhabern. F\u00fcr die Reproduktion jeglicher \nElemente ist die schriftliche Zustimmung der Urheberrechtstr\u00e4ger im \nVoraus einzuholen.<\/p>\n\n\n\n<h2 class=\"wp-block-heading\">Datenschutz<\/h2>\n\n\n\n<p>Gest\u00fctzt auf Artikel 13 der\n schweizerischen Bundesverfassung und die datenschutzrechtlichen \nBestimmungen des Bundes (Datenschutzgesetz, DSG) hat jede Person \nAnspruch auf Schutz ihrer Privatsph\u00e4re sowie auf Schutz vor Missbrauch \nihrer pers\u00f6nlichen Daten. Wir halten diese Bestimmungen ein. Pers\u00f6nliche\n Daten werden streng vertraulich behandelt und weder an Dritte verkauft \nnoch weiter gegeben.<\/p>\n\n\n\n<p>In enger Zusammenarbeit mit unseren \nHosting-Providern bem\u00fchen wir uns, die Datenbanken so gut wie m\u00f6glich \nvor fremden Zugriffen, Verlusten, Missbrauch oder vor F\u00e4lschung zu \nsch\u00fctzen.<\/p>\n\n\n\n<p>Beim Zugriff auf unsere Webseiten werden folgende Daten \nin Logfiles gespeichert: IP-Adresse, Datum, Uhrzeit, Browser-Anfrage und\n allg. \u00fcbertragene Informationen zum Betriebssystem resp. Browser. Diese\n Nutzungsdaten bilden die Basis f\u00fcr statistische, anonyme Auswertungen, \nso dass Trends erkennbar sind, anhand derer wir unsere Angebote \nentsprechend verbessern k\u00f6nnen.<\/p>\n\n\n\n<h2 class=\"wp-block-heading\">Datenschutzerkl\u00e4rung f\u00fcr die Nutzung von Facebook-Plugins (Like-Button)<\/h2>\n\n\n\n<p>Auf\n unseren Seiten sind Plugins des sozialen Netzwerks Facebook, 1601 South\n California Avenue, Palo Alto, CA 94304, USA integriert. Die \nFacebook-Plugins erkennen Sie an dem Facebook-Logo oder dem \n\u201cLike-Button\u201d (\u201cGef\u00e4llt mir\u201d) auf unserer Seite. Eine \u00dcbersicht \u00fcber die\n Facebook-Plugins finden Sie hier: \nhttp:\/\/developers.facebook.com\/docs\/plugins\/.<\/p>\n\n\n\n<p>Wenn Sie unsere \nSeiten besuchen, wird \u00fcber das Plugin eine direkte Verbindung zwischen \nIhrem Browser und dem Facebook-Server hergestellt. Facebook erh\u00e4lt \ndadurch die Information, dass Sie mit Ihrer IP-Adresse unsere Seite \nbesucht haben. Wenn Sie den Facebook \u201cLike-Button\u201d anklicken w\u00e4hrend Sie\n in Ihrem Facebook-Account eingeloggt sind, k\u00f6nnen Sie die Inhalte \nunserer Seiten auf Ihrem Facebook-Profil verlinken. Dadurch kann \nFacebook den Besuch unserer Seiten Ihrem Benutzerkonto zuordnen. Wir \nweisen darauf hin, dass wir als Anbieter der Seiten keine Kenntnis vom \nInhalt der \u00fcbermittelten Daten sowie deren Nutzung durch Facebook \nerhalten. Weitere Informationen hierzu finden Sie in der \nDatenschutzerkl\u00e4rung von facebook unter \nhttps:\/\/www.facebook.com\/about\/privacy\/<\/p>\n\n\n\n<p>Wenn Sie nicht w\u00fcnschen, \ndass Facebook den Besuch unserer Seiten Ihrem Facebook-Nutzerkonto \nzuordnen kann, loggen Sie sich bitte aus Ihrem Facebook-Benutzerkonto \naus.<\/p>\n\n\n\n<h2 class=\"wp-block-heading\">Datenschutzerkl\u00e4rung f\u00fcr die Nutzung von Twitter<\/h2>\n\n\n\n<p>Auf \nunseren Seiten sind Funktionen des Dienstes Twitter eingebunden. Diese \nFunktionen werden angeboten durch die Twitter Inc., 795 Folsom St., \nSuite 600, San Francisco, CA 94107, USA. Durch das Benutzen von Twitter \nund der Funktion \u201cRe-Tweet\u201d werden die von Ihnen besuchten Webseiten mit\n Ihrem Twitter-Account verkn\u00fcpft und anderen Nutzern bekannt gegeben. \nDabei werden u.a. Daten wie IP-Adresse, Browsertyp, aufgerufene Domains,\n besuchte Seiten, Mobilfunkanbieter, Ger\u00e4te- und Applikations-IDs und \nSuchbegriffe an Twitter \u00fcbertragen.<\/p>\n\n\n\n<p>Wir weisen darauf hin, dass \nwir als Anbieter der Seiten keine Kenntnis vom Inhalt der \u00fcbermittelten \nDaten sowie deren Nutzung durch Twitter erhalten. Aufgrund laufender \nAktualisierung der Datenschutzerkl\u00e4rung von Twitter, weisen wir auf die \naktuellste Version unter (http:\/\/twitter.com\/privacy) hin.<\/p>\n\n\n\n<p>Ihre \nDatenschutzeinstellungen bei Twitter k\u00f6nnen Sie in den \nKonto-Einstellungen unter http:\/\/twitter.com\/account\/settings \u00e4ndern. \nBei Fragen wenden Sie sich an privacy@twitter.com.<\/p>\n\n\n\n<h2 class=\"wp-block-heading\">Datenschutzerkl\u00e4rung f\u00fcr die Nutzung von Google Adsense<\/h2>\n\n\n\n<p>Diese\n Website benutzt Google AdSense, einen Dienst zum Einbinden von \nWerbeanzeigen der Google Inc. (\u201cGoogle\u201d). Google AdSense verwendet sog. \n\u201cCookies\u201d, Textdateien, die auf Ihrem Computer gespeichert werden und \ndie eine Analyse der Benutzung der Website erm\u00f6glicht. Google AdSense \nverwendet auch so genannte Web Beacons (unsichtbare Grafiken). Durch \ndiese Web Beacons k\u00f6nnen Informationen wie der Besucherverkehr auf \ndiesen Seiten ausgewertet werden.<\/p>\n\n\n\n<p>Die durch Cookies und Web \nBeacons erzeugten Informationen \u00fcber die Benutzung dieser Website \n(einschlie\u00dflich Ihrer IP-Adresse) und Auslieferung von Werbeformaten \nwerden an einen Server von Google in den USA \u00fcbertragen und dort \ngespeichert. Diese Informationen k\u00f6nnen von Google an Vertragspartner \nvon Google weiter gegeben werden. Google wird Ihre IP-Adresse jedoch \nnicht mit anderen von Ihnen gespeicherten Daten zusammenf\u00fchren.<\/p>\n\n\n\n<p>Sie\n k\u00f6nnen die Installation der Cookies durch eine entsprechende \nEinstellung Ihrer Browser Software verhindern; wir weisen Sie jedoch \ndarauf hin, dass Sie in diesem Fall gegebenenfalls nicht s\u00e4mtliche \nFunktionen dieser Website voll umf\u00e4nglich nutzen k\u00f6nnen. Durch die \nNutzung dieser Website erkl\u00e4ren Sie sich mit der Bearbeitung der \u00fcber \nSie erhobenen Daten durch Google in der zuvor beschriebenen Art und \nWeise und zu dem zuvor benannten Zweck einverstanden.<\/p>\n\n\n\n<h2 class=\"wp-block-heading\">Datenschutzerkl\u00e4rung f\u00fcr die Nutzung von Google Analytics<\/h2>\n\n\n\n<p>Diese\n Website benutzt Google Analytics, einen Webanalysedienst der Google \nInc. (\u201cGoogle\u201d). Google Analytics verwendet sog. \u201cCookies\u201d, Textdateien,\n die auf Ihrem Computer gespeichert werden und die eine Analyse der \nBenutzung der Website durch Sie erm\u00f6glichen. Die durch den Cookie \nerzeugten Informationen \u00fcber Ihre Benutzung dieser Website werden in der\n Regel an einen Server von Google in den USA \u00fcbertragen und dort \ngespeichert. Im Falle der Aktivierung der IP-Anonymisierung auf dieser \nWebseite wird Ihre IP-Adresse von Google jedoch innerhalb von \nMitgliedstaaten der Europ\u00e4ischen Union oder in anderen Vertragsstaaten \ndes Abkommens \u00fcber den Europ\u00e4ischen Wirtschaftsraum zuvor gek\u00fcrzt.<\/p>\n\n\n\n<p>Nur\n in Ausnahmef\u00e4llen wird die volle IP-Adresse an einen Server von Google \nin den USA \u00fcbertragen und dort gek\u00fcrzt. Google wird diese Informationen \nbenutzen, um Ihre Nutzung der Website auszuwerten, um Reports \u00fcber die \nWebsiteaktivit\u00e4ten f\u00fcr die Websitebetreiber zusammenzustellen und um \nweitere mit der Websitenutzung und der Internetnutzung verbundene \nDienstleistungen zu erbringen. Auch wird Google diese Informationen \ngegebenenfalls an Dritte \u00fcbertragen, sofern dies gesetzlich \nvorgeschrieben oder soweit Dritte diese Daten im Auftrag von Google \nverarbeiten. Die im Rahmen von Google Analytics von Ihrem Browser \n\u00fcbermittelte IP-Adresse wird nicht mit anderen Daten von Google \nzusammengef\u00fchrt.<\/p>\n\n\n\n<p>Sie k\u00f6nnen die Installation der Cookies durch \neine entsprechende Einstellung Ihrer Browser Software verhindern; wir \nweisen Sie jedoch darauf hin, dass Sie in diesem Fall gegebenenfalls \nnicht s\u00e4mtliche Funktionen dieser Website voll umf\u00e4nglich nutzen k\u00f6nnen.\n Durch die Nutzung dieser Website erkl\u00e4ren Sie sich mit der Bearbeitung \nder \u00fcber Sie erhobenen Daten durch Google in der zuvor beschriebenen Art\n und Weise und zu dem zuvor benannten Zweck einverstanden.<\/p>\n\n\n\n<h2 class=\"wp-block-heading\">Datenschutzerkl\u00e4rung f\u00fcr die Nutzung von Google +1<\/h2>\n\n\n\n<p>Mithilfe\n der Google +1-Schaltfl\u00e4che k\u00f6nnen Sie Informationen weltweit \nver\u00f6ffentlichen. \u00dcber die Google +1-Schaltfl\u00e4che erhalten Sie und andere\n Nutzer personalisierte Inhalte von Google und dessen Partnern. Google \nspeichert sowohl die Information, dass Sie f\u00fcr einen Inhalt +1 gegeben \nhaben, als auch Informationen \u00fcber die Seite, die Sie beim Klicken auf \n+1 angesehen haben. Ihre +1 k\u00f6nnen als Hinweise zusammen mit Ihrem \nProfilnamen und Ihrem Foto in Google-Diensten, wie etwa in \nSuchergebnissen oder in Ihrem Google-Profil, oder an anderen Stellen auf\n Websites und Anzeigen im Internet eingeblendet werden.<\/p>\n\n\n\n<p>Google zeichnet Informationen \u00fcber Ihre +1-Aktivit\u00e4ten auf, um die Google-Dienste f\u00fcr Sie und andere zu verbessern.<\/p>\n\n\n\n<p>Um\n die Google +1-Schaltfl\u00e4che verwenden zu k\u00f6nnen, ben\u00f6tigen Sie ein \nweltweit sichtbares, \u00f6ffentliches Google-Profil, das zumindest den f\u00fcr \ndas Profil gew\u00e4hlten Namen enthalten muss. Dieser Name wird in allen \nGoogle-Diensten verwendet. In manchen F\u00e4llen kann dieser Name auch einen\n anderen Namen ersetzen, den Sie beim Teilen von Inhalten \u00fcber Ihr \nGoogle-Konto verwendet haben. Die Identit\u00e4t Ihres Google-Profils kann \nNutzern angezeigt werden, die Ihre E-Mail-Adresse kennen oder \u00fcber \nandere identifizierende Informationen von Ihnen verf\u00fcgen.<\/p>\n\n\n\n<p>Neben \nden oben erl\u00e4uterten Verwendungszwecken werden die von Ihnen \nbereitgestellten Informationen gem\u00e4\u00df den geltenden \nGoogle-Datenschutzbestimmungen \n(http:\/\/www.google.com\/intl\/de\/policies\/privacy\/) genutzt. Google \nver\u00f6ffentlicht m\u00f6glicherweise zusammengefasste Statistiken \u00fcber die \n+1-Aktivit\u00e4ten der Nutzer bzw. geben diese Statistiken an unsere Nutzer \nund Partner weiter, wie etwa Publisher, Inserenten oder verbundene \nWebsites.<\/p>\n\n\n\n<h2 class=\"wp-block-heading\">Quelle<\/h2>\n\n\n\n<p>Dieses Impressum wurde am <strong>13.12.2018<\/strong> mit dem Impressum-Generator <strong><a href=\"http:\/\/www.bag.ch\/impressum-generator\">http:\/\/www.bag.ch\/impressum-generator<\/a><\/strong> der Firma Brunner Medien AG in Kriens erstellt. Die Brunner Medien AG in Kriens \u00fcbernimmt keine Haftung.<\/p>\n\n\n\n<h2 class=\"wp-block-heading\">Anwendbares Recht und Gerichtsstand<\/h2>\n\n\n\n<p>Vorbeh\u00e4ltlich\n anderer gesetzlicher Bestimmungen unterstehen das vorliegende \nWebangebot und dessen Benutzung sowie Services, welche mit dem \nWebangebot in Zusammenhang stehen, ausschliesslich schweizerischem \nRecht.<\/p>\n\n\n\n<h2 class=\"wp-block-heading\">Vertretungsberechtigte Personen<\/h2>\n\n\n\n<p>Valeria Mella<\/p>\n\n\n\n<h2 class=\"wp-block-heading\">Handelsregistereintrag<\/h2>\n\n\n\n<p>Nummer: CH-020.4.045.065-7<\/p>\n\n\n\n<h2 class=\"wp-block-heading\">Mehrwertsteuernummer<\/h2>\n\n\n\n<p>CHE-334.856.437<\/p>\n","protected":false},"excerpt":{"rendered":"<p>Verantwortlich f\u00fcr hier publizierten Inhalte (ausgenommen der Kommentare) ist wenn nicht anders erw\u00e4hnt: Kontaktadresse LittleCITY Shop by 201 GmbH Alte<\/p>\n","protected":false},"author":2,"featured_media":0,"parent":0,"menu_order":0,"comment_status":"closed","ping_status":"closed","template":"","meta":{"footnotes":""},"yoast_head":"<!-- This site is optimized with the Yoast SEO plugin v21.4 - https:\/\/yoast.com\/wordpress\/plugins\/seo\/ -->\n<title>Impressum Shop - LittleCITY Online Shop<\/title>\n<meta name=\"robots\" content=\"index, follow, max-snippet:-1, max-image-preview:large, max-video-preview:-1\" \/>\n<link rel=\"canonical\" href=\"https:\/\/littlecity.ch\/shop\/impressum-shop\/\" \/>\n<meta property=\"og:locale\" content=\"de_DE\" \/>\n<meta property=\"og:type\" content=\"article\" \/>\n<meta property=\"og:title\" content=\"Impressum Shop - LittleCITY Online Shop\" \/>\n<meta property=\"og:description\" content=\"Verantwortlich f\u00fcr hier publizierten Inhalte (ausgenommen der Kommentare) ist wenn nicht anders erw\u00e4hnt: Kontaktadresse LittleCITY Shop by 201 GmbH Alte\" \/>\n<meta property=\"og:url\" content=\"https:\/\/littlecity.ch\/shop\/impressum-shop\/\" \/>\n<meta property=\"og:site_name\" content=\"LittleCITY Online Shop\" \/>\n<meta property=\"article:modified_time\" content=\"2018-12-14T16:20:56+00:00\" \/>\n<meta name=\"twitter:card\" content=\"summary_large_image\" \/>\n<meta name=\"twitter:label1\" content=\"Gesch\u00e4tzte Lesezeit\" \/>\n\t<meta name=\"twitter:data1\" content=\"7\u00a0Minuten\" \/>\n<script type=\"application\/ld+json\" class=\"yoast-schema-graph\">{\"@context\":\"https:\/\/schema.org\",\"@graph\":[{\"@type\":\"WebPage\",\"@id\":\"https:\/\/littlecity.ch\/shop\/impressum-shop\/\",\"url\":\"https:\/\/littlecity.ch\/shop\/impressum-shop\/\",\"name\":\"Impressum Shop - LittleCITY Online Shop\",\"isPartOf\":{\"@id\":\"https:\/\/littlecity.ch\/shop\/#website\"},\"datePublished\":\"2018-12-14T16:20:55+00:00\",\"dateModified\":\"2018-12-14T16:20:56+00:00\",\"breadcrumb\":{\"@id\":\"https:\/\/littlecity.ch\/shop\/impressum-shop\/#breadcrumb\"},\"inLanguage\":\"de\",\"potentialAction\":[{\"@type\":\"ReadAction\",\"target\":[\"https:\/\/littlecity.ch\/shop\/impressum-shop\/\"]}]},{\"@type\":\"BreadcrumbList\",\"@id\":\"https:\/\/littlecity.ch\/shop\/impressum-shop\/#breadcrumb\",\"itemListElement\":[{\"@type\":\"ListItem\",\"position\":1,\"name\":\"Startseite\",\"item\":\"https:\/\/littlecity.ch\/shop\/\"},{\"@type\":\"ListItem\",\"position\":2,\"name\":\"Impressum Shop\"}]},{\"@type\":\"WebSite\",\"@id\":\"https:\/\/littlecity.ch\/shop\/#website\",\"url\":\"https:\/\/littlecity.ch\/shop\/\",\"name\":\"LittleCITY Online Shop\",\"description\":\"Shop f\u00fcr Reise Schmuck und Schweizer Uhren\",\"potentialAction\":[{\"@type\":\"SearchAction\",\"target\":{\"@type\":\"EntryPoint\",\"urlTemplate\":\"https:\/\/littlecity.ch\/shop\/?s={search_term_string}\"},\"query-input\":\"required name=search_term_string\"}],\"inLanguage\":\"de\"}]}<\/script>\n<!-- \/ Yoast SEO plugin. -->","yoast_head_json":{"title":"Impressum Shop - LittleCITY Online Shop","robots":{"index":"index","follow":"follow","max-snippet":"max-snippet:-1","max-image-preview":"max-image-preview:large","max-video-preview":"max-video-preview:-1"},"canonical":"https:\/\/littlecity.ch\/shop\/impressum-shop\/","og_locale":"de_DE","og_type":"article","og_title":"Impressum Shop - LittleCITY Online Shop","og_description":"Verantwortlich f\u00fcr hier publizierten Inhalte (ausgenommen der Kommentare) ist wenn nicht anders erw\u00e4hnt: Kontaktadresse LittleCITY Shop by 201 GmbH Alte","og_url":"https:\/\/littlecity.ch\/shop\/impressum-shop\/","og_site_name":"LittleCITY Online Shop","article_modified_time":"2018-12-14T16:20:56+00:00","twitter_card":"summary_large_image","twitter_misc":{"Gesch\u00e4tzte Lesezeit":"7\u00a0Minuten"},"schema":{"@context":"https:\/\/schema.org","@graph":[{"@type":"WebPage","@id":"https:\/\/littlecity.ch\/shop\/impressum-shop\/","url":"https:\/\/littlecity.ch\/shop\/impressum-shop\/","name":"Impressum Shop - LittleCITY Online Shop","isPartOf":{"@id":"https:\/\/littlecity.ch\/shop\/#website"},"datePublished":"2018-12-14T16:20:55+00:00","dateModified":"2018-12-14T16:20:56+00:00","breadcrumb":{"@id":"https:\/\/littlecity.ch\/shop\/impressum-shop\/#breadcrumb"},"inLanguage":"de","potentialAction":[{"@type":"ReadAction","target":["https:\/\/littlecity.ch\/shop\/impressum-shop\/"]}]},{"@type":"BreadcrumbList","@id":"https:\/\/littlecity.ch\/shop\/impressum-shop\/#breadcrumb","itemListElement":[{"@type":"ListItem","position":1,"name":"Startseite","item":"https:\/\/littlecity.ch\/shop\/"},{"@type":"ListItem","position":2,"name":"Impressum Shop"}]},{"@type":"WebSite","@id":"https:\/\/littlecity.ch\/shop\/#website","url":"https:\/\/littlecity.ch\/shop\/","name":"LittleCITY Online Shop","description":"Shop f\u00fcr Reise Schmuck und Schweizer Uhren","potentialAction":[{"@type":"SearchAction","target":{"@type":"EntryPoint","urlTemplate":"https:\/\/littlecity.ch\/shop\/?s={search_term_string}"},"query-input":"required name=search_term_string"}],"inLanguage":"de"}]}},"_links":{"self":[{"href":"https:\/\/littlecity.ch\/shop\/wp-json\/wp\/v2\/pages\/1728"}],"collection":[{"href":"https:\/\/littlecity.ch\/shop\/wp-json\/wp\/v2\/pages"}],"about":[{"href":"https:\/\/littlecity.ch\/shop\/wp-json\/wp\/v2\/types\/page"}],"author":[{"embeddable":true,"href":"https:\/\/littlecity.ch\/shop\/wp-json\/wp\/v2\/users\/2"}],"replies":[{"embeddable":true,"href":"https:\/\/littlecity.ch\/shop\/wp-json\/wp\/v2\/comments?post=1728"}],"version-history":[{"count":1,"href":"https:\/\/littlecity.ch\/shop\/wp-json\/wp\/v2\/pages\/1728\/revisions"}],"predecessor-version":[{"id":1729,"href":"https:\/\/littlecity.ch\/shop\/wp-json\/wp\/v2\/pages\/1728\/revisions\/1729"}],"wp:attachment":[{"href":"https:\/\/littlecity.ch\/shop\/wp-json\/wp\/v2\/media?parent=1728"}],"curies":[{"name":"wp","href":"https:\/\/api.w.org\/{rel}","templated":true}]}}