{"id":1656,"date":"2018-12-13T23:37:44","date_gmt":"2018-12-13T23:37:44","guid":{"rendered":"https:\/\/littlecity.ch\/shop\/?page_id=1656"},"modified":"2018-12-15T12:58:32","modified_gmt":"2018-12-15T11:58:32","slug":"ueber-unsere-produkte","status":"publish","type":"page","link":"https:\/\/littlecity.ch\/shop\/ueber-unsere-produkte\/","title":{"rendered":"\u00dcber unsere Produkte"},"content":{"rendered":"\n<p style=\"text-align:left\">Hallo und sch\u00f6n, dass du da bist!<br><\/p>\n\n\n\n<p>Mit dem LittleCITY Online Shop und unserer eigenen, kleinen Schmuck- und Uhren Kollektion ging f\u00fcr uns Ende 2018 ein grosser Traum in Erf\u00fcllung.<br><\/p>\n\n\n\n<p style=\"text-align:left\">Das Reisen und die Welt zu entdecken ist seit vielen Jahren unsere grosse Leidenschaft. Dies hat Valeria zu ihrer ersten eigenen Schmuck Kollektion inspiriert, welche f\u00fcr Abenteuer und Freiheit steht und gleichzeitig durch das Schweizerkreuz auf dem Flugzeug Anh\u00e4nger auch die Verbundenheit zur Heimat symbolisiert. Denn uns ist beides wichtig. Beides macht uns aus. Das wollten wir auch in unseren Schmuckst\u00fccken wiederspiegeln. Zudem verwenden wir f\u00fcr unsere Armb\u00e4nder einen Schutzstein, welcher auf Reisen von Gefahren sch\u00fctzt.<\/p>\n\n\n\n<p style=\"text-align:left\">Mit unserer ersten, limitierten Swiss Made Uhr wollen wir zudem auf ein wichtiges Thema aufmerksam machen: Zugang zu frischem Trinkwasser. Etwas was in vielen L\u00e4ndern nicht so selbstverst\u00e4ndlich ist, wie bei uns in der Schweiz. Mit jeder verkauften Uhr wird einem Kind Zugang zu frischem Trinkwasser erm\u00f6glicht, indem wir einen Teil der Einnahmen an die Waterkiosk Foundation spenden.<br><\/p>\n\n\n\n<p style=\"text-align:left\">S\u00e4mtliche Produkte in unserem Shop wurden von uns designt und stehen f\u00fcr einzigartige, qualitativ hochwertige Produkte. Unsere Armb\u00e4nder werden liebevoll in der Schweiz hergestellt. Ebenso unser Uhren Modell. <br><\/p>\n\n\n\n<p style=\"text-align:left\">Alle Produkte tragen Namen, welche uns pers\u00f6nlich viel bedeuten. So sind alle Schmuckst\u00fccke unserer Reise Kollektion nach Ortschaften benannt, welche einen besonderen Platz in unserem Herzen haben.<\/p>\n\n\n\n<p style=\"text-align:left\">Vielen Dank, dass du unser Herzensprojekt, den LittleCITY Shop besuchst.<\/p>\n\n\n\n<p style=\"text-align:left\">Viel Spass beim St\u00f6bern!<\/p>\n\n\n\n<p style=\"text-align:left\">Valeria &amp; Adi<br><\/p>\n\n\n\n<p><br><\/p>\n\n\n\n<p><br><\/p>\n","protected":false},"excerpt":{"rendered":"<p>Hallo und sch\u00f6n, dass du da bist! Mit dem LittleCITY Online Shop und unserer eigenen, kleinen Schmuck- und Uhren Kollektion<\/p>\n","protected":false},"author":2,"featured_media":0,"parent":0,"menu_order":0,"comment_status":"closed","ping_status":"closed","template":"","meta":{"footnotes":""},"yoast_head":"<!-- This site is optimized with the Yoast SEO plugin v21.4 - https:\/\/yoast.com\/wordpress\/plugins\/seo\/ -->\n<title>\u00dcber unsere Produkte - LittleCITY Online Shop<\/title>\n<meta name=\"robots\" content=\"index, follow, max-snippet:-1, max-image-preview:large, max-video-preview:-1\" \/>\n<link rel=\"canonical\" href=\"https:\/\/littlecity.ch\/shop\/ueber-unsere-produkte\/\" \/>\n<meta property=\"og:locale\" content=\"de_DE\" \/>\n<meta property=\"og:type\" content=\"article\" \/>\n<meta property=\"og:title\" content=\"\u00dcber unsere Produkte - LittleCITY Online Shop\" \/>\n<meta property=\"og:description\" content=\"Hallo und sch\u00f6n, dass du da bist! Mit dem LittleCITY Online Shop und unserer eigenen, kleinen Schmuck- und Uhren Kollektion\" \/>\n<meta property=\"og:url\" content=\"https:\/\/littlecity.ch\/shop\/ueber-unsere-produkte\/\" \/>\n<meta property=\"og:site_name\" content=\"LittleCITY Online Shop\" \/>\n<meta property=\"article:modified_time\" content=\"2018-12-15T11:58:32+00:00\" \/>\n<meta name=\"twitter:card\" content=\"summary_large_image\" \/>\n<meta name=\"twitter:label1\" content=\"Gesch\u00e4tzte Lesezeit\" \/>\n\t<meta name=\"twitter:data1\" content=\"1\u00a0Minute\" \/>\n<script type=\"application\/ld+json\" class=\"yoast-schema-graph\">{\"@context\":\"https:\/\/schema.org\",\"@graph\":[{\"@type\":\"WebPage\",\"@id\":\"https:\/\/littlecity.ch\/shop\/ueber-unsere-produkte\/\",\"url\":\"https:\/\/littlecity.ch\/shop\/ueber-unsere-produkte\/\",\"name\":\"\u00dcber unsere Produkte - LittleCITY Online Shop\",\"isPartOf\":{\"@id\":\"https:\/\/littlecity.ch\/shop\/#website\"},\"datePublished\":\"2018-12-13T23:37:44+00:00\",\"dateModified\":\"2018-12-15T11:58:32+00:00\",\"breadcrumb\":{\"@id\":\"https:\/\/littlecity.ch\/shop\/ueber-unsere-produkte\/#breadcrumb\"},\"inLanguage\":\"de\",\"potentialAction\":[{\"@type\":\"ReadAction\",\"target\":[\"https:\/\/littlecity.ch\/shop\/ueber-unsere-produkte\/\"]}]},{\"@type\":\"BreadcrumbList\",\"@id\":\"https:\/\/littlecity.ch\/shop\/ueber-unsere-produkte\/#breadcrumb\",\"itemListElement\":[{\"@type\":\"ListItem\",\"position\":1,\"name\":\"Startseite\",\"item\":\"https:\/\/littlecity.ch\/shop\/\"},{\"@type\":\"ListItem\",\"position\":2,\"name\":\"\u00dcber unsere Produkte\"}]},{\"@type\":\"WebSite\",\"@id\":\"https:\/\/littlecity.ch\/shop\/#website\",\"url\":\"https:\/\/littlecity.ch\/shop\/\",\"name\":\"LittleCITY Online Shop\",\"description\":\"Shop f\u00fcr Reise Schmuck und Schweizer Uhren\",\"potentialAction\":[{\"@type\":\"SearchAction\",\"target\":{\"@type\":\"EntryPoint\",\"urlTemplate\":\"https:\/\/littlecity.ch\/shop\/?s={search_term_string}\"},\"query-input\":\"required name=search_term_string\"}],\"inLanguage\":\"de\"}]}<\/script>\n<!-- \/ Yoast SEO plugin. -->","yoast_head_json":{"title":"\u00dcber unsere Produkte - LittleCITY Online Shop","robots":{"index":"index","follow":"follow","max-snippet":"max-snippet:-1","max-image-preview":"max-image-preview:large","max-video-preview":"max-video-preview:-1"},"canonical":"https:\/\/littlecity.ch\/shop\/ueber-unsere-produkte\/","og_locale":"de_DE","og_type":"article","og_title":"\u00dcber unsere Produkte - LittleCITY Online Shop","og_description":"Hallo und sch\u00f6n, dass du da bist! Mit dem LittleCITY Online Shop und unserer eigenen, kleinen Schmuck- und Uhren Kollektion","og_url":"https:\/\/littlecity.ch\/shop\/ueber-unsere-produkte\/","og_site_name":"LittleCITY Online Shop","article_modified_time":"2018-12-15T11:58:32+00:00","twitter_card":"summary_large_image","twitter_misc":{"Gesch\u00e4tzte Lesezeit":"1\u00a0Minute"},"schema":{"@context":"https:\/\/schema.org","@graph":[{"@type":"WebPage","@id":"https:\/\/littlecity.ch\/shop\/ueber-unsere-produkte\/","url":"https:\/\/littlecity.ch\/shop\/ueber-unsere-produkte\/","name":"\u00dcber unsere Produkte - LittleCITY Online Shop","isPartOf":{"@id":"https:\/\/littlecity.ch\/shop\/#website"},"datePublished":"2018-12-13T23:37:44+00:00","dateModified":"2018-12-15T11:58:32+00:00","breadcrumb":{"@id":"https:\/\/littlecity.ch\/shop\/ueber-unsere-produkte\/#breadcrumb"},"inLanguage":"de","potentialAction":[{"@type":"ReadAction","target":["https:\/\/littlecity.ch\/shop\/ueber-unsere-produkte\/"]}]},{"@type":"BreadcrumbList","@id":"https:\/\/littlecity.ch\/shop\/ueber-unsere-produkte\/#breadcrumb","itemListElement":[{"@type":"ListItem","position":1,"name":"Startseite","item":"https:\/\/littlecity.ch\/shop\/"},{"@type":"ListItem","position":2,"name":"\u00dcber unsere Produkte"}]},{"@type":"WebSite","@id":"https:\/\/littlecity.ch\/shop\/#website","url":"https:\/\/littlecity.ch\/shop\/","name":"LittleCITY Online Shop","description":"Shop f\u00fcr Reise Schmuck und Schweizer Uhren","potentialAction":[{"@type":"SearchAction","target":{"@type":"EntryPoint","urlTemplate":"https:\/\/littlecity.ch\/shop\/?s={search_term_string}"},"query-input":"required name=search_term_string"}],"inLanguage":"de"}]}},"_links":{"self":[{"href":"https:\/\/littlecity.ch\/shop\/wp-json\/wp\/v2\/pages\/1656"}],"collection":[{"href":"https:\/\/littlecity.ch\/shop\/wp-json\/wp\/v2\/pages"}],"about":[{"href":"https:\/\/littlecity.ch\/shop\/wp-json\/wp\/v2\/types\/page"}],"author":[{"embeddable":true,"href":"https:\/\/littlecity.ch\/shop\/wp-json\/wp\/v2\/users\/2"}],"replies":[{"embeddable":true,"href":"https:\/\/littlecity.ch\/shop\/wp-json\/wp\/v2\/comments?post=1656"}],"version-history":[{"count":9,"href":"https:\/\/littlecity.ch\/shop\/wp-json\/wp\/v2\/pages\/1656\/revisions"}],"predecessor-version":[{"id":1762,"href":"https:\/\/littlecity.ch\/shop\/wp-json\/wp\/v2\/pages\/1656\/revisions\/1762"}],"wp:attachment":[{"href":"https:\/\/littlecity.ch\/shop\/wp-json\/wp\/v2\/media?parent=1656"}],"curies":[{"name":"wp","href":"https:\/\/api.w.org\/{rel}","templated":true}]}}