{"id":1624,"date":"2018-12-13T21:51:35","date_gmt":"2018-12-13T21:51:35","guid":{"rendered":"https:\/\/littlecity.ch\/shop\/?page_id=1624"},"modified":"2023-01-24T18:48:55","modified_gmt":"2023-01-24T17:48:55","slug":"versand","status":"publish","type":"page","link":"https:\/\/littlecity.ch\/shop\/versand\/","title":{"rendered":"Versand"},"content":{"rendered":"<p>[vc_row][vc_column width=&#8220;1\/4&#8243;][vc_icon icon_fontawesome=&#8220;fa fa-truck&#8220; color=&#8220;grey&#8220; size=&#8220;xl&#8220; align=&#8220;center&#8220; css_animation=&#8220;bounceInLeft&#8220;][\/vc_column][vc_column width=&#8220;3\/4&#8243;][vc_column_text]<strong>Versand innerhalb der Schweiz<\/strong><\/p>\r\n\r\n<p>Die Produkte werden in der Schweiz innerhalb von 1 &#8211; 5 Arbeitstagen nach Zahlungseingang A-Post versendet. Nach M\u00f6glichkeiten versenden wir jeweils noch am selben Tag.<\/p>\r\n\r\n<p>Versand &amp; Verpackung innerhalb der Schweiz sind in unserem Shop stets kostenlos.<\/p>\r\n\r\n<p>Je nach Lagerbestand und Auftragsvolumen kann es zu Verz\u00f6gerungen kommen, herzlichen Dank f\u00fcr dein Verst\u00e4ndnis. Wir geben aber immer unser Bestes, damit du dein Produkt so schnell wie m\u00f6glich erh\u00e4ltst.<\/p>\r\n\r\n<p>Unseren Schmuck versenden wir kostenlos innerhalb der Schweiz.<\/p>\r\n<p>[\/vc_column_text][\/vc_column][\/vc_row]<\/p>","protected":false},"excerpt":{"rendered":"<p>[vc_row][vc_column width=&#8220;1\/4&#8243;][vc_icon icon_fontawesome=&#8220;fa fa-truck&#8220; color=&#8220;grey&#8220; size=&#8220;xl&#8220; align=&#8220;center&#8220; css_animation=&#8220;bounceInLeft&#8220;][\/vc_column][vc_column width=&#8220;3\/4&#8243;][vc_column_text]Versand innerhalb der Schweiz Die Produkte werden in der Schweiz innerhalb von<\/p>\n","protected":false},"author":2,"featured_media":0,"parent":0,"menu_order":0,"comment_status":"closed","ping_status":"closed","template":"","meta":{"footnotes":""},"yoast_head":"<!-- This site is optimized with the Yoast SEO plugin v21.4 - https:\/\/yoast.com\/wordpress\/plugins\/seo\/ -->\n<title>Versand - LittleCITY Online Shop<\/title>\n<meta name=\"robots\" content=\"index, follow, max-snippet:-1, max-image-preview:large, max-video-preview:-1\" \/>\n<link rel=\"canonical\" href=\"https:\/\/littlecity.ch\/shop\/versand\/\" \/>\n<meta property=\"og:locale\" content=\"de_DE\" \/>\n<meta property=\"og:type\" content=\"article\" \/>\n<meta property=\"og:title\" content=\"Versand - LittleCITY Online Shop\" \/>\n<meta property=\"og:description\" content=\"[vc_row][vc_column width=&#8220;1\/4&#8243;][vc_icon icon_fontawesome=&#8220;fa fa-truck&#8220; color=&#8220;grey&#8220; size=&#8220;xl&#8220; align=&#8220;center&#8220; css_animation=&#8220;bounceInLeft&#8220;][\/vc_column][vc_column width=&#8220;3\/4&#8243;][vc_column_text]Versand innerhalb der Schweiz Die Produkte werden in der Schweiz innerhalb von\" \/>\n<meta property=\"og:url\" content=\"https:\/\/littlecity.ch\/shop\/versand\/\" \/>\n<meta property=\"og:site_name\" content=\"LittleCITY Online Shop\" \/>\n<meta property=\"article:modified_time\" content=\"2023-01-24T17:48:55+00:00\" \/>\n<meta name=\"twitter:card\" content=\"summary_large_image\" \/>\n<meta name=\"twitter:label1\" content=\"Gesch\u00e4tzte Lesezeit\" \/>\n\t<meta name=\"twitter:data1\" content=\"1\u00a0Minute\" \/>\n<script type=\"application\/ld+json\" class=\"yoast-schema-graph\">{\"@context\":\"https:\/\/schema.org\",\"@graph\":[{\"@type\":\"WebPage\",\"@id\":\"https:\/\/littlecity.ch\/shop\/versand\/\",\"url\":\"https:\/\/littlecity.ch\/shop\/versand\/\",\"name\":\"Versand - LittleCITY Online Shop\",\"isPartOf\":{\"@id\":\"https:\/\/littlecity.ch\/shop\/#website\"},\"datePublished\":\"2018-12-13T21:51:35+00:00\",\"dateModified\":\"2023-01-24T17:48:55+00:00\",\"breadcrumb\":{\"@id\":\"https:\/\/littlecity.ch\/shop\/versand\/#breadcrumb\"},\"inLanguage\":\"de\",\"potentialAction\":[{\"@type\":\"ReadAction\",\"target\":[\"https:\/\/littlecity.ch\/shop\/versand\/\"]}]},{\"@type\":\"BreadcrumbList\",\"@id\":\"https:\/\/littlecity.ch\/shop\/versand\/#breadcrumb\",\"itemListElement\":[{\"@type\":\"ListItem\",\"position\":1,\"name\":\"Startseite\",\"item\":\"https:\/\/littlecity.ch\/shop\/\"},{\"@type\":\"ListItem\",\"position\":2,\"name\":\"Versand\"}]},{\"@type\":\"WebSite\",\"@id\":\"https:\/\/littlecity.ch\/shop\/#website\",\"url\":\"https:\/\/littlecity.ch\/shop\/\",\"name\":\"LittleCITY Online Shop\",\"description\":\"Shop f\u00fcr Reise Schmuck und Schweizer Uhren\",\"potentialAction\":[{\"@type\":\"SearchAction\",\"target\":{\"@type\":\"EntryPoint\",\"urlTemplate\":\"https:\/\/littlecity.ch\/shop\/?s={search_term_string}\"},\"query-input\":\"required name=search_term_string\"}],\"inLanguage\":\"de\"}]}<\/script>\n<!-- \/ Yoast SEO plugin. -->","yoast_head_json":{"title":"Versand - LittleCITY Online Shop","robots":{"index":"index","follow":"follow","max-snippet":"max-snippet:-1","max-image-preview":"max-image-preview:large","max-video-preview":"max-video-preview:-1"},"canonical":"https:\/\/littlecity.ch\/shop\/versand\/","og_locale":"de_DE","og_type":"article","og_title":"Versand - LittleCITY Online Shop","og_description":"[vc_row][vc_column width=&#8220;1\/4&#8243;][vc_icon icon_fontawesome=&#8220;fa fa-truck&#8220; color=&#8220;grey&#8220; size=&#8220;xl&#8220; align=&#8220;center&#8220; css_animation=&#8220;bounceInLeft&#8220;][\/vc_column][vc_column width=&#8220;3\/4&#8243;][vc_column_text]Versand innerhalb der Schweiz Die Produkte werden in der Schweiz innerhalb von","og_url":"https:\/\/littlecity.ch\/shop\/versand\/","og_site_name":"LittleCITY Online Shop","article_modified_time":"2023-01-24T17:48:55+00:00","twitter_card":"summary_large_image","twitter_misc":{"Gesch\u00e4tzte Lesezeit":"1\u00a0Minute"},"schema":{"@context":"https:\/\/schema.org","@graph":[{"@type":"WebPage","@id":"https:\/\/littlecity.ch\/shop\/versand\/","url":"https:\/\/littlecity.ch\/shop\/versand\/","name":"Versand - LittleCITY Online Shop","isPartOf":{"@id":"https:\/\/littlecity.ch\/shop\/#website"},"datePublished":"2018-12-13T21:51:35+00:00","dateModified":"2023-01-24T17:48:55+00:00","breadcrumb":{"@id":"https:\/\/littlecity.ch\/shop\/versand\/#breadcrumb"},"inLanguage":"de","potentialAction":[{"@type":"ReadAction","target":["https:\/\/littlecity.ch\/shop\/versand\/"]}]},{"@type":"BreadcrumbList","@id":"https:\/\/littlecity.ch\/shop\/versand\/#breadcrumb","itemListElement":[{"@type":"ListItem","position":1,"name":"Startseite","item":"https:\/\/littlecity.ch\/shop\/"},{"@type":"ListItem","position":2,"name":"Versand"}]},{"@type":"WebSite","@id":"https:\/\/littlecity.ch\/shop\/#website","url":"https:\/\/littlecity.ch\/shop\/","name":"LittleCITY Online Shop","description":"Shop f\u00fcr Reise Schmuck und Schweizer Uhren","potentialAction":[{"@type":"SearchAction","target":{"@type":"EntryPoint","urlTemplate":"https:\/\/littlecity.ch\/shop\/?s={search_term_string}"},"query-input":"required name=search_term_string"}],"inLanguage":"de"}]}},"_links":{"self":[{"href":"https:\/\/littlecity.ch\/shop\/wp-json\/wp\/v2\/pages\/1624"}],"collection":[{"href":"https:\/\/littlecity.ch\/shop\/wp-json\/wp\/v2\/pages"}],"about":[{"href":"https:\/\/littlecity.ch\/shop\/wp-json\/wp\/v2\/types\/page"}],"author":[{"embeddable":true,"href":"https:\/\/littlecity.ch\/shop\/wp-json\/wp\/v2\/users\/2"}],"replies":[{"embeddable":true,"href":"https:\/\/littlecity.ch\/shop\/wp-json\/wp\/v2\/comments?post=1624"}],"version-history":[{"count":17,"href":"https:\/\/littlecity.ch\/shop\/wp-json\/wp\/v2\/pages\/1624\/revisions"}],"predecessor-version":[{"id":3039,"href":"https:\/\/littlecity.ch\/shop\/wp-json\/wp\/v2\/pages\/1624\/revisions\/3039"}],"wp:attachment":[{"href":"https:\/\/littlecity.ch\/shop\/wp-json\/wp\/v2\/media?parent=1624"}],"curies":[{"name":"wp","href":"https:\/\/api.w.org\/{rel}","templated":true}]}}