{"id":1614,"date":"2018-12-13T21:44:40","date_gmt":"2018-12-13T21:44:40","guid":{"rendered":"https:\/\/littlecity.ch\/shop\/?page_id=1614"},"modified":"2019-01-28T20:40:21","modified_gmt":"2019-01-28T19:40:21","slug":"faq","status":"publish","type":"page","link":"https:\/\/littlecity.ch\/shop\/faq\/","title":{"rendered":"FAQ"},"content":{"rendered":"\r\n\r\n\r\n<p><strong>Woraus bestehen die Schmuckst\u00fccke?<\/strong><\/p>\r\n\r\n\r\n\r\n<p>Wir legen viel Wert auf sehr hohe Qualit\u00e4t und Langlebigkeit unserer Produkte. Unsere Schmuckst\u00fccke in Silber sind aus hochwertigem 925 Sterling Silver.<\/p>\r\n<p>Bei den Steinen setzen wir auf hochwertige, niemals gef\u00e4rbte Steine. Stein ist ein Naturprodukt, jedes Produkt mit Stein ist ein Unikat und kann sich in Struktur und Farbe leicht unterscheiden.<\/p>\r\n\r\n\r\n\r\n<p><strong>Warum arbeitet ihr mit dem T\u00fcrkis?<\/strong><\/p>\r\n\r\n\r\n\r\n<p>Da das Reisen unsere gr\u00f6sste Leidenschaft ist, wollten wir eine Schmuckkollektion f\u00fcr Reisef\u00fcdlis, abenteuerlustige und freiheitsliebende Personen, wie wir es auch sind, kreieren.<\/p>\r\n\r\n\r\n\r\n<p>Der T\u00fcrkis (Name des Steins) ist ein Schutzstein, welcher einem auf Reisen besch\u00fctz. Weitere Eigenschaften, welche dem T\u00fcrkis zugesprochen werden, sind u.a. der Schutz vor Gefahren, St\u00e4rkung des Selbstbewusstseins, Verbesserung der Kommunikationsf\u00e4higkeit und F\u00f6rderung des Durchsetzungsverm\u00f6gens.<\/p>\r\n\r\n\r\n\r\n<p>Diese passenden Eigenschaften in Kombination mit seiner sch\u00f6nen Farbe waren der Grund, uns bei unserer ersten Schmuck Kollektion f\u00fcr diesen Stein zu entscheiden. Zudem passt die Bedeutung des T\u00fcrkis gut zu unserem Flugzeug Anh\u00e4nger, welcher ein kleines Schweizerkreuz eingestanzt hat. Der Anh\u00e4nger symbolisiert neben Reisen, Freiheit und Abenteuer auch die Heimat, da f\u00fcr uns beides sehr wichtig ist.<\/p>\r\n\r\n\r\n\r\n<p>Wir arbeiten nur mit naturbelassenem T\u00fcrkis, welcher niemals gef\u00e4rbt ist, was leider im Modeschmuck Bereich oft vorkommt.<\/p>\r\n\r\n\r\n\r\n<p><strong>Warum heisst die Uhr Lifechanger?<\/strong><\/p>\r\n\r\n\r\n\r\n<p>Das Thema Wasser bzw. Zugang zu Wasser ist uns schon lange ein grosses Anliegen. Sauberes Wasser sollte ein Grundrecht f\u00fcr jeden Menschen sein. W\u00e4hrend sauberes Trinkwasser f\u00fcr uns selbstverst\u00e4ndlich ist, bedeutet dies in vielen L\u00e4ndern aber leider ein Kampf ums \u00dcberleben.<\/p>\r\n\r\n\r\n\r\n<p>Mit jeder verkauften <em>Lifechanger<\/em> Uhr wird einem Kind Zugang zu frischem Trinkwasser erm\u00f6glicht. Wir hoffen, das Leben einiger Menschen so wenigstens ein kleines bisschen verbessern zu k\u00f6nnen.<\/p>\r\n\r\n\r\n\r\n<p><strong>Wo genau spendet ihr?<\/strong><\/p>\r\n\r\n\r\n\r\n<p>Das Geld wird an die Schweizer Organisation <a href=\"http:\/\/waterkiosk.org\" target=\"_blank\" rel=\"noreferrer noopener\" aria-label=\"Das Geld wird an die Schweizer Organisation Waterkiosk Foundation gespendet, welche sich in Tanzania f\u00fcr sauberes Trinkwasser einsetzt. Mit 20 CHF erm\u00f6glichen sie es, dass ein Kind jeden Tag Zugang zu sauberem Trinkwasser hat. Pro verkaufte Uhr garantieren wir, dass 20 CHF an Waterkiosk gespendet werden.\r\n (opens in a new tab)\">Waterkiosk Foundation<\/a> gespendet, welche sich in Tanzania f\u00fcr sauberes Trinkwasser einsetzt. Mit 20 CHF erm\u00f6glichen sie es, dass ein Kind jeden Tag Zugang zu sauberem Trinkwasser hat. Pro verkaufte Uhr wird 20 CHF an Waterkiosk gespendet.<\/p>\r\n\r\n\r\n\r\n<p><strong>Habt ihr den Schmuck und die Uhr selbst designt?<\/strong><\/p>\r\n\r\n\r\n\r\n<p>Ja, s\u00e4mtliche Schmuckst\u00fccke wurden von uns designt. Der Schmuck entstand in Zusammenarbeit mit unserer Freundin Nadine. Zusammen haben wir alle 5 Produkte bis aufs letzte Detail w\u00e4hrend 5 Monaten entwickelt. Alle Armkettchen werden von Nadine in liebevoller Handarbeit und in kleiner St\u00fcckzahl in der Schweiz hergestellt und auf ihre Qualit\u00e4t \u00fcberpr\u00fcft.<\/p>\r\n\r\n\r\n\r\n<p>Auch die Uhr gibt es so nur bei LittleCITY zu kaufen und wurde von Adi designt. Adi tr\u00e4umte schon lange davon, eine eigene Uhr zu kreieren. Wenn, dann sollte es aber auf jeden Fall eine hochwertige Uhr sein, welche in der Schweiz hergestellt wird. Dieser Traum ging mit seinem ersten Modell <em>Lifechanger<\/em> nun in Erf\u00fcllung, welche 100% Swiss Made ist.<\/p>\r\n\r\n\r\n\r\n<p><strong>Was heisst eure Uhren sind limitiert?<\/strong><\/p>\r\n\r\n\r\n\r\n<p>Unsere Uhren sollten etwas ganz besonderes sein und so garantieren wir, dass nicht mehr als 50 St\u00fcck der Lifechanger Uhr produziert werden. Jede Uhr ist auf der R\u00fcckseite Nummeriert (siehe Produktbilder).<\/p>\r\n\r\n\r\n\r\n<p><strong>Wie kann ich dazu beitragen, dass mein Schmuck m\u00f6glichst lange sch\u00f6n bleibt?<\/strong><\/p>\r\n\r\n\r\n\r\n<p>Damit Schmuck lange sch\u00f6n bleibt, empfehlen wir, den Kontakt mit Parfum, Kosmetika und viel Wasser zu vermeiden. Am besten zieht man Schmuck beim Baden, Duschen oder beim Sport aus. Silberschmuck wird \u00fcber l\u00e4ngere Zeit am besten luftdicht oder in einem Schmucks\u00e4ckchen aufbewahrt, damit er weniger anl\u00e4uft. Das Silber kann mit dem mitgelieferten Silberputztuch poliert werden.<\/p>\r\n\r\n\r\n\r\n<p><strong>Kann man eure Produkte auch offline kaufen?<\/strong><\/p>\r\n\r\n\r\n\r\n<p>Ja, unsere Schmuck Kollektion sowie auch die Lifechanger Uhr k\u00f6nnen neben unserem Online Shop auch in verschiedenen Gesch\u00e4ften gekauft werden. In folgenden Shops findet ihr unsere Produkte:<\/p>\r\n<ul>\r\n<li><a href=\"https:\/\/www.pourtoujours.ch\/\" target=\"_blank\" rel=\"noreferrer noopener\" aria-label=\"Ja, die Flugzeug Schmuck Kollektion sowie auch die Lifechanger Uhr kann neben dem Online Shop auch im wundersch\u00f6nen Lifestyle Shop Pourtoujours an der Universit\u00e4tstrasse 9 in Z\u00fcrich angeschaut und gekauft werden. (opens in a new tab)\">Pourtoujours<\/a> in Z\u00fcrich: Wundersch\u00f6ner Lifestyle Shop an der Universit\u00e4tstrasse 9 in Z\u00fcrich \u00d6ffnungszeiten Pourtoujours: Dienstag bis Freitag von 10.30 bis 18.30 Uhr, Samstag von 10.00 bis 16.00 Uhr, Sonntag und Montag geschlossen.<\/li>\r\n<li><a href=\"https:\/\/www.hannas-waldhaus.ch\/\" target=\"_blank\" rel=\"noopener\">Hannas Waldhaus<\/a> in Flims: Wundersch\u00f6ner Shopbeim Waldhotel Flims an der Via dil Parc 3 in Flims. \u00d6ffnungszeiten: Samstag 14-18 Uhr &amp; Sonntag 10-14 Uhr.<\/li>\r\n<li><a href=\"https:\/\/twig-shop.ch\">Twig<\/a> in Affoltern am Albis: Toller Geschenke &amp; Accessoires Shop an der Alte Dorfstrasse 18 in Affoltern am Albis. \u00d6ffnungszeiten: Dienstag &#8211; Donnerstag\u00a0\u00a09:30 &#8211; 11:30, Freitag 9:30 &#8211; 11:30,\u00a0 14:30 &#8211; 17:30, Samstag 10:30- 13:30.<\/li>\r\n<\/ul>\r\n<p>&nbsp;<\/p>\r\n\r\n\r\n\r\n\r\n\r\n<p>&nbsp;<\/p>\r\n","protected":false},"excerpt":{"rendered":"<p>Woraus bestehen die Schmuckst\u00fccke? Wir legen viel Wert auf sehr hohe Qualit\u00e4t und Langlebigkeit unserer Produkte. Unsere Schmuckst\u00fccke in Silber<\/p>\n","protected":false},"author":2,"featured_media":0,"parent":0,"menu_order":0,"comment_status":"closed","ping_status":"closed","template":"","meta":{"footnotes":""},"yoast_head":"<!-- This site is optimized with the Yoast SEO plugin v21.4 - https:\/\/yoast.com\/wordpress\/plugins\/seo\/ -->\n<title>FAQ - LittleCITY Online Shop<\/title>\n<meta name=\"robots\" content=\"index, follow, max-snippet:-1, max-image-preview:large, max-video-preview:-1\" \/>\n<link rel=\"canonical\" href=\"https:\/\/littlecity.ch\/shop\/faq\/\" \/>\n<meta property=\"og:locale\" content=\"de_DE\" \/>\n<meta property=\"og:type\" content=\"article\" \/>\n<meta property=\"og:title\" content=\"FAQ - LittleCITY Online Shop\" \/>\n<meta property=\"og:description\" content=\"Woraus bestehen die Schmuckst\u00fccke? Wir legen viel Wert auf sehr hohe Qualit\u00e4t und Langlebigkeit unserer Produkte. Unsere Schmuckst\u00fccke in Silber\" \/>\n<meta property=\"og:url\" content=\"https:\/\/littlecity.ch\/shop\/faq\/\" \/>\n<meta property=\"og:site_name\" content=\"LittleCITY Online Shop\" \/>\n<meta property=\"article:modified_time\" content=\"2019-01-28T19:40:21+00:00\" \/>\n<meta name=\"twitter:card\" content=\"summary_large_image\" \/>\n<meta name=\"twitter:label1\" content=\"Gesch\u00e4tzte Lesezeit\" \/>\n\t<meta name=\"twitter:data1\" content=\"4\u00a0Minuten\" \/>\n<script type=\"application\/ld+json\" class=\"yoast-schema-graph\">{\"@context\":\"https:\/\/schema.org\",\"@graph\":[{\"@type\":\"WebPage\",\"@id\":\"https:\/\/littlecity.ch\/shop\/faq\/\",\"url\":\"https:\/\/littlecity.ch\/shop\/faq\/\",\"name\":\"FAQ - LittleCITY Online Shop\",\"isPartOf\":{\"@id\":\"https:\/\/littlecity.ch\/shop\/#website\"},\"datePublished\":\"2018-12-13T21:44:40+00:00\",\"dateModified\":\"2019-01-28T19:40:21+00:00\",\"breadcrumb\":{\"@id\":\"https:\/\/littlecity.ch\/shop\/faq\/#breadcrumb\"},\"inLanguage\":\"de\",\"potentialAction\":[{\"@type\":\"ReadAction\",\"target\":[\"https:\/\/littlecity.ch\/shop\/faq\/\"]}]},{\"@type\":\"BreadcrumbList\",\"@id\":\"https:\/\/littlecity.ch\/shop\/faq\/#breadcrumb\",\"itemListElement\":[{\"@type\":\"ListItem\",\"position\":1,\"name\":\"Startseite\",\"item\":\"https:\/\/littlecity.ch\/shop\/\"},{\"@type\":\"ListItem\",\"position\":2,\"name\":\"FAQ\"}]},{\"@type\":\"WebSite\",\"@id\":\"https:\/\/littlecity.ch\/shop\/#website\",\"url\":\"https:\/\/littlecity.ch\/shop\/\",\"name\":\"LittleCITY Online Shop\",\"description\":\"Shop f\u00fcr Reise Schmuck und Schweizer Uhren\",\"potentialAction\":[{\"@type\":\"SearchAction\",\"target\":{\"@type\":\"EntryPoint\",\"urlTemplate\":\"https:\/\/littlecity.ch\/shop\/?s={search_term_string}\"},\"query-input\":\"required name=search_term_string\"}],\"inLanguage\":\"de\"}]}<\/script>\n<!-- \/ Yoast SEO plugin. -->","yoast_head_json":{"title":"FAQ - LittleCITY Online Shop","robots":{"index":"index","follow":"follow","max-snippet":"max-snippet:-1","max-image-preview":"max-image-preview:large","max-video-preview":"max-video-preview:-1"},"canonical":"https:\/\/littlecity.ch\/shop\/faq\/","og_locale":"de_DE","og_type":"article","og_title":"FAQ - LittleCITY Online Shop","og_description":"Woraus bestehen die Schmuckst\u00fccke? Wir legen viel Wert auf sehr hohe Qualit\u00e4t und Langlebigkeit unserer Produkte. Unsere Schmuckst\u00fccke in Silber","og_url":"https:\/\/littlecity.ch\/shop\/faq\/","og_site_name":"LittleCITY Online Shop","article_modified_time":"2019-01-28T19:40:21+00:00","twitter_card":"summary_large_image","twitter_misc":{"Gesch\u00e4tzte Lesezeit":"4\u00a0Minuten"},"schema":{"@context":"https:\/\/schema.org","@graph":[{"@type":"WebPage","@id":"https:\/\/littlecity.ch\/shop\/faq\/","url":"https:\/\/littlecity.ch\/shop\/faq\/","name":"FAQ - LittleCITY Online Shop","isPartOf":{"@id":"https:\/\/littlecity.ch\/shop\/#website"},"datePublished":"2018-12-13T21:44:40+00:00","dateModified":"2019-01-28T19:40:21+00:00","breadcrumb":{"@id":"https:\/\/littlecity.ch\/shop\/faq\/#breadcrumb"},"inLanguage":"de","potentialAction":[{"@type":"ReadAction","target":["https:\/\/littlecity.ch\/shop\/faq\/"]}]},{"@type":"BreadcrumbList","@id":"https:\/\/littlecity.ch\/shop\/faq\/#breadcrumb","itemListElement":[{"@type":"ListItem","position":1,"name":"Startseite","item":"https:\/\/littlecity.ch\/shop\/"},{"@type":"ListItem","position":2,"name":"FAQ"}]},{"@type":"WebSite","@id":"https:\/\/littlecity.ch\/shop\/#website","url":"https:\/\/littlecity.ch\/shop\/","name":"LittleCITY Online Shop","description":"Shop f\u00fcr Reise Schmuck und Schweizer Uhren","potentialAction":[{"@type":"SearchAction","target":{"@type":"EntryPoint","urlTemplate":"https:\/\/littlecity.ch\/shop\/?s={search_term_string}"},"query-input":"required name=search_term_string"}],"inLanguage":"de"}]}},"_links":{"self":[{"href":"https:\/\/littlecity.ch\/shop\/wp-json\/wp\/v2\/pages\/1614"}],"collection":[{"href":"https:\/\/littlecity.ch\/shop\/wp-json\/wp\/v2\/pages"}],"about":[{"href":"https:\/\/littlecity.ch\/shop\/wp-json\/wp\/v2\/types\/page"}],"author":[{"embeddable":true,"href":"https:\/\/littlecity.ch\/shop\/wp-json\/wp\/v2\/users\/2"}],"replies":[{"embeddable":true,"href":"https:\/\/littlecity.ch\/shop\/wp-json\/wp\/v2\/comments?post=1614"}],"version-history":[{"count":20,"href":"https:\/\/littlecity.ch\/shop\/wp-json\/wp\/v2\/pages\/1614\/revisions"}],"predecessor-version":[{"id":1977,"href":"https:\/\/littlecity.ch\/shop\/wp-json\/wp\/v2\/pages\/1614\/revisions\/1977"}],"wp:attachment":[{"href":"https:\/\/littlecity.ch\/shop\/wp-json\/wp\/v2\/media?parent=1614"}],"curies":[{"name":"wp","href":"https:\/\/api.w.org\/{rel}","templated":true}]}}